{"id":4629,"date":"2014-10-06T01:29:20","date_gmt":"2014-10-06T04:29:20","guid":{"rendered":"http:\/\/sexysiempre.com\/web\/?p=4629"},"modified":"2014-10-09T07:42:00","modified_gmt":"2014-10-09T10:42:00","slug":"a-vos-cuales-te-gustan","status":"publish","type":"product","link":"https:\/\/sexysiempre.com\/web\/producto\/a-vos-cuales-te-gustan","title":{"rendered":"A vos&#8230;.cu\u00e1les te gustan??"},"content":{"rendered":"<p>Los mejores juguetes para adultos, accesorios y productos de SEXSHOP&#8230;AQU\u00cd LOS ENCONTR\u00c1S!!<\/p>\n<p style=\"text-align: justify;\">Variedad en texturas, dise\u00f1os, materiales, tama\u00f1os y funciones.<\/p>\n<p style=\"text-align: justify;\">Juguetes de Alta Gama: Rotadores y Vibradores. Anillos vibradores simples, dobles, triples. Erectores y Estimuladores masculinos. Bolas chinas para todos los gustos y necesidades: livianas, medianas, pesadas, de \u00a0silicona, metal, vidrio, texturadas, lisas y gomosas. Estimuladores femeninos para Punto G y Cl\u00edtoris. Dilatadores simples y complejos. Esposas, l\u00e1tigos, palmetas, inmobilizadores en seda, metal, vinilo con strass y muchas cosas m\u00e1s!!<\/p>\n<p style=\"text-align: justify;\">ANIMATE&#8230;TE VAS A SORPRENDER<\/p>\n<p>&nbsp;<\/p>\n","protected":false},"excerpt":{"rendered":"<p>Los mejores juguetes para adultos, accesorios y productos de SEXSHOP&#8230;AQU\u00cd LOS ENCONTR\u00c1S!! Variedad en texturas, dise\u00f1os, materiales, tama\u00f1os y funciones. Juguetes de Alta Gama: Rotadores y Vibradores. Anillos vibradores simples, dobles, triples. Erectores y Estimuladores masculinos. Bolas chinas para todos los gustos y necesidades: livianas, medianas, pesadas, de \u00a0silicona, metal, vidrio, texturadas, lisas y gomosas. [&hellip;]<\/p>\n","protected":false},"featured_media":4675,"template":"","meta":[],"product_brand":[],"product_cat":[],"product_tag":[155,147,150,146],"class_list":{"0":"post-4629","1":"product","2":"type-product","3":"status-publish","4":"has-post-thumbnail","6":"product_tag-juguetes-para-adultos","7":"product_tag-rio-grande","8":"product_tag-sexshop-ushuaia","9":"product_tag-tierra-del-fuego","11":"first","12":"instock","13":"shipping-taxable","14":"product-type-simple"},"_links":{"self":[{"href":"https:\/\/sexysiempre.com\/web\/wp-json\/wp\/v2\/product\/4629","targetHints":{"allow":["GET"]}}],"collection":[{"href":"https:\/\/sexysiempre.com\/web\/wp-json\/wp\/v2\/product"}],"about":[{"href":"https:\/\/sexysiempre.com\/web\/wp-json\/wp\/v2\/types\/product"}],"wp:featuredmedia":[{"embeddable":true,"href":"https:\/\/sexysiempre.com\/web\/wp-json\/wp\/v2\/media\/4675"}],"wp:attachment":[{"href":"https:\/\/sexysiempre.com\/web\/wp-json\/wp\/v2\/media?parent=4629"}],"wp:term":[{"taxonomy":"product_brand","embeddable":true,"href":"https:\/\/sexysiempre.com\/web\/wp-json\/wp\/v2\/product_brand?post=4629"},{"taxonomy":"product_cat","embeddable":true,"href":"https:\/\/sexysiempre.com\/web\/wp-json\/wp\/v2\/product_cat?post=4629"},{"taxonomy":"product_tag","embeddable":true,"href":"https:\/\/sexysiempre.com\/web\/wp-json\/wp\/v2\/product_tag?post=4629"}],"curies":[{"name":"wp","href":"https:\/\/api.w.org\/{rel}","templated":true}]}}