{"id":4777,"date":"2014-11-19T21:07:16","date_gmt":"2014-11-20T00:07:16","guid":{"rendered":"http:\/\/sexysiempre.com\/web\/?p=4777"},"modified":"2014-11-19T21:07:16","modified_gmt":"2014-11-20T00:07:16","slug":"enamorados-despues-del-matrimonio","status":"publish","type":"product","link":"https:\/\/sexysiempre.com\/web\/producto\/enamorados-despues-del-matrimonio","title":{"rendered":"Enamorados despu\u00e9s del Matrimonio"},"content":{"rendered":"<p style=\"text-align: justify;\">\u00bfExiste el amor y el deseo despu\u00e9s del matrimonio? Qu\u00e9 pregunta tan dif\u00edcil! Algunos autores, no sin humor e iron\u00eda, han dado respuestas a su manera, en frases que nos causan tanto risa, como desesperanza.<br \/>\nVemos algunas:<br \/>\n<em>\u201cAlgunos matrimonios acaban bien, otros duran toda la vida.\u201d<\/em> (Woody Allen. Escritor y director estadounidense)<br \/>\n<em>\u201cEl matrimonio es la principal causa del divorcio.\u201d<\/em> (Groucho Marx. Humorista estadounidense)<br \/>\n<em>\u201cUno deber\u00eda estar siempre enamorado. Por eso jam\u00e1s deber\u00edamos casarnos.\u201d <\/em>(Oscar Wilde. Escritor ingl\u00e9s).<br \/>\nYa sea que estemos casados o en un prolongado y comprometido noviazgo, el desenamoramiento es siempre una amenaza latente. \u00bfPor qu\u00e9 ocurre eso? \u00bfQu\u00e9 nos sucede?<br \/>\nAlgunos encuentran la respuesta en la qu\u00edmica cerebral: durante el enamoramiento se segregan unas hormonas, que nos llevan a sentirnos totalmente encantados con el otro. Cuando dejan de segregarse al cabo de unos a\u00f1os, se termina \u201cel encanto\u201d. \u00bfPero es as\u00ed? \u00bfPodemos atribuir el desamor s\u00f3lo a causas qu\u00edmicas?<\/p>\n<p style=\"text-align: justify;\">Estamos seguros de que hay m\u00e1s que eso\u2026 Y es una suerte!!!<strong> Porque el amor no est\u00e1 irremediablemente condenado al fracaso, porque la mayor parte depende de nosotros\u2026 <\/strong>El desenamoramiento no es algo que simplemente sucede y sobre lo cual nada podemos hacer.<br \/>\nPara entender c\u00f3mo podemos evitar que el matrimonio o un largo noviazgo se conviertan en la tumba del amor, tratemos de pensar qu\u00e9 nos lleva a desenamorarnos de aqu\u00e9lla persona que, una vez, hace ya muuuuucho tiempo, nos hac\u00eda temblar de solo escuchar su nombre.<br \/>\n<strong>1. Damos al otro por sentado: <\/strong>es bastante usual que despu\u00e9s de casarnos, demos al otro por \u201csentado\u201d, como \u201calgo seguro\u201d. Sensaci\u00f3n que suele hacerse m\u00e1s intensa cuando tenemos hijos. Firmamos un documento que sentencia que a partir de esta fecha \u201cme perteneces\u201d; ahora que somos padres \u201ctienes que estar conmigo por ellos\u201d. Con toda honestidad: \u00bfQu\u00e9 sentimiento amoroso puede crecer dentro de la obligaci\u00f3n y la falta de libertad?<br \/>\nSi vemos al matrimonio como instituci\u00f3n, entonces podemos \u201cobligar\u201d al otro a que se mantenga dentro de \u00e9l. De hecho, hay leyes que lo respaldan. Pero no hay ninguna ley que nos \u201cobligue\u201d a amar al otro; y por supuesto, que obligue a nuestra pareja a que nos ame.<br \/>\nDebemos comprender que el matrimonio es s\u00f3lo el comienzo de una etapa en la vida de los enamorados: NUNCA DEBE SER EL OBJETIVO EN S\u00cd MISMO, porque entonces, una vez alcanzado, tambi\u00e9n es su FINAL.<br \/>\n<strong>2. Nos acomodamos en la seguridad: <\/strong>Nos casamos\u2026 Hora de sacarnos los tacones y ponernos las chancletas\u2026 \u00a1Qu\u00e9 alivio!<br \/>\nPero atenci\u00f3n! no s\u00f3lo las mujeres nos ponemos c\u00f3modas\u2026 ellos tambi\u00e9n\u2026 Y si bien la comodidad se siente bien, \u201cc\u00f3moda\u201d de hecho, nadie va a un baile en chancletas porque as\u00ed los pies no me duelen\u2026 La comodidad es de \u201centrecasa\u201d no para ir a la fiesta. Y estar enamorados es una Fiesta!<br \/>\nOsho, el famos\u00edsimo gur\u00fa indio, al respecto dice: \u201cCreemos que el matrimonio es suficiente Nos esforzamos en mantener la instituci\u00f3n: pero \u00bfqu\u00e9 hay de esforzarnos en mantener el amor? Los amantes crecen porque tienen que enfrentar desaf\u00edos a cada momento, y no hay seguridad. Tienen que recrear continuamente el amor. Con seguridad no tenemos la necesidad de crear nada\u2026\u201d<br \/>\nY cuando No Creamos Nada, caemos en la rutina, el otro se vuelve aburrido, nosotras nos volvemos \u201caburridas\u201d. Y el aburrimiento poco tiene que ver con el enamoramiento\u2026<\/p>\n<p style=\"text-align: justify;\"><strong>3. Dejamos de sorprendernos: <\/strong>Hab\u00eda una vez en que las cosas que hac\u00eda y dec\u00eda nuestra pareja nos llenaban de admiraci\u00f3n. \u00bfSe acuerdan de ese cuentito? Luego lo convertimos en \u201cnuestro esposo o esposa\u201d. Y desde el mismo momento en que definimos al otro como \u201cmi esposo\u201d lo despojamos de TODOS sus otros encantos y roles que tiene en la vida. Asumimos que sobre el otro ya lo sabemos todo, lo volvemos predecible y juramos que ya sabemos c\u00f3mo es y c\u00f3mo va a reaccionar. Y eso es completamente Falso!!!<br \/>\nOsho al respecto nos dice: \u201cPara que el matrimonio funcione, hay que olvidar que uno est\u00e1 casado. T\u00fa no est\u00e1s con esa persona porque est\u00e1s casada, est\u00e1s con esa persona porque lo amas. No hay sentido de obligaci\u00f3n, no hay una ley, castigos\u2026 Cada persona es un misterio infinito. Cuando se desarrolla el amor, el otro no puede ser reducido a algo \u201cconocido\u201d. Cuanto m\u00e1s conoces a una persona, m\u00e1s humilde eres, sabes que hay un mar profundo que no has descubierto\u201d.<br \/>\nAs\u00ed que sigamos descubriendo al otro. Y recordemos que tambi\u00e9n nosotras somos dignas de ser descubiertas\u2026 Para ello, sigamos teniendo proyectos, entusiasm\u00e1ndonos con el mundo que nos rodea, abramos nuestros horizontes\u2026 Volv\u00e1monos interesantes, pero primero seamos INTERESANTES PARA NOSOTRAS MISMAS! No basta con ser \u201cla esposa de\u2026\u201d. Es seguro que si nosotras mantenemos el inter\u00e9s por nosotras mismas, \u00e9l tambi\u00e9n lo sentir\u00e1!<br \/>\n<strong>4. Somos el rostro de \u201clas malas noticias\u201d: <\/strong>sucede casi inconscientemente, pero nos convertirnos en el rostro de las malas noticias. \u201cLa ni\u00f1a tuvo un problema en el colegio\u2026 hay que arreglar la humedad de la pared\u2026 no me alcanz\u00f3 el dinero para\u2026\u201d. Si cada vez que abrimos la boca es para decir algo negativo, \u00e9l nos va a asociar con lo negativo. Lo mismo nos ocurre a nosotras, si cada vez que \u00e9l llega del trabajo, viene con los sempiternos problemas de oficina.<br \/>\n\u00bfQui\u00e9n se enamora de los problemas? Nadie: Ni t\u00fa, ni \u00e9l. No estamos diciendo que no podemos hablar de estos temas, pero s\u00ed decimos que no deber\u00edan ser los \u00fanicos!!! \u00bfO es que acaso no tenemos m\u00e1s noticias buenas que dar? Seguro que s\u00ed!<br \/>\n<strong>5. Nos volvemos \u201ccaras\u201d: <\/strong>esto le sucede a muchas mujeres: asumimos que lo valemos y que por eso deben darnos, darnos y darnos\u2026 Cu\u00e1nto estr\u00e9s, cu\u00e1nta obligaci\u00f3n, cu\u00e1nta demanda!!! Viajes, mejores autos, m\u00e1s ropa\u2026 \u00bfQu\u00e9 hombre puede seguir enamorado de una mujer que s\u00f3lo demanda y para quien nada es suficiente? Llegar\u00e1 el momento en que \u00e9l no podr\u00e1 m\u00e1s\u2026 se cansar\u00e1\u2026 se enojar\u00e1. Quiz\u00e1s se pregunte por qu\u00e9 tiene que pagar un precio tan alto. Recordemos que lo caro es caro porque est\u00e1 sobredimensionado en su Valor, no porque lo valga.<br \/>\nTal vez, en estas condiciones nuestro matrimonio contin\u00fae hasta que la \u201cmuerte nos separe\u201d. Pero lo que s\u00ed es seguro, es que al amor lo hemos enterrado hace ya muuuchos a\u00f1os!<br \/>\n<strong>6. Nos hacen sentir poco deseables: <\/strong>as\u00ed como nosotras nos volvemos \u201ccaras\u201d, ellos pretenden que nos congelemos en el Tiempo! Algunos realizan continuas bromas sobre nuestra edad, compar\u00e1ndonos con otras mujeres m\u00e1s j\u00f3venes, de cuerpos esculturales. Algunos hacen bromas\u2026 otros, se valen de comentarios m\u00e1s directos y crueles.<br \/>\n\u00bfPodemos realmente amar a quien nos hace sentir miserables? De ninguna manera!!! Tal vez, nos aferremos a \u00e9l por una especie de reto, nos deshidrataremos en alg\u00fan gimnasio y nos sometamos a dolorosas cirug\u00edas\u2026 Pero nada de eso viene del amor, sino del miedo a perder o por un problema de auto-estima.<br \/>\n<strong>7. Cobramos retroactivo:<\/strong> \u201cSi no me hubiera casado, hoy ser\u00eda\u2026 hoy tendr\u00eda\u2026 hubiera hecho\u2026\u201d. Cada quien puede completar los puntos suspensivos. Es bastante usual que de nuestros fracasos o sue\u00f1os no cumplidos, responsabilicemos a nuestros matrimonios.<br \/>\nEl amor no crece cuando existe este tipo de reclamos. Por el contrario, es la f\u00f3rmula perfecta para aniquilarlo. En lugar de pensar en lo que \u201cdejamos de hacer\u201d, y de responsabilizar a \u201cotros\u201d, \u00bfno es mejor acaso, retomar aquello que deseamos hacer? Tal vez, ya no podamos hacer exactamente lo mismo, como convertirnos en campeonas de nataci\u00f3n, pero nada nos impide volver a nadar, a pintar o estudiar. Los cobros retroactivos no ayudan a la pareja y mucho menos, a nosotras mismas! Vuelvan a entusiasmarse con sus antiguos proyectos. No s\u00f3lo ustedes estar\u00e1n mejor, ver\u00e1n que ese entusiasmo tambi\u00e9n los contagiar\u00e1 a ellos!<br \/>\n<strong>8. Nos volvemos incompatibles:<\/strong> Piensen en qui\u00e9nes eran ustedes cuando se casaron. Probablemente han cambiado mucho, verdad? Hoy tenemos otros intereses, gustos y tal vez, hasta diferentes ideales. Bueno, a nuestra pareja le sucedi\u00f3 lo mismo. Y si cada quien tom\u00f3 diferentes direcciones, es posible que hoy descubramos que no somos tan compatibles. El secreto aqu\u00ed reside en buscar qu\u00e9 nos une, en buscar qu\u00e9 nos acerca, no lo que nos separa.<br \/>\n<strong>9. Nos convertimos en \u201cparientes\u201d:<\/strong> s\u00ed, dejamos de ser \u201camantes\u201d, dos personas que se entusiasman el uno por el otro, para convertirnos en \u201cparientes\u201d, como si nuestro matrimonio fuese una imposici\u00f3n del destino. As\u00ed como nos toc\u00f3 tal hermano, padre, t\u00edo, sobrino; pues nos toc\u00f3 \u201ceste esposo\u201d. Somos parientes, pero no pareja. Y entre parientes no hay sexo, deseo ni pasi\u00f3n!<br \/>\n<strong>10. Dejamos de admirarnos: <\/strong>uno de los mayores motores del amor, es la admiraci\u00f3n. Cuando nos sentimos c\u00f3modos, perdemos el inter\u00e9s en seguir \u201cimpresionando\u201d al otro. Y esto es una bola de nieve\u2026 porque nuestra falta de admiraci\u00f3n, desmotiva al otro. Conclusi\u00f3n: ambos nos aburrimos uno del otro.<br \/>\nLa mejor forma de motivar la admiraci\u00f3n en el otro, obviamente es que primero nos admiremos a nosotras mismas. Para eso es vital que salgamos de la comodidad (taaan c\u00f3moda pero taaan sofocante), y nos enfoquemos en nuevos retos, para que sigamos entusiasm\u00e1ndonos con la vida, que nutramos nuestros esp\u00edritus. Y como venimos diciendo: ese entusiasmo es bueno para nosotras y contagioso para ellos!<\/p>\n<p style=\"text-align: justify;\">Fuente:www.universoalessandra.com<\/p>\n","protected":false},"excerpt":{"rendered":"<p>\u00bfExiste el amor y el deseo despu\u00e9s del matrimonio? Qu\u00e9 pregunta tan dif\u00edcil! Algunos autores, no sin humor e iron\u00eda, han dado respuestas a su manera, en frases que nos causan tanto risa, como desesperanza. Vemos algunas: \u201cAlgunos matrimonios acaban bien, otros duran toda la vida.\u201d (Woody Allen. Escritor y director estadounidense) \u201cEl matrimonio es [&hellip;]<\/p>\n","protected":false},"featured_media":4778,"template":"","meta":[],"product_brand":[],"product_cat":[],"product_tag":[240,285,177,146],"class_list":{"0":"post-4777","1":"product","2":"type-product","3":"status-publish","4":"has-post-thumbnail","6":"product_tag-placer","7":"product_tag-sexshop-ushuaia-rio-grande","8":"product_tag-sexualidad","9":"product_tag-tierra-del-fuego","11":"first","12":"instock","13":"shipping-taxable","14":"product-type-simple"},"_links":{"self":[{"href":"https:\/\/sexysiempre.com\/web\/wp-json\/wp\/v2\/product\/4777","targetHints":{"allow":["GET"]}}],"collection":[{"href":"https:\/\/sexysiempre.com\/web\/wp-json\/wp\/v2\/product"}],"about":[{"href":"https:\/\/sexysiempre.com\/web\/wp-json\/wp\/v2\/types\/product"}],"wp:featuredmedia":[{"embeddable":true,"href":"https:\/\/sexysiempre.com\/web\/wp-json\/wp\/v2\/media\/4778"}],"wp:attachment":[{"href":"https:\/\/sexysiempre.com\/web\/wp-json\/wp\/v2\/media?parent=4777"}],"wp:term":[{"taxonomy":"product_brand","embeddable":true,"href":"https:\/\/sexysiempre.com\/web\/wp-json\/wp\/v2\/product_brand?post=4777"},{"taxonomy":"product_cat","embeddable":true,"href":"https:\/\/sexysiempre.com\/web\/wp-json\/wp\/v2\/product_cat?post=4777"},{"taxonomy":"product_tag","embeddable":true,"href":"https:\/\/sexysiempre.com\/web\/wp-json\/wp\/v2\/product_tag?post=4777"}],"curies":[{"name":"wp","href":"https:\/\/api.w.org\/{rel}","templated":true}]}}