{"id":5230,"date":"2015-09-06T18:44:45","date_gmt":"2015-09-06T21:44:45","guid":{"rendered":"http:\/\/sexysiempre.com\/web\/?p=5230"},"modified":"2015-09-06T18:44:45","modified_gmt":"2015-09-06T21:44:45","slug":"los-riesgos-sexuales-de-una-relacion-abusiva","status":"publish","type":"product","link":"https:\/\/sexysiempre.com\/web\/producto\/los-riesgos-sexuales-de-una-relacion-abusiva","title":{"rendered":"Los riesgos sexuales de una relaci\u00f3n abusiva"},"content":{"rendered":"<p><strong>Las mujeres que permanecen en relaciones abusivas est\u00e1n expuestas a muchos riesgos f\u00edsicos y emocionales. Y eso es algo que muchas mujeres, lamentablemente, conocen de cerca.<\/strong><\/p>\n<p style=\"text-align: justify;\">Ahora un nuevo estudio refleja <strong>c\u00f3mo este tipo de relaciones afecta particularmente su salud sexual<\/strong>y c\u00f3mo tanto su pareja como ella quedan expuestos a enfermedades y riesgos sexuales en niveles mucho m\u00e1s altos que en relaciones no abusivas.<\/p>\n<p style=\"text-align: justify;\">El estudio, publicado este verano en la\u00a0Revista<a href=\"http:\/\/www.sexscience.org\/journal_of_sex_research\/\" target=\"_blank\">\u00a0de Investigaci\u00f3n Sexual<\/a> (<em>Journal of Sex Research<\/em>), asegura que los riesgos aumentan en forma proporcional al abuso. <strong>Cuanto m\u00e1s abusivo es el hombre, a m\u00e1s riesgos sexuales est\u00e1 expuesta la mujer.<\/strong><\/p>\n<p style=\"text-align: justify;\">El comportamiento de control fue descrito como aquel que \u201c<strong>puede, a veces, existir fuera del uso de t\u00e1cticas f\u00edsicas o sexuales para establecer intencionalmente dominio y poder sobre su compa\u00f1era\u201d.<\/strong><\/p>\n<p style=\"text-align: justify;\">La investigaci\u00f3n se hizo con unos 300 hombres de 18 a 25 a\u00f1os. Cada uno de ellos complet\u00f3 una encuesta sobre conductas sexuales de riesgo y comportamientos relacionados con la violencia.<\/p>\n<p style=\"text-align: justify;\">Tras el an\u00e1lisis de sus respuestas y afirmaciones, el estudio concluy\u00f3 que l<a href=\"http:\/\/siempremujer.com\/amor\/dormir-con-el-enemigo-relaciones-abusivas-parte-2\/63326\/\">os hombres controladores y abusivos<\/a> son m\u00e1s propensos a transmitir enfermedades sexuales a sus parejas.<\/p>\n<p style=\"text-align: justify;\">El estudio descubri\u00f3 un alto nivel de conductas abusivas. Cerca del 37 por ciento de los participantes en\u00a0la investigaci\u00f3n report\u00f3 usar conductas agresivas hacia sus parejas, y un 29 por ciento admiti\u00f3 que usa el sexo como coerci\u00f3n.<\/p>\n<p style=\"text-align: justify;\">Seg\u00fan los investigadores, los hombres con ese tipo de conducta suelen usar protecci\u00f3n durante el acto sexual <strong>en forma menos frecuente<\/strong> y no tienen una relaci\u00f3n mon\u00f3gama; es decir, no son fieles, tienden a acostarse con varias personas y no se cuidan, lo que facilita que la mujer est\u00e9 permanentemente expuesta al riesgo de contagio de enfermedades de transmisi\u00f3n sexual.<\/p>\n<p style=\"text-align: justify;\">El estudio fue hecho con el fin de entender un poco mejor la conexi\u00f3n entre la violencia en relaciones heterosexuales, que afecta a mujeres en forma desproporcionada, y los riesgos sexuales en este tipo de relaciones, considerando que el sexo sigue siendo la primera forma de transmisi\u00f3n de VIH en las mujeres.<\/p>\n<p style=\"text-align: justify;\">Erin Casey, profesora asociada de la <a href=\"http:\/\/www.tacoma.uw.edu\/\" target=\"_blank\">Universidad de Tacoma, en Washington <\/a>y l\u00edder de la investigaci\u00f3n, remarc\u00f3 la importancia de estos estudios, ya que generalmente se tienden a estudiar los riesgos sexuales de las mujeres basados en sus conductas y no en las de los hombres.<\/p>\n<p style=\"text-align: justify;\">Los investigadores esperan ahora que este estudio sea tambi\u00e9n un empuje para que se profundice m\u00e1s aun en el estudio de los riesgos sexuales de las mujeres, seg\u00fan la forma de relacionarse con sus parejas y el efecto de los abusadores en la salud sexual femenina.<\/p>\n<p style=\"text-align: justify;\">Por: Lula Mor<\/p>\n<p style=\"text-align: justify;\">Fuente: www.siempremujer.com<\/p>\n<p style=\"text-align: justify;\">\n<p style=\"text-align: justify;\">\n","protected":false},"excerpt":{"rendered":"<p>Las mujeres que permanecen en relaciones abusivas est\u00e1n expuestas a muchos riesgos f\u00edsicos y emocionales. Y eso es algo que muchas mujeres, lamentablemente, conocen de cerca. Ahora un nuevo estudio refleja c\u00f3mo este tipo de relaciones afecta particularmente su salud sexualy c\u00f3mo tanto su pareja como ella quedan expuestos a enfermedades y riesgos sexuales en [&hellip;]<\/p>\n","protected":false},"featured_media":5231,"template":"","meta":[],"product_brand":[],"product_cat":[],"product_tag":[147,150,177,146],"class_list":{"0":"post-5230","1":"product","2":"type-product","3":"status-publish","4":"has-post-thumbnail","6":"product_tag-rio-grande","7":"product_tag-sexshop-ushuaia","8":"product_tag-sexualidad","9":"product_tag-tierra-del-fuego","11":"first","12":"instock","13":"shipping-taxable","14":"product-type-simple"},"_links":{"self":[{"href":"https:\/\/sexysiempre.com\/web\/wp-json\/wp\/v2\/product\/5230","targetHints":{"allow":["GET"]}}],"collection":[{"href":"https:\/\/sexysiempre.com\/web\/wp-json\/wp\/v2\/product"}],"about":[{"href":"https:\/\/sexysiempre.com\/web\/wp-json\/wp\/v2\/types\/product"}],"wp:featuredmedia":[{"embeddable":true,"href":"https:\/\/sexysiempre.com\/web\/wp-json\/wp\/v2\/media\/5231"}],"wp:attachment":[{"href":"https:\/\/sexysiempre.com\/web\/wp-json\/wp\/v2\/media?parent=5230"}],"wp:term":[{"taxonomy":"product_brand","embeddable":true,"href":"https:\/\/sexysiempre.com\/web\/wp-json\/wp\/v2\/product_brand?post=5230"},{"taxonomy":"product_cat","embeddable":true,"href":"https:\/\/sexysiempre.com\/web\/wp-json\/wp\/v2\/product_cat?post=5230"},{"taxonomy":"product_tag","embeddable":true,"href":"https:\/\/sexysiempre.com\/web\/wp-json\/wp\/v2\/product_tag?post=5230"}],"curies":[{"name":"wp","href":"https:\/\/api.w.org\/{rel}","templated":true}]}}