{"id":5240,"date":"2015-09-25T20:50:55","date_gmt":"2015-09-25T23:50:55","guid":{"rendered":"http:\/\/sexysiempre.com\/web\/?p=5240"},"modified":"2015-09-25T20:50:55","modified_gmt":"2015-09-25T23:50:55","slug":"pansexualidad-cuando-el-deseo-no-distingue-sexo-ni-genero","status":"publish","type":"product","link":"https:\/\/sexysiempre.com\/web\/producto\/pansexualidad-cuando-el-deseo-no-distingue-sexo-ni-genero","title":{"rendered":"Pansexualidad: cuando el deseo no distingue sexo ni g\u00e9nero"},"content":{"rendered":"<p style=\"text-align: justify;\">Hace unos d\u00edas atr\u00e1s la cantante norteamericana Miley Cyrus hizo declaraciones en la revista brit\u00e1nica Elle acerca de su orientaci\u00f3n sexual. No es lesbiana, tampoco heterosexual. Se podr\u00eda enamorar tanto de una mujer (cismujer) como de un hombre trans, como de una mujer trans como de una persona intersexual. Posibilidades que no excluyen nada y fluyen libres como el deseo. Pero, \u00bfqu\u00e9 es la pansexualidad?<\/p>\n<p class=\"first-paragraph\" style=\"text-align: justify;\">En la variedad est\u00e1 el gusto\u201d, afirma el dicho popular y nunca m\u00e1s acertado en estos tiempos de diversidad y apertura a una multiplicidad de variantes amorosas y sexuales. La diferencia sexo\/g\u00e9nero poco a poco se instala en el conocimiento general e interroga y cuestiona la cl\u00e1sica dupla: var\u00f3n-mujer \/ masculino-femenino. Se habla de cisg\u00e9nero, <a href=\"http:\/\/entremujeres.clarin.com\/pareja-y-sexo\/hombres\/hombre-mujer-sexo-fantasias-columnista-vestirse-disfrazarse-transformista-drag_queen-crossdressing_0_1334868925.html\" target=\"_blank\">transg\u00e9nero<\/a>, <a href=\"http:\/\/entremujeres.clarin.com\/pareja-y-sexo\/hombres\/travestis-transexuales-infidelidad-oferta_sexual-columinista-hombres-deseo-sexo_0_1334867254.html\" target=\"_blank\">transexuales<\/a>, intersexuales, disconformes con el g\u00e9nero, <a href=\"http:\/\/entremujeres.clarin.com\/moda\/look-de-celebrity\/Rain_Dove-modelo-androgina_0_1397260594.html\" target=\"_blank\">andr\u00f3ginos<\/a>, etc.; distintas maneras de sentir y vivir la identidad sexual no establecidas por el sexo de nacimiento.<\/p>\n<p style=\"text-align: justify;\"><strong>Deshacer el g\u00e9nero<\/strong><\/p>\n<p style=\"text-align: justify;\">Si hacemos el ejercicio de reflexionar sobre \u201cqu\u00e9 nos hace hombres o mujeres\u201d m\u00e1s all\u00e1 de la respuesta cl\u00e1sica asociada al cuerpo: \u201cporque tenemos pene o vagina\u201d, encontraremos que en nuestro mundo interno coexisten pautas cl\u00e1sicas y otras no tanto en lo que se refiere a la masculinidad y la feminidad.<strong> La <a href=\"http:\/\/entremujeres.clarin.com\/hogar-y-familia\/hijos\/genero-identidad_de_genero-hijos-lulu_0_1334275581.html\" target=\"_blank\">configuraci\u00f3n subjetiva de g\u00e9nero<\/a> est\u00e1 determinada entonces por el influjo social, hist\u00f3rico, cultural, adem\u00e1s de por factores de raza y etnia. <\/strong><\/p>\n<p style=\"text-align: justify;\">Sentirse mujer u hombre en el siglo XIX seguramente era bien diferente a lo que es en la actualidad. <strong>La <a href=\"http:\/\/entremujeres.clarin.com\/hogar-y-familia\/hijos\/genero-identidad_de_genero-hijos-lulu_0_1334275581.html\" target=\"_blank\">identidad de g\u00e9nero<\/a> se refiere entonces a ese sentir profundo que es din\u00e1mico (est\u00e1 sujeto a cambios sociales, culturales, modas, etc.) y que regula este conocimiento singular: la sexualidad. M\u00e1s m\u00e1s all\u00e1 de las categor\u00edas, la vivencia sexual ser\u00e1 siempre una experiencia propia, \u00fanica, personal.<\/strong><\/p>\n<p style=\"text-align: justify;\"><strong>Orientaci\u00f3n sexual<\/strong><\/p>\n<p>As\u00ed como existe una variedad de formas de expresi\u00f3n de g\u00e9nero, la orientaci\u00f3n sexual no se queda atr\u00e1s. Vale la pena aclarar la diferencia entre g\u00e9nero y orientaci\u00f3n. <strong>G\u00e9nero es la identificaci\u00f3n sexual interna, subjetiva, m\u00e1s all\u00e1 del sexo biol\u00f3gico. La orientaci\u00f3n sexual hace a la relaci\u00f3n amorosa y\/o sexual con otr@\/@s, al contacto, a la atracci\u00f3n:<\/strong>heterosexualidad, homosexualidad, bisexualidad, asexualidad, pansexualidad, multisexualidad, etc. Una persona puede identificarse con un g\u00e9nero y tener una o varias formas de orientaci\u00f3n sexual, siendo la situaci\u00f3n inversa mucho menos frecuente.<\/p>\n<p style=\"text-align: justify;\"><strong>La pansexualidad<\/strong><\/p>\n<p><strong>Ser pansexual (el prefijo pan proviene del griego y significa \u201ctodo\u201d) es sentir atracci\u00f3n est\u00e9tica, amorosa, sexual, por las diferentes formas de g\u00e9nero, ya sea aquellas en las que existe acuerdo entre el sexo biol\u00f3gico y el g\u00e9nero (cisg\u00e9nero) o en las hay desacuerdo\u00a0 (transg\u00e9nero).<\/strong> Las personas pansexuales tienen orientaciones cambiantes. Esto no significa que sean inestables en sus relaciones, pueden tener parejas que perduren en el tiempo, solo establece que sus elecciones abarcan una amplia gama de posibilidades y se dan la libertad para dar curso a sus deseos. Los pansexuales se diferencian de los bisexuales. En la orientaci\u00f3n bisexual la persona tiene contactos h\u00e9tero u homo con otras personas (no transg\u00e9nero), pero prefiere una de las dos, es decir, el m\u00e1ximo placer o la posibilidad de enamorarse define una de las formas.<\/p>\n<p style=\"text-align: justify;\"><strong>M\u00e1s visibilidad, por favor<\/strong><\/p>\n<p>Es posible que \u00e9sta, como otras formas de vivir la sexualidad, haya estado reprimida para dar respuesta a las exigencias sociales, signadas por r\u00edgidas normas, casi incuestionables. <strong>En esta etapa del siglo XXI \u201csalir del closet\u201d no significa solo sacar del encierro la orientaci\u00f3n homosexual, es tambi\u00e9n visibilizar las variedades de g\u00e9nero, de orientaci\u00f3n, de relaciones. En s\u00edntesis: convertir la sexualidad en una capacidad humana crucial para llevar una vida m\u00e1s plena.<\/strong><\/p>\n<p style=\"text-align: justify;\">Pareciera que todo aquello que se aparta de la normativa binaria de g\u00e9nero (hombre-mujer) todav\u00eda llama la atenci\u00f3n o se comprende a medias. Para algunos la diferencia entre sexo y g\u00e9nero es una teor\u00eda que subvierte el orden natural. Los dogmas religiosos son inflexibles e insisten en \u201clo natural\u201d como regente de la vida sexual. Pero si as\u00ed fuera, no estar\u00edamos en condiciones de amar, de abrazar, de gestar proyectos amorosos fuera del celo y la genitalidad procreadora.<\/p>\n<p style=\"text-align: justify;\"><strong>Por el doctor Walter Ghedin, m\u00e9dico psiquiatra y sex\u00f3logo.<\/strong><\/p>\n<p style=\"text-align: justify;\">Fuente: www.entremujeres.com<\/p>\n<p>&nbsp;<\/p>\n","protected":false},"excerpt":{"rendered":"<p>Hace unos d\u00edas atr\u00e1s la cantante norteamericana Miley Cyrus hizo declaraciones en la revista brit\u00e1nica Elle acerca de su orientaci\u00f3n sexual. No es lesbiana, tampoco heterosexual. Se podr\u00eda enamorar tanto de una mujer (cismujer) como de un hombre trans, como de una mujer trans como de una persona intersexual. Posibilidades que no excluyen nada y [&hellip;]<\/p>\n","protected":false},"featured_media":5241,"template":"","meta":[],"product_brand":[],"product_cat":[],"product_tag":[313,314,147,150,177,146,312],"class_list":{"0":"post-5240","1":"product","2":"type-product","3":"status-publish","4":"has-post-thumbnail","6":"product_tag-androginos","7":"product_tag-pansexualidad","8":"product_tag-rio-grande","9":"product_tag-sexshop-ushuaia","10":"product_tag-sexualidad","11":"product_tag-tierra-del-fuego","12":"product_tag-transexual","14":"first","15":"instock","16":"shipping-taxable","17":"product-type-simple"},"_links":{"self":[{"href":"https:\/\/sexysiempre.com\/web\/wp-json\/wp\/v2\/product\/5240","targetHints":{"allow":["GET"]}}],"collection":[{"href":"https:\/\/sexysiempre.com\/web\/wp-json\/wp\/v2\/product"}],"about":[{"href":"https:\/\/sexysiempre.com\/web\/wp-json\/wp\/v2\/types\/product"}],"wp:featuredmedia":[{"embeddable":true,"href":"https:\/\/sexysiempre.com\/web\/wp-json\/wp\/v2\/media\/5241"}],"wp:attachment":[{"href":"https:\/\/sexysiempre.com\/web\/wp-json\/wp\/v2\/media?parent=5240"}],"wp:term":[{"taxonomy":"product_brand","embeddable":true,"href":"https:\/\/sexysiempre.com\/web\/wp-json\/wp\/v2\/product_brand?post=5240"},{"taxonomy":"product_cat","embeddable":true,"href":"https:\/\/sexysiempre.com\/web\/wp-json\/wp\/v2\/product_cat?post=5240"},{"taxonomy":"product_tag","embeddable":true,"href":"https:\/\/sexysiempre.com\/web\/wp-json\/wp\/v2\/product_tag?post=5240"}],"curies":[{"name":"wp","href":"https:\/\/api.w.org\/{rel}","templated":true}]}}