{"id":6127,"date":"2017-08-24T19:57:02","date_gmt":"2017-08-24T22:57:02","guid":{"rendered":"https:\/\/sexysiempre.com\/web\/?p=6127"},"modified":"2025-05-03T20:00:03","modified_gmt":"2025-05-03T23:00:03","slug":"feromonas-masculinas-2","status":"publish","type":"product","link":"https:\/\/sexysiempre.com\/web\/producto\/feromonas-masculinas-2","title":{"rendered":"Feromonas Masculinas"},"content":{"rendered":"<p>Inevitable Vip, perfume masculino con feromonas. Ser\u00e1s irresistible.<\/p>\n<div style=\"text-align: justify;\">Para todo tipo de hombres, \u00a0de perfecta apariencia, completamente seguros de s\u00ed mismos y totalmente seductores, para aquellos espont\u00e1neos, juguetones, dispuestos a todas locuras. Asum\u00ed el riesgo!!<\/div>\n<div style=\"text-align: justify;\">Cont\/ 100ml<\/div>\n<div><\/div>\n","protected":false},"excerpt":{"rendered":"<p>Inevitable Vip, perfume masculino con feromonas. Ser\u00e1s irresistible. Para todo tipo de hombres, \u00a0de perfecta apariencia, completamente seguros de s\u00ed mismos y totalmente seductores, para aquellos espont\u00e1neos, juguetones, dispuestos a todas locuras. Asum\u00ed el riesgo!! Cont\/ 100ml<\/p>\n","protected":false},"featured_media":6128,"template":"","meta":[],"product_brand":[],"product_cat":[6,277],"product_tag":[],"class_list":{"0":"post-6127","1":"product","2":"type-product","3":"status-publish","4":"has-post-thumbnail","6":"product_cat-juguetes-accesorios-y-sexshop","7":"product_cat-vigorizantes-feromonas-juegos-y-cotillon","9":"first","10":"instock","11":"shipping-taxable","12":"product-type-simple"},"_links":{"self":[{"href":"https:\/\/sexysiempre.com\/web\/wp-json\/wp\/v2\/product\/6127","targetHints":{"allow":["GET"]}}],"collection":[{"href":"https:\/\/sexysiempre.com\/web\/wp-json\/wp\/v2\/product"}],"about":[{"href":"https:\/\/sexysiempre.com\/web\/wp-json\/wp\/v2\/types\/product"}],"wp:featuredmedia":[{"embeddable":true,"href":"https:\/\/sexysiempre.com\/web\/wp-json\/wp\/v2\/media\/6128"}],"wp:attachment":[{"href":"https:\/\/sexysiempre.com\/web\/wp-json\/wp\/v2\/media?parent=6127"}],"wp:term":[{"taxonomy":"product_brand","embeddable":true,"href":"https:\/\/sexysiempre.com\/web\/wp-json\/wp\/v2\/product_brand?post=6127"},{"taxonomy":"product_cat","embeddable":true,"href":"https:\/\/sexysiempre.com\/web\/wp-json\/wp\/v2\/product_cat?post=6127"},{"taxonomy":"product_tag","embeddable":true,"href":"https:\/\/sexysiempre.com\/web\/wp-json\/wp\/v2\/product_tag?post=6127"}],"curies":[{"name":"wp","href":"https:\/\/api.w.org\/{rel}","templated":true}]}}