{"id":6466,"date":"2017-12-11T23:25:20","date_gmt":"2017-12-12T02:25:20","guid":{"rendered":"https:\/\/sexysiempre.com\/web\/?p=6466"},"modified":"2017-12-11T23:25:20","modified_gmt":"2017-12-12T02:25:20","slug":"antifaz-ciego-de-cuero-ecologico","status":"publish","type":"product","link":"https:\/\/sexysiempre.com\/web\/producto\/antifaz-ciego-de-cuero-ecologico","title":{"rendered":"ANTIFAZ CIEGO DE CUERO ECOL\u00d3GICO"},"content":{"rendered":"<p>WS1001<\/p>\n<p>Talle \u00fanico, cuero ecol\u00f3gico, s\u00f3lo en color negro.<\/p>\n<p>&nbsp;<\/p>\n","protected":false},"excerpt":{"rendered":"<p>WS1001 Talle \u00fanico, cuero ecol\u00f3gico, s\u00f3lo en color negro. &nbsp;<\/p>\n","protected":false},"featured_media":6467,"template":"","meta":[],"product_brand":[],"product_cat":[6,272],"product_tag":[193,147,150,146],"class_list":{"0":"post-6466","1":"product","2":"type-product","3":"status-publish","4":"has-post-thumbnail","6":"product_cat-juguetes-accesorios-y-sexshop","7":"product_cat-esposas-mascaras-y-antifaces","8":"product_tag-antifaz","9":"product_tag-rio-grande","10":"product_tag-sexshop-ushuaia","11":"product_tag-tierra-del-fuego","13":"first","14":"instock","15":"shipping-taxable","16":"product-type-simple"},"_links":{"self":[{"href":"https:\/\/sexysiempre.com\/web\/wp-json\/wp\/v2\/product\/6466","targetHints":{"allow":["GET"]}}],"collection":[{"href":"https:\/\/sexysiempre.com\/web\/wp-json\/wp\/v2\/product"}],"about":[{"href":"https:\/\/sexysiempre.com\/web\/wp-json\/wp\/v2\/types\/product"}],"wp:featuredmedia":[{"embeddable":true,"href":"https:\/\/sexysiempre.com\/web\/wp-json\/wp\/v2\/media\/6467"}],"wp:attachment":[{"href":"https:\/\/sexysiempre.com\/web\/wp-json\/wp\/v2\/media?parent=6466"}],"wp:term":[{"taxonomy":"product_brand","embeddable":true,"href":"https:\/\/sexysiempre.com\/web\/wp-json\/wp\/v2\/product_brand?post=6466"},{"taxonomy":"product_cat","embeddable":true,"href":"https:\/\/sexysiempre.com\/web\/wp-json\/wp\/v2\/product_cat?post=6466"},{"taxonomy":"product_tag","embeddable":true,"href":"https:\/\/sexysiempre.com\/web\/wp-json\/wp\/v2\/product_tag?post=6466"}],"curies":[{"name":"wp","href":"https:\/\/api.w.org\/{rel}","templated":true}]}}