{"id":7153,"date":"2020-02-27T20:27:52","date_gmt":"2020-02-27T23:27:52","guid":{"rendered":"http:\/\/sexysiempre.com\/web\/?p=7153"},"modified":"2020-02-27T20:27:52","modified_gmt":"2020-02-27T23:27:52","slug":"joya-corazon-en-acero","status":"publish","type":"product","link":"https:\/\/sexysiempre.com\/web\/producto\/joya-corazon-en-acero","title":{"rendered":"Joya Coraz\u00f2n en acero"},"content":{"rendered":"<p>FT-SM4-4<\/p>\n<p>Plug en Acero con Joya Coraz\u00f2n en color rojo.<\/p>\n<p>Medidas aproximadas 7 por 4 cm.<\/p>\n<p>Super higi\u00e8nico, se lava con facilidad siempre con jab\u00f2n neutro.<\/p>\n","protected":false},"excerpt":{"rendered":"<p>FT-SM4-4 Plug en Acero con Joya Coraz\u00f2n en color rojo. Medidas aproximadas 7 por 4 cm. Super higi\u00e8nico, se lava con facilidad siempre con jab\u00f2n neutro.<\/p>\n","protected":false},"featured_media":7154,"template":"","meta":[],"product_brand":[],"product_cat":[6,49],"product_tag":[411,336,147,150,146],"class_list":{"0":"post-7153","1":"product","2":"type-product","3":"status-publish","4":"has-post-thumbnail","6":"product_cat-juguetes-accesorios-y-sexshop","7":"product_cat-dilatadores-analales","8":"product_tag-joyas-anales","9":"product_tag-plug","10":"product_tag-rio-grande","11":"product_tag-sexshop-ushuaia","12":"product_tag-tierra-del-fuego","14":"first","15":"instock","16":"shipping-taxable","17":"product-type-simple"},"_links":{"self":[{"href":"https:\/\/sexysiempre.com\/web\/wp-json\/wp\/v2\/product\/7153","targetHints":{"allow":["GET"]}}],"collection":[{"href":"https:\/\/sexysiempre.com\/web\/wp-json\/wp\/v2\/product"}],"about":[{"href":"https:\/\/sexysiempre.com\/web\/wp-json\/wp\/v2\/types\/product"}],"wp:featuredmedia":[{"embeddable":true,"href":"https:\/\/sexysiempre.com\/web\/wp-json\/wp\/v2\/media\/7154"}],"wp:attachment":[{"href":"https:\/\/sexysiempre.com\/web\/wp-json\/wp\/v2\/media?parent=7153"}],"wp:term":[{"taxonomy":"product_brand","embeddable":true,"href":"https:\/\/sexysiempre.com\/web\/wp-json\/wp\/v2\/product_brand?post=7153"},{"taxonomy":"product_cat","embeddable":true,"href":"https:\/\/sexysiempre.com\/web\/wp-json\/wp\/v2\/product_cat?post=7153"},{"taxonomy":"product_tag","embeddable":true,"href":"https:\/\/sexysiempre.com\/web\/wp-json\/wp\/v2\/product_tag?post=7153"}],"curies":[{"name":"wp","href":"https:\/\/api.w.org\/{rel}","templated":true}]}}