{"id":7247,"date":"2020-03-07T21:33:17","date_gmt":"2020-03-08T00:33:17","guid":{"rendered":"http:\/\/sexysiempre.com\/web\/?p=7247"},"modified":"2020-03-07T21:33:17","modified_gmt":"2020-03-08T00:33:17","slug":"packer-gear-4","status":"publish","type":"product","link":"https:\/\/sexysiempre.com\/web\/producto\/packer-gear-4","title":{"rendered":"Packer Gear 4"},"content":{"rendered":"<p>SE &#8211; 1580 05 3<\/p>\n<p>Packer Gear 4\u00a0Producto importado, esculpido para encajar de forma segura en todo momento, suave y c\u00f2modo, libre de mantenimiento, material con sensaci\u00f2n real\u00ecstica\u00a0de textura inigualable , seguro para tu cuerpo, sin olor, libre de Ftalato.<\/p>\n<p>&nbsp;<\/p>\n<p>Medida aproximada 11 cm.<\/p>\n<p><img fetchpriority=\"high\" decoding=\"async\" class=\"aligncenter size-medium wp-image-7249\" src=\"http:\/\/sexysiempre.com\/web\/wp-content\/uploads\/89388779_496428614571868_8279293866771742720_n-1-300x300.jpg\" alt=\"\" width=\"300\" height=\"300\" srcset=\"https:\/\/sexysiempre.com\/web\/wp-content\/uploads\/89388779_496428614571868_8279293866771742720_n-1-300x300.jpg 300w, https:\/\/sexysiempre.com\/web\/wp-content\/uploads\/89388779_496428614571868_8279293866771742720_n-1-100x100.jpg 100w, https:\/\/sexysiempre.com\/web\/wp-content\/uploads\/89388779_496428614571868_8279293866771742720_n-1-150x150.jpg 150w\" sizes=\"(max-width: 300px) 100vw, 300px\" \/><\/p>\n","protected":false},"excerpt":{"rendered":"<p>SE &#8211; 1580 05 3 Packer Gear 4\u00a0Producto importado, esculpido para encajar de forma segura en todo momento, suave y c\u00f2modo, libre de mantenimiento, material con sensaci\u00f2n real\u00ecstica\u00a0de textura inigualable , seguro para tu cuerpo, sin olor, libre de Ftalato. &nbsp; Medida aproximada 11 cm.<\/p>\n","protected":false},"featured_media":7248,"template":"","meta":[],"product_brand":[],"product_cat":[6,37],"product_tag":[418,147,150,146],"class_list":{"0":"post-7247","1":"product","2":"type-product","3":"status-publish","4":"has-post-thumbnail","6":"product_cat-juguetes-accesorios-y-sexshop","7":"product_cat-protesis-extensiones-y-erectores","8":"product_tag-packer","9":"product_tag-rio-grande","10":"product_tag-sexshop-ushuaia","11":"product_tag-tierra-del-fuego","13":"first","14":"instock","15":"shipping-taxable","16":"product-type-simple"},"_links":{"self":[{"href":"https:\/\/sexysiempre.com\/web\/wp-json\/wp\/v2\/product\/7247","targetHints":{"allow":["GET"]}}],"collection":[{"href":"https:\/\/sexysiempre.com\/web\/wp-json\/wp\/v2\/product"}],"about":[{"href":"https:\/\/sexysiempre.com\/web\/wp-json\/wp\/v2\/types\/product"}],"wp:featuredmedia":[{"embeddable":true,"href":"https:\/\/sexysiempre.com\/web\/wp-json\/wp\/v2\/media\/7248"}],"wp:attachment":[{"href":"https:\/\/sexysiempre.com\/web\/wp-json\/wp\/v2\/media?parent=7247"}],"wp:term":[{"taxonomy":"product_brand","embeddable":true,"href":"https:\/\/sexysiempre.com\/web\/wp-json\/wp\/v2\/product_brand?post=7247"},{"taxonomy":"product_cat","embeddable":true,"href":"https:\/\/sexysiempre.com\/web\/wp-json\/wp\/v2\/product_cat?post=7247"},{"taxonomy":"product_tag","embeddable":true,"href":"https:\/\/sexysiempre.com\/web\/wp-json\/wp\/v2\/product_tag?post=7247"}],"curies":[{"name":"wp","href":"https:\/\/api.w.org\/{rel}","templated":true}]}}