{"id":7293,"date":"2020-05-28T17:46:40","date_gmt":"2020-05-28T20:46:40","guid":{"rendered":"http:\/\/sexysiempre.com\/web\/?p=7293"},"modified":"2024-03-30T17:08:34","modified_gmt":"2024-03-30T20:08:34","slug":"anillo-suave-delfin","status":"publish","type":"product","link":"https:\/\/sexysiempre.com\/web\/producto\/anillo-suave-delfin","title":{"rendered":"Anillo Suave Delf\u00ecn"},"content":{"rendered":"<p style=\"text-align: center;\">BI-010133-1<\/p>\n<p style=\"text-align: center;\">Anillo vibrador en suave silicona hipoalerg\u00e8nica, importado que colabora sosteniendo la erecci\u00f2n, adapt\u00e0ndose a cualquier tama\u00f1o estimula el pene y el delf\u00ecn har\u00e0 vibrar intensamente al cl\u00ectoris.<\/p>\n<p style=\"text-align: center;\">De igual modo, la bala puede retirarse y utilizarse como otro juguete, estimulando toda zona er\u00f2gena.<\/p>\n<p style=\"text-align: center;\">Producto importado.<img fetchpriority=\"high\" decoding=\"async\" class=\"aligncenter size-medium wp-image-10958\" src=\"https:\/\/sexysiempre.com\/web\/wp-content\/uploads\/bi-010133-anillo-vibrador-delfin-rosa-245fb5108f654e899fe1b5d24f772d14-650x650.jpg\" alt=\"\" width=\"300\" height=\"300\" srcset=\"https:\/\/sexysiempre.com\/web\/wp-content\/uploads\/bi-010133-anillo-vibrador-delfin-rosa-245fb5108f654e899fe1b5d24f772d14-650x650.jpg 650w, https:\/\/sexysiempre.com\/web\/wp-content\/uploads\/bi-010133-anillo-vibrador-delfin-rosa-245fb5108f654e899fe1b5d24f772d14-150x150.jpg 150w, https:\/\/sexysiempre.com\/web\/wp-content\/uploads\/bi-010133-anillo-vibrador-delfin-rosa-245fb5108f654e899fe1b5d24f772d14-768x768.jpg 768w, https:\/\/sexysiempre.com\/web\/wp-content\/uploads\/bi-010133-anillo-vibrador-delfin-rosa-245fb5108f654e899fe1b5d24f772d14-120x120.jpg 120w, https:\/\/sexysiempre.com\/web\/wp-content\/uploads\/bi-010133-anillo-vibrador-delfin-rosa-245fb5108f654e899fe1b5d24f772d14-300x300.jpg 300w, https:\/\/sexysiempre.com\/web\/wp-content\/uploads\/bi-010133-anillo-vibrador-delfin-rosa-245fb5108f654e899fe1b5d24f772d14-600x600.jpg 600w, https:\/\/sexysiempre.com\/web\/wp-content\/uploads\/bi-010133-anillo-vibrador-delfin-rosa-245fb5108f654e899fe1b5d24f772d14-100x100.jpg 100w, https:\/\/sexysiempre.com\/web\/wp-content\/uploads\/bi-010133-anillo-vibrador-delfin-rosa-245fb5108f654e899fe1b5d24f772d14.jpg 800w\" sizes=\"(max-width: 300px) 100vw, 300px\" \/><img decoding=\"async\" class=\"aligncenter size-medium wp-image-10959\" src=\"https:\/\/sexysiempre.com\/web\/wp-content\/uploads\/bi-010133-anillo-vibrador-delfin-rosa-65ae728f4bba49fd90a4c2cb7035452a-650x650.jpg\" alt=\"\" width=\"300\" height=\"300\" srcset=\"https:\/\/sexysiempre.com\/web\/wp-content\/uploads\/bi-010133-anillo-vibrador-delfin-rosa-65ae728f4bba49fd90a4c2cb7035452a-650x650.jpg 650w, https:\/\/sexysiempre.com\/web\/wp-content\/uploads\/bi-010133-anillo-vibrador-delfin-rosa-65ae728f4bba49fd90a4c2cb7035452a-150x150.jpg 150w, https:\/\/sexysiempre.com\/web\/wp-content\/uploads\/bi-010133-anillo-vibrador-delfin-rosa-65ae728f4bba49fd90a4c2cb7035452a-768x768.jpg 768w, https:\/\/sexysiempre.com\/web\/wp-content\/uploads\/bi-010133-anillo-vibrador-delfin-rosa-65ae728f4bba49fd90a4c2cb7035452a-120x120.jpg 120w, https:\/\/sexysiempre.com\/web\/wp-content\/uploads\/bi-010133-anillo-vibrador-delfin-rosa-65ae728f4bba49fd90a4c2cb7035452a-300x300.jpg 300w, https:\/\/sexysiempre.com\/web\/wp-content\/uploads\/bi-010133-anillo-vibrador-delfin-rosa-65ae728f4bba49fd90a4c2cb7035452a-600x600.jpg 600w, https:\/\/sexysiempre.com\/web\/wp-content\/uploads\/bi-010133-anillo-vibrador-delfin-rosa-65ae728f4bba49fd90a4c2cb7035452a-100x100.jpg 100w, https:\/\/sexysiempre.com\/web\/wp-content\/uploads\/bi-010133-anillo-vibrador-delfin-rosa-65ae728f4bba49fd90a4c2cb7035452a.jpg 800w\" sizes=\"(max-width: 300px) 100vw, 300px\" \/><\/p>\n<p>&nbsp;<\/p>\n","protected":false},"excerpt":{"rendered":"<p>BI-010133-1 Anillo vibrador en suave silicona hipoalerg\u00e8nica, importado que colabora sosteniendo la erecci\u00f2n, adapt\u00e0ndose a cualquier tama\u00f1o estimula el pene y el delf\u00ecn har\u00e0 vibrar intensamente al cl\u00ectoris. De igual modo, la bala puede retirarse y utilizarse como otro juguete, estimulando toda zona er\u00f2gena. Producto importado. &nbsp;<\/p>\n","protected":false},"featured_media":10957,"template":"","meta":[],"product_brand":[],"product_cat":[6,31],"product_tag":[281,147,150,146],"class_list":{"0":"post-7293","1":"product","2":"type-product","3":"status-publish","4":"has-post-thumbnail","6":"product_cat-juguetes-accesorios-y-sexshop","7":"product_cat-anillos-vibradores","8":"product_tag-anillos-vibradores-2","9":"product_tag-rio-grande","10":"product_tag-sexshop-ushuaia","11":"product_tag-tierra-del-fuego","13":"first","14":"instock","15":"shipping-taxable","16":"product-type-simple"},"_links":{"self":[{"href":"https:\/\/sexysiempre.com\/web\/wp-json\/wp\/v2\/product\/7293","targetHints":{"allow":["GET"]}}],"collection":[{"href":"https:\/\/sexysiempre.com\/web\/wp-json\/wp\/v2\/product"}],"about":[{"href":"https:\/\/sexysiempre.com\/web\/wp-json\/wp\/v2\/types\/product"}],"wp:featuredmedia":[{"embeddable":true,"href":"https:\/\/sexysiempre.com\/web\/wp-json\/wp\/v2\/media\/10957"}],"wp:attachment":[{"href":"https:\/\/sexysiempre.com\/web\/wp-json\/wp\/v2\/media?parent=7293"}],"wp:term":[{"taxonomy":"product_brand","embeddable":true,"href":"https:\/\/sexysiempre.com\/web\/wp-json\/wp\/v2\/product_brand?post=7293"},{"taxonomy":"product_cat","embeddable":true,"href":"https:\/\/sexysiempre.com\/web\/wp-json\/wp\/v2\/product_cat?post=7293"},{"taxonomy":"product_tag","embeddable":true,"href":"https:\/\/sexysiempre.com\/web\/wp-json\/wp\/v2\/product_tag?post=7293"}],"curies":[{"name":"wp","href":"https:\/\/api.w.org\/{rel}","templated":true}]}}