{"id":7383,"date":"2020-06-04T17:06:55","date_gmt":"2020-06-04T20:06:55","guid":{"rendered":"http:\/\/sexysiempre.com\/web\/?p=7383"},"modified":"2021-09-27T15:02:38","modified_gmt":"2021-09-27T18:02:38","slug":"perfume-afrodisiaco-hot-inevitable","status":"publish","type":"product","link":"https:\/\/sexysiempre.com\/web\/producto\/perfume-afrodisiaco-hot-inevitable","title":{"rendered":"Perfume Afrodis\u00ecaco Hot Inevitable"},"content":{"rendered":"<p style=\"text-align: justify;\">Hot Inevitable es una exquisita fragancia que desborda los sentidos. Abre con frescas sexys notas\u00a0c\u00edtricas, y coraz\u00f3n floral de jazm\u00edn, rosa y pralin\u00e9 franc\u00e9s. Esta irresistible combinaci\u00f3n reposa sobre una base preciosa de madera y cuero. Ideal para atraer a la persona de tus sue\u00f1os.<\/p>\n<p>&nbsp;<\/p>\n","protected":false},"excerpt":{"rendered":"<p>Hot Inevitable es una exquisita fragancia que desborda los sentidos. Abre con frescas sexys notas\u00a0c\u00edtricas, y coraz\u00f3n floral de jazm\u00edn, rosa y pralin\u00e9 franc\u00e9s. Esta irresistible combinaci\u00f3n reposa sobre una base preciosa de madera y cuero. Ideal para atraer a la persona de tus sue\u00f1os. &nbsp;<\/p>\n","protected":false},"featured_media":7384,"template":"","meta":[],"product_brand":[],"product_cat":[6,277],"product_tag":[142,147,150,146],"class_list":{"0":"post-7383","1":"product","2":"type-product","3":"status-publish","4":"has-post-thumbnail","6":"product_cat-juguetes-accesorios-y-sexshop","7":"product_cat-vigorizantes-feromonas-juegos-y-cotillon","8":"product_tag-feromonas","9":"product_tag-rio-grande","10":"product_tag-sexshop-ushuaia","11":"product_tag-tierra-del-fuego","13":"first","14":"instock","15":"shipping-taxable","16":"product-type-simple"},"_links":{"self":[{"href":"https:\/\/sexysiempre.com\/web\/wp-json\/wp\/v2\/product\/7383","targetHints":{"allow":["GET"]}}],"collection":[{"href":"https:\/\/sexysiempre.com\/web\/wp-json\/wp\/v2\/product"}],"about":[{"href":"https:\/\/sexysiempre.com\/web\/wp-json\/wp\/v2\/types\/product"}],"wp:featuredmedia":[{"embeddable":true,"href":"https:\/\/sexysiempre.com\/web\/wp-json\/wp\/v2\/media\/7384"}],"wp:attachment":[{"href":"https:\/\/sexysiempre.com\/web\/wp-json\/wp\/v2\/media?parent=7383"}],"wp:term":[{"taxonomy":"product_brand","embeddable":true,"href":"https:\/\/sexysiempre.com\/web\/wp-json\/wp\/v2\/product_brand?post=7383"},{"taxonomy":"product_cat","embeddable":true,"href":"https:\/\/sexysiempre.com\/web\/wp-json\/wp\/v2\/product_cat?post=7383"},{"taxonomy":"product_tag","embeddable":true,"href":"https:\/\/sexysiempre.com\/web\/wp-json\/wp\/v2\/product_tag?post=7383"}],"curies":[{"name":"wp","href":"https:\/\/api.w.org\/{rel}","templated":true}]}}