{"id":739,"date":"2011-09-21T16:14:09","date_gmt":"2011-09-21T16:14:09","guid":{"rendered":"http:\/\/sexysiempre.com\/web\/?p=739"},"modified":"2020-09-08T14:18:04","modified_gmt":"2020-09-08T17:18:04","slug":"codigo-3102","status":"publish","type":"product","link":"https:\/\/sexysiempre.com\/web\/producto\/codigo-3102","title":{"rendered":"C\u00f3digo 3102"},"content":{"rendered":"<p style=\"text-align: justify\"><strong>C\u00f3digo 3102<\/strong>&nbsp;&#8211; Corsette Raso y Encaje &#8211; <strong>Talle:<\/strong>&nbsp;S, M, L, XL &#8211; <strong>Color:<\/strong>&nbsp;Negro, Blanco, Rosa c\/ Negro, Rojo c\/ Negro.<\/p>\n<p style=\"text-align: justify\"><strong>C\u00f3digo 6812<\/strong> &#8211; Kimono &#8211; <strong>Talle:<\/strong>&nbsp;\u00f9nico &#8211;&nbsp;&nbsp;<strong>Color:<\/strong>&nbsp;Negro, Blanco, Rojo.<\/p>\n<p style=\"text-align: justify\"><strong>C\u00f3digo 6814<\/strong>&nbsp;&#8211; Kimono Gasa &#8211; <strong>Talle:<\/strong>&nbsp;\u00f9nico &#8211;&nbsp;&nbsp;<strong>Color:<\/strong>&nbsp;Negro, Blanco, Rojo.<\/p>\n<p style=\"text-align: justify\"><strong>C\u00f3digo 9516<\/strong>&nbsp;&#8211; Medias<\/p>\n","protected":false},"excerpt":{"rendered":"<p>C\u00f3digo 3102&nbsp;&#8211; Corsette Raso y Encaje &#8211; Talle:&nbsp;S, M, L, XL &#8211; Color:&nbsp;Negro, Blanco, Rosa c\/ Negro, Rojo c\/ Negro. C\u00f3digo 6812 &#8211; Kimono &#8211; Talle:&nbsp;\u00f9nico &#8211;&nbsp;&nbsp;Color:&nbsp;Negro, Blanco, Rojo. C\u00f3digo 6814&nbsp;&#8211; Kimono Gasa &#8211; Talle:&nbsp;\u00f9nico &#8211;&nbsp;&nbsp;Color:&nbsp;Negro, Blanco, Rojo. C\u00f3digo 9516&nbsp;&#8211; Medias<\/p>\n","protected":false},"featured_media":743,"template":"","meta":[],"product_brand":[],"product_cat":[5,8],"product_tag":[],"class_list":{"0":"post-739","1":"product","2":"type-product","3":"status-publish","4":"has-post-thumbnail","6":"product_cat-lenceria-erotica","7":"product_cat-corsette","9":"first","10":"instock","11":"shipping-taxable","12":"product-type-simple"},"_links":{"self":[{"href":"https:\/\/sexysiempre.com\/web\/wp-json\/wp\/v2\/product\/739","targetHints":{"allow":["GET"]}}],"collection":[{"href":"https:\/\/sexysiempre.com\/web\/wp-json\/wp\/v2\/product"}],"about":[{"href":"https:\/\/sexysiempre.com\/web\/wp-json\/wp\/v2\/types\/product"}],"wp:featuredmedia":[{"embeddable":true,"href":"https:\/\/sexysiempre.com\/web\/wp-json\/wp\/v2\/media\/743"}],"wp:attachment":[{"href":"https:\/\/sexysiempre.com\/web\/wp-json\/wp\/v2\/media?parent=739"}],"wp:term":[{"taxonomy":"product_brand","embeddable":true,"href":"https:\/\/sexysiempre.com\/web\/wp-json\/wp\/v2\/product_brand?post=739"},{"taxonomy":"product_cat","embeddable":true,"href":"https:\/\/sexysiempre.com\/web\/wp-json\/wp\/v2\/product_cat?post=739"},{"taxonomy":"product_tag","embeddable":true,"href":"https:\/\/sexysiempre.com\/web\/wp-json\/wp\/v2\/product_tag?post=739"}],"curies":[{"name":"wp","href":"https:\/\/api.w.org\/{rel}","templated":true}]}}