{"id":7514,"date":"2020-06-11T16:19:07","date_gmt":"2020-06-11T19:19:07","guid":{"rendered":"http:\/\/sexysiempre.com\/web\/?p=7514"},"modified":"2020-07-27T20:36:32","modified_gmt":"2020-07-27T23:36:32","slug":"anillo-cucurucho","status":"publish","type":"product","link":"https:\/\/sexysiempre.com\/web\/producto\/anillo-cucurucho","title":{"rendered":"Anillo \u00abcucurucho\u00bb"},"content":{"rendered":"<p>10950056<\/p>\n<p style=\"text-align: justify;\">Producto importado, en silicona hipoalerg\u00e8nica de suave textura, anillo vibrador que colabora con la erecci\u00f2n y al mismo tiempo, aumenta tama\u00f1o de pene en su espesor.<\/p>\n","protected":false},"excerpt":{"rendered":"<p>10950056 Producto importado, en silicona hipoalerg\u00e8nica de suave textura, anillo vibrador que colabora con la erecci\u00f2n y al mismo tiempo, aumenta tama\u00f1o de pene en su espesor.<\/p>\n","protected":false},"featured_media":7515,"template":"","meta":[],"product_brand":[],"product_cat":[6,31],"product_tag":[243,147,150,146],"class_list":{"0":"post-7514","1":"product","2":"type-product","3":"status-publish","4":"has-post-thumbnail","6":"product_cat-juguetes-accesorios-y-sexshop","7":"product_cat-anillos-vibradores","8":"product_tag-anillo-vibrador","9":"product_tag-rio-grande","10":"product_tag-sexshop-ushuaia","11":"product_tag-tierra-del-fuego","13":"first","14":"instock","15":"shipping-taxable","16":"product-type-simple"},"_links":{"self":[{"href":"https:\/\/sexysiempre.com\/web\/wp-json\/wp\/v2\/product\/7514","targetHints":{"allow":["GET"]}}],"collection":[{"href":"https:\/\/sexysiempre.com\/web\/wp-json\/wp\/v2\/product"}],"about":[{"href":"https:\/\/sexysiempre.com\/web\/wp-json\/wp\/v2\/types\/product"}],"wp:featuredmedia":[{"embeddable":true,"href":"https:\/\/sexysiempre.com\/web\/wp-json\/wp\/v2\/media\/7515"}],"wp:attachment":[{"href":"https:\/\/sexysiempre.com\/web\/wp-json\/wp\/v2\/media?parent=7514"}],"wp:term":[{"taxonomy":"product_brand","embeddable":true,"href":"https:\/\/sexysiempre.com\/web\/wp-json\/wp\/v2\/product_brand?post=7514"},{"taxonomy":"product_cat","embeddable":true,"href":"https:\/\/sexysiempre.com\/web\/wp-json\/wp\/v2\/product_cat?post=7514"},{"taxonomy":"product_tag","embeddable":true,"href":"https:\/\/sexysiempre.com\/web\/wp-json\/wp\/v2\/product_tag?post=7514"}],"curies":[{"name":"wp","href":"https:\/\/api.w.org\/{rel}","templated":true}]}}