{"id":757,"date":"2011-09-21T16:25:35","date_gmt":"2011-09-21T16:25:35","guid":{"rendered":"http:\/\/sexysiempre.com\/web\/?p=757"},"modified":"2020-09-08T14:11:30","modified_gmt":"2020-09-08T17:11:30","slug":"codigo-3156","status":"publish","type":"product","link":"https:\/\/sexysiempre.com\/web\/producto\/codigo-3156","title":{"rendered":"C\u00f3digo 3156 Corsette Ecocuero"},"content":{"rendered":"<p><strong>C\u00f3digo 3156<\/strong>&nbsp;&#8211; Corsette Ecocuero &#8211; <strong>Talle:<\/strong>&nbsp;S, M, L, XL &#8211; <strong>Color:<\/strong>&nbsp;Negro.<\/p>\n<p><strong>C\u00f3digo 1156<\/strong>&nbsp;&#8211; Less en Vinilo<strong>&#8211; Talle:<\/strong>&nbsp;\u00f9nico &#8211;&nbsp;<strong>Color:<\/strong>&nbsp;Negro.<\/p>\n<p><strong>C\u00f3digo 9506<\/strong>&nbsp;&#8211; Medias &#8211; <strong>Talle:<\/strong>\u00f9nico &#8211; &nbsp;<strong>Color:<\/strong>&nbsp;Negro.<\/p>\n","protected":false},"excerpt":{"rendered":"<p>C\u00f3digo 3156&nbsp;&#8211; Corsette Ecocuero &#8211; Talle:&nbsp;S, M, L, XL &#8211; Color:&nbsp;Negro. C\u00f3digo 1156&nbsp;&#8211; Less en Vinilo&#8211; Talle:&nbsp;\u00f9nico &#8211;&nbsp;Color:&nbsp;Negro. C\u00f3digo 9506&nbsp;&#8211; Medias &#8211; Talle:\u00f9nico &#8211; &nbsp;Color:&nbsp;Negro.<\/p>\n","protected":false},"featured_media":758,"template":"","meta":[],"product_brand":[],"product_cat":[5,8],"product_tag":[],"class_list":{"0":"post-757","1":"product","2":"type-product","3":"status-publish","4":"has-post-thumbnail","6":"product_cat-lenceria-erotica","7":"product_cat-corsette","9":"first","10":"instock","11":"shipping-taxable","12":"product-type-simple"},"_links":{"self":[{"href":"https:\/\/sexysiempre.com\/web\/wp-json\/wp\/v2\/product\/757","targetHints":{"allow":["GET"]}}],"collection":[{"href":"https:\/\/sexysiempre.com\/web\/wp-json\/wp\/v2\/product"}],"about":[{"href":"https:\/\/sexysiempre.com\/web\/wp-json\/wp\/v2\/types\/product"}],"wp:featuredmedia":[{"embeddable":true,"href":"https:\/\/sexysiempre.com\/web\/wp-json\/wp\/v2\/media\/758"}],"wp:attachment":[{"href":"https:\/\/sexysiempre.com\/web\/wp-json\/wp\/v2\/media?parent=757"}],"wp:term":[{"taxonomy":"product_brand","embeddable":true,"href":"https:\/\/sexysiempre.com\/web\/wp-json\/wp\/v2\/product_brand?post=757"},{"taxonomy":"product_cat","embeddable":true,"href":"https:\/\/sexysiempre.com\/web\/wp-json\/wp\/v2\/product_cat?post=757"},{"taxonomy":"product_tag","embeddable":true,"href":"https:\/\/sexysiempre.com\/web\/wp-json\/wp\/v2\/product_tag?post=757"}],"curies":[{"name":"wp","href":"https:\/\/api.w.org\/{rel}","templated":true}]}}