{"id":7659,"date":"2020-09-07T16:00:16","date_gmt":"2020-09-07T19:00:16","guid":{"rendered":"http:\/\/sexysiempre.com\/web\/?p=7659"},"modified":"2020-09-07T16:51:10","modified_gmt":"2020-09-07T19:51:10","slug":"massage-candle-mon-amour","status":"publish","type":"product","link":"https:\/\/sexysiempre.com\/web\/producto\/massage-candle-mon-amour","title":{"rendered":"Massage Candle Mon Amour"},"content":{"rendered":"\n<p>Placer para los sentidos\u2026 La vela se derrite convirti\u00e9ndose en un tibio aceite para masajes sedosos. \u00a1Prend\u00e9 la pasi\u00f3n con esta vela afrodis\u00edaca!<\/p>\n\n\n\n<div class=\"wp-block-media-text alignwide is-stacked-on-mobile\"><figure class=\"wp-block-media-text__media\"><img fetchpriority=\"high\" decoding=\"async\" width=\"800\" height=\"800\" src=\"http:\/\/sexysiempre.com\/web\/wp-content\/uploads\/mma01-massage-candle-mon-amour-intense-b33884743c1b433fa5b8d862872f220f.jpg\" alt=\"\" class=\"wp-image-7660\" srcset=\"https:\/\/sexysiempre.com\/web\/wp-content\/uploads\/mma01-massage-candle-mon-amour-intense-b33884743c1b433fa5b8d862872f220f.jpg 800w, https:\/\/sexysiempre.com\/web\/wp-content\/uploads\/mma01-massage-candle-mon-amour-intense-b33884743c1b433fa5b8d862872f220f-300x300.jpg 300w, https:\/\/sexysiempre.com\/web\/wp-content\/uploads\/mma01-massage-candle-mon-amour-intense-b33884743c1b433fa5b8d862872f220f-100x100.jpg 100w, https:\/\/sexysiempre.com\/web\/wp-content\/uploads\/mma01-massage-candle-mon-amour-intense-b33884743c1b433fa5b8d862872f220f-600x600.jpg 600w, https:\/\/sexysiempre.com\/web\/wp-content\/uploads\/mma01-massage-candle-mon-amour-intense-b33884743c1b433fa5b8d862872f220f-650x650.jpg 650w, https:\/\/sexysiempre.com\/web\/wp-content\/uploads\/mma01-massage-candle-mon-amour-intense-b33884743c1b433fa5b8d862872f220f-150x150.jpg 150w, https:\/\/sexysiempre.com\/web\/wp-content\/uploads\/mma01-massage-candle-mon-amour-intense-b33884743c1b433fa5b8d862872f220f-768x768.jpg 768w, https:\/\/sexysiempre.com\/web\/wp-content\/uploads\/mma01-massage-candle-mon-amour-intense-b33884743c1b433fa5b8d862872f220f-120x120.jpg 120w\" sizes=\"(max-width: 800px) 100vw, 800px\" \/><\/figure><div class=\"wp-block-media-text__content\">\n<p class=\"has-large-font-size\"><\/p>\n<\/div><\/div>\n\n\n\n<ul class=\"wp-block-list\"><li><\/li><\/ul>\n","protected":false},"excerpt":{"rendered":"<p>Placer para los sentidos\u2026 La vela se derrite convirti\u00e9ndose en un tibio aceite para masajes sedosos. \u00a1Prend\u00e9 la pasi\u00f3n con esta vela afrodis\u00edaca!<\/p>\n","protected":false},"featured_media":7660,"template":"","meta":[],"product_brand":[],"product_cat":[6,20],"product_tag":[],"class_list":{"0":"post-7659","1":"product","2":"type-product","3":"status-publish","4":"has-post-thumbnail","6":"product_cat-juguetes-accesorios-y-sexshop","7":"product_cat-aceites-geles-y-lubricantes","9":"first","10":"instock","11":"shipping-taxable","12":"product-type-simple"},"_links":{"self":[{"href":"https:\/\/sexysiempre.com\/web\/wp-json\/wp\/v2\/product\/7659","targetHints":{"allow":["GET"]}}],"collection":[{"href":"https:\/\/sexysiempre.com\/web\/wp-json\/wp\/v2\/product"}],"about":[{"href":"https:\/\/sexysiempre.com\/web\/wp-json\/wp\/v2\/types\/product"}],"wp:featuredmedia":[{"embeddable":true,"href":"https:\/\/sexysiempre.com\/web\/wp-json\/wp\/v2\/media\/7660"}],"wp:attachment":[{"href":"https:\/\/sexysiempre.com\/web\/wp-json\/wp\/v2\/media?parent=7659"}],"wp:term":[{"taxonomy":"product_brand","embeddable":true,"href":"https:\/\/sexysiempre.com\/web\/wp-json\/wp\/v2\/product_brand?post=7659"},{"taxonomy":"product_cat","embeddable":true,"href":"https:\/\/sexysiempre.com\/web\/wp-json\/wp\/v2\/product_cat?post=7659"},{"taxonomy":"product_tag","embeddable":true,"href":"https:\/\/sexysiempre.com\/web\/wp-json\/wp\/v2\/product_tag?post=7659"}],"curies":[{"name":"wp","href":"https:\/\/api.w.org\/{rel}","templated":true}]}}