{"id":7669,"date":"2020-09-07T16:56:24","date_gmt":"2020-09-07T19:56:24","guid":{"rendered":"http:\/\/sexysiempre.com\/web\/?p=7669"},"modified":"2022-01-19T15:09:43","modified_gmt":"2022-01-19T18:09:43","slug":"sex-play","status":"publish","type":"product","link":"https:\/\/sexysiempre.com\/web\/producto\/sex-play","title":{"rendered":"Sex Play"},"content":{"rendered":"\r\n<p class=\"has-text-align-center\">Juego de cartas mas dados, un juego que estimular\u00e1 tus sentidos, perfecto para parejas que buscan aventuras er\u00f3ticas fuera de lo convencional. Atr\u00e8vete a probar juegos de rol, fetiches, ataduras y aumentar la creatividad con placer.<\/p>\r\n<p>&nbsp;<\/p>\r\n","protected":false},"excerpt":{"rendered":"<p>Juego de cartas mas dados, un juego que estimular\u00e1 tus sentidos, perfecto para parejas que buscan aventuras er\u00f3ticas fuera de lo convencional. Atr\u00e8vete a probar juegos de rol, fetiches, ataduras y aumentar la creatividad con placer. &nbsp;<\/p>\n","protected":false},"featured_media":7670,"template":"","meta":[],"product_brand":[],"product_cat":[6,277],"product_tag":[],"class_list":{"0":"post-7669","1":"product","2":"type-product","3":"status-publish","4":"has-post-thumbnail","6":"product_cat-juguetes-accesorios-y-sexshop","7":"product_cat-vigorizantes-feromonas-juegos-y-cotillon","9":"first","10":"instock","11":"shipping-taxable","12":"product-type-simple"},"_links":{"self":[{"href":"https:\/\/sexysiempre.com\/web\/wp-json\/wp\/v2\/product\/7669","targetHints":{"allow":["GET"]}}],"collection":[{"href":"https:\/\/sexysiempre.com\/web\/wp-json\/wp\/v2\/product"}],"about":[{"href":"https:\/\/sexysiempre.com\/web\/wp-json\/wp\/v2\/types\/product"}],"wp:featuredmedia":[{"embeddable":true,"href":"https:\/\/sexysiempre.com\/web\/wp-json\/wp\/v2\/media\/7670"}],"wp:attachment":[{"href":"https:\/\/sexysiempre.com\/web\/wp-json\/wp\/v2\/media?parent=7669"}],"wp:term":[{"taxonomy":"product_brand","embeddable":true,"href":"https:\/\/sexysiempre.com\/web\/wp-json\/wp\/v2\/product_brand?post=7669"},{"taxonomy":"product_cat","embeddable":true,"href":"https:\/\/sexysiempre.com\/web\/wp-json\/wp\/v2\/product_cat?post=7669"},{"taxonomy":"product_tag","embeddable":true,"href":"https:\/\/sexysiempre.com\/web\/wp-json\/wp\/v2\/product_tag?post=7669"}],"curies":[{"name":"wp","href":"https:\/\/api.w.org\/{rel}","templated":true}]}}