{"id":767,"date":"2011-09-21T16:38:21","date_gmt":"2011-09-21T16:38:21","guid":{"rendered":"http:\/\/sexysiempre.com\/web\/?p=767"},"modified":"2020-09-08T14:02:37","modified_gmt":"2020-09-08T17:02:37","slug":"codigo-3162","status":"publish","type":"product","link":"https:\/\/sexysiempre.com\/web\/producto\/codigo-3162","title":{"rendered":"C\u00f3digo 3162"},"content":{"rendered":"<p style=\"text-align: justify\"><strong>C\u00f3digo 3162<\/strong>&nbsp;&#8211; Corsette Retro en Encaje Lycra &#8211; <strong>Talle:<\/strong>&nbsp;S, M, L &#8211; <strong>Color:<\/strong>&nbsp;Blanco, Negro, Rojo.<\/p>\n<p style=\"text-align: justify\"><strong>C\u00f3digo 1152<\/strong>&nbsp;&#8211; Less en Encaje con cierre &#8211;&nbsp;<strong>Talle:<\/strong>&nbsp;\u00f9nico &#8211;&nbsp;<strong>Color:<\/strong>&nbsp;Blanco, Negro, Rojo.<\/p>\n<p style=\"text-align: justify\"><strong>C\u00f3digo 6804<\/strong>&nbsp;&#8211; Bata en Gasa y Puntilla &#8211;&nbsp;<strong>Talle:<\/strong>&nbsp;\u00f9nico &#8211;&nbsp;<strong>Color:<\/strong>&nbsp;Blanco, Negro, Rojo.<\/p>\n","protected":false},"excerpt":{"rendered":"<p>C\u00f3digo 3162&nbsp;&#8211; Corsette Retro en Encaje Lycra &#8211; Talle:&nbsp;S, M, L &#8211; Color:&nbsp;Blanco, Negro, Rojo. C\u00f3digo 1152&nbsp;&#8211; Less en Encaje con cierre &#8211;&nbsp;Talle:&nbsp;\u00f9nico &#8211;&nbsp;Color:&nbsp;Blanco, Negro, Rojo. C\u00f3digo 6804&nbsp;&#8211; Bata en Gasa y Puntilla &#8211;&nbsp;Talle:&nbsp;\u00f9nico &#8211;&nbsp;Color:&nbsp;Blanco, Negro, Rojo.<\/p>\n","protected":false},"featured_media":768,"template":"","meta":[],"product_brand":[],"product_cat":[5,8],"product_tag":[],"class_list":{"0":"post-767","1":"product","2":"type-product","3":"status-publish","4":"has-post-thumbnail","6":"product_cat-lenceria-erotica","7":"product_cat-corsette","9":"first","10":"instock","11":"shipping-taxable","12":"product-type-simple"},"_links":{"self":[{"href":"https:\/\/sexysiempre.com\/web\/wp-json\/wp\/v2\/product\/767","targetHints":{"allow":["GET"]}}],"collection":[{"href":"https:\/\/sexysiempre.com\/web\/wp-json\/wp\/v2\/product"}],"about":[{"href":"https:\/\/sexysiempre.com\/web\/wp-json\/wp\/v2\/types\/product"}],"wp:featuredmedia":[{"embeddable":true,"href":"https:\/\/sexysiempre.com\/web\/wp-json\/wp\/v2\/media\/768"}],"wp:attachment":[{"href":"https:\/\/sexysiempre.com\/web\/wp-json\/wp\/v2\/media?parent=767"}],"wp:term":[{"taxonomy":"product_brand","embeddable":true,"href":"https:\/\/sexysiempre.com\/web\/wp-json\/wp\/v2\/product_brand?post=767"},{"taxonomy":"product_cat","embeddable":true,"href":"https:\/\/sexysiempre.com\/web\/wp-json\/wp\/v2\/product_cat?post=767"},{"taxonomy":"product_tag","embeddable":true,"href":"https:\/\/sexysiempre.com\/web\/wp-json\/wp\/v2\/product_tag?post=767"}],"curies":[{"name":"wp","href":"https:\/\/api.w.org\/{rel}","templated":true}]}}