{"id":770,"date":"2011-09-21T16:40:51","date_gmt":"2011-09-21T16:40:51","guid":{"rendered":"http:\/\/sexysiempre.com\/web\/?p=770"},"modified":"2020-09-08T13:57:03","modified_gmt":"2020-09-08T16:57:03","slug":"codigo-3115","status":"publish","type":"product","link":"https:\/\/sexysiempre.com\/web\/producto\/codigo-3115","title":{"rendered":"C\u00f3digo 3115"},"content":{"rendered":"<p style=\"text-align: justify;\"><strong>C\u00f3digo 3115<\/strong>&nbsp;&#8211; Corsette Lycra Animal Print- <strong>Talle:<\/strong>&nbsp;S, M, L , XL, XXL- <strong>Color:<\/strong>&nbsp;Leopardo, Cebra.<\/p>\n<p style=\"text-align: justify;\"><strong>C\u00f3digo 1115<\/strong>&nbsp;&#8211; Less Lycra Animal Print &#8211; <strong>Talle:<\/strong> \u00f9nico, grande &#8211;&nbsp;<strong>Color:<\/strong>&nbsp;Leopardo, Cebra.<\/p>\n<p style=\"text-align: justify;\"><strong>C\u00f3digo 9535<\/strong>&nbsp;&#8211; Medias Bucaneras en Lycra Animal Print &#8211; &nbsp;&nbsp;<strong>Talle:<\/strong>&nbsp;\u00f9nico- &nbsp;<strong>Color:<\/strong>&nbsp;Leopardo. <span style=\"color: #ff00ff;\">AGOTADAS<\/span><\/p>\n<p style=\"text-align: justify;\"><strong>C\u00f3digo 9125<\/strong>&nbsp;&#8211; Guantes en Lycra Animal Print &#8211; &nbsp;&nbsp;<strong>Talle:<\/strong>&nbsp;\u00f9nico- &nbsp;<strong>Color:<\/strong>&nbsp;Leopardo.&nbsp;<span style=\"color: #ff00ff;\">AGOTADOS<\/span><\/p>\n<p style=\"text-align: justify;\"><strong>C\u00f3digo 9215<\/strong>&nbsp;&#8211; Antifaz <span style=\"color: #ff00ff;\">AGOTADO<\/span><\/p>\n","protected":false},"excerpt":{"rendered":"<p>C\u00f3digo 3115&nbsp;&#8211; Corsette Lycra Animal Print- Talle:&nbsp;S, M, L , XL, XXL- Color:&nbsp;Leopardo, Cebra. C\u00f3digo 1115&nbsp;&#8211; Less Lycra Animal Print &#8211; Talle: \u00f9nico, grande &#8211;&nbsp;Color:&nbsp;Leopardo, Cebra. C\u00f3digo 9535&nbsp;&#8211; Medias Bucaneras en Lycra Animal Print &#8211; &nbsp;&nbsp;Talle:&nbsp;\u00f9nico- &nbsp;Color:&nbsp;Leopardo. AGOTADAS C\u00f3digo 9125&nbsp;&#8211; Guantes en Lycra Animal Print &#8211; &nbsp;&nbsp;Talle:&nbsp;\u00f9nico- &nbsp;Color:&nbsp;Leopardo.&nbsp;AGOTADOS C\u00f3digo 9215&nbsp;&#8211; Antifaz AGOTADO<\/p>\n","protected":false},"featured_media":771,"template":"","meta":[],"product_brand":[],"product_cat":[5,8],"product_tag":[],"class_list":{"0":"post-770","1":"product","2":"type-product","3":"status-publish","4":"has-post-thumbnail","6":"product_cat-lenceria-erotica","7":"product_cat-corsette","9":"first","10":"instock","11":"shipping-taxable","12":"product-type-simple"},"_links":{"self":[{"href":"https:\/\/sexysiempre.com\/web\/wp-json\/wp\/v2\/product\/770","targetHints":{"allow":["GET"]}}],"collection":[{"href":"https:\/\/sexysiempre.com\/web\/wp-json\/wp\/v2\/product"}],"about":[{"href":"https:\/\/sexysiempre.com\/web\/wp-json\/wp\/v2\/types\/product"}],"wp:featuredmedia":[{"embeddable":true,"href":"https:\/\/sexysiempre.com\/web\/wp-json\/wp\/v2\/media\/771"}],"wp:attachment":[{"href":"https:\/\/sexysiempre.com\/web\/wp-json\/wp\/v2\/media?parent=770"}],"wp:term":[{"taxonomy":"product_brand","embeddable":true,"href":"https:\/\/sexysiempre.com\/web\/wp-json\/wp\/v2\/product_brand?post=770"},{"taxonomy":"product_cat","embeddable":true,"href":"https:\/\/sexysiempre.com\/web\/wp-json\/wp\/v2\/product_cat?post=770"},{"taxonomy":"product_tag","embeddable":true,"href":"https:\/\/sexysiempre.com\/web\/wp-json\/wp\/v2\/product_tag?post=770"}],"curies":[{"name":"wp","href":"https:\/\/api.w.org\/{rel}","templated":true}]}}