{"id":776,"date":"2011-09-21T16:48:00","date_gmt":"2011-09-21T16:48:00","guid":{"rendered":"http:\/\/sexysiempre.com\/web\/?p=776"},"modified":"2020-09-08T13:51:20","modified_gmt":"2020-09-08T16:51:20","slug":"codigo-3159","status":"publish","type":"product","link":"https:\/\/sexysiempre.com\/web\/producto\/codigo-3159","title":{"rendered":"C\u00f3digo 3159"},"content":{"rendered":"<p style=\"text-align: justify\"><strong>C\u00f3digo 3159<\/strong>&nbsp;&#8211; Corsette Retro Lycra &#8211; <strong>Talle:<\/strong>&nbsp;S, M, L &#8211; <strong>Color:<\/strong>&nbsp;Negro, Rojo, Blanco.<\/p>\n<p style=\"text-align: justify\"><strong>C\u00f3digo 1159<\/strong>&nbsp;&#8211; Less Lycra- <strong>Talle:<\/strong>&nbsp;\u00f9nico &#8211;&nbsp;<strong>Color:<\/strong>&nbsp;Negro, Rojo, Blanco.<\/p>\n<p style=\"text-align: justify\"><strong>C\u00f3digo 9159<\/strong>&nbsp;&#8211; Guantes<\/p>\n<p style=\"text-align: justify\"><strong>C\u00f3digo 9559<\/strong>&nbsp;&#8211; Medias Lycra &#8211; <strong>Talle:<\/strong>&nbsp;\u00f9nico &#8211;&nbsp;<strong>Color:<\/strong>&nbsp;Negro, Rojo, Blanco.<\/p>\n","protected":false},"excerpt":{"rendered":"<p>C\u00f3digo 3159&nbsp;&#8211; Corsette Retro Lycra &#8211; Talle:&nbsp;S, M, L &#8211; Color:&nbsp;Negro, Rojo, Blanco. C\u00f3digo 1159&nbsp;&#8211; Less Lycra- Talle:&nbsp;\u00f9nico &#8211;&nbsp;Color:&nbsp;Negro, Rojo, Blanco. C\u00f3digo 9159&nbsp;&#8211; Guantes C\u00f3digo 9559&nbsp;&#8211; Medias Lycra &#8211; Talle:&nbsp;\u00f9nico &#8211;&nbsp;Color:&nbsp;Negro, Rojo, Blanco.<\/p>\n","protected":false},"featured_media":777,"template":"","meta":[],"product_brand":[],"product_cat":[5,8],"product_tag":[],"class_list":{"0":"post-776","1":"product","2":"type-product","3":"status-publish","4":"has-post-thumbnail","6":"product_cat-lenceria-erotica","7":"product_cat-corsette","9":"first","10":"instock","11":"shipping-taxable","12":"product-type-simple"},"_links":{"self":[{"href":"https:\/\/sexysiempre.com\/web\/wp-json\/wp\/v2\/product\/776","targetHints":{"allow":["GET"]}}],"collection":[{"href":"https:\/\/sexysiempre.com\/web\/wp-json\/wp\/v2\/product"}],"about":[{"href":"https:\/\/sexysiempre.com\/web\/wp-json\/wp\/v2\/types\/product"}],"wp:featuredmedia":[{"embeddable":true,"href":"https:\/\/sexysiempre.com\/web\/wp-json\/wp\/v2\/media\/777"}],"wp:attachment":[{"href":"https:\/\/sexysiempre.com\/web\/wp-json\/wp\/v2\/media?parent=776"}],"wp:term":[{"taxonomy":"product_brand","embeddable":true,"href":"https:\/\/sexysiempre.com\/web\/wp-json\/wp\/v2\/product_brand?post=776"},{"taxonomy":"product_cat","embeddable":true,"href":"https:\/\/sexysiempre.com\/web\/wp-json\/wp\/v2\/product_cat?post=776"},{"taxonomy":"product_tag","embeddable":true,"href":"https:\/\/sexysiempre.com\/web\/wp-json\/wp\/v2\/product_tag?post=776"}],"curies":[{"name":"wp","href":"https:\/\/api.w.org\/{rel}","templated":true}]}}