{"id":7760,"date":"2020-09-11T20:04:58","date_gmt":"2020-09-11T23:04:58","guid":{"rendered":"http:\/\/sexysiempre.com\/web\/?p=7760"},"modified":"2020-09-14T15:51:20","modified_gmt":"2020-09-14T18:51:20","slug":"lubricantes","status":"publish","type":"product","link":"https:\/\/sexysiempre.com\/web\/producto\/lubricantes","title":{"rendered":"Lubricantes"},"content":{"rendered":"\n<p class=\"has-text-align-justify\">Todos los geles y lubricantes que deseas&#8230;.aqu\u00ec est\u00e0n: Saborizados, Estimulantes femeninos, Estimulantes Masculino, Retardante de Eyaculaci\u00f2n, Dilatador Anal, Efecto Fr\u00eco, Efecto Calor y mucho mas!!<\/p>\n\n\n\n<p><\/p>\n","protected":false},"excerpt":{"rendered":"<p>Todos los geles y lubricantes que deseas&#8230;.aqu\u00ec est\u00e0n: Saborizados, Estimulantes femeninos, Estimulantes Masculino, Retardante de Eyaculaci\u00f2n, Dilatador Anal, Efecto Fr\u00eco, Efecto Calor y mucho mas!!<\/p>\n","protected":false},"featured_media":7764,"template":"","meta":[],"product_brand":[],"product_cat":[6,20],"product_tag":[],"class_list":{"0":"post-7760","1":"product","2":"type-product","3":"status-publish","4":"has-post-thumbnail","6":"product_cat-juguetes-accesorios-y-sexshop","7":"product_cat-aceites-geles-y-lubricantes","9":"first","10":"instock","11":"shipping-taxable","12":"product-type-simple"},"_links":{"self":[{"href":"https:\/\/sexysiempre.com\/web\/wp-json\/wp\/v2\/product\/7760","targetHints":{"allow":["GET"]}}],"collection":[{"href":"https:\/\/sexysiempre.com\/web\/wp-json\/wp\/v2\/product"}],"about":[{"href":"https:\/\/sexysiempre.com\/web\/wp-json\/wp\/v2\/types\/product"}],"wp:featuredmedia":[{"embeddable":true,"href":"https:\/\/sexysiempre.com\/web\/wp-json\/wp\/v2\/media\/7764"}],"wp:attachment":[{"href":"https:\/\/sexysiempre.com\/web\/wp-json\/wp\/v2\/media?parent=7760"}],"wp:term":[{"taxonomy":"product_brand","embeddable":true,"href":"https:\/\/sexysiempre.com\/web\/wp-json\/wp\/v2\/product_brand?post=7760"},{"taxonomy":"product_cat","embeddable":true,"href":"https:\/\/sexysiempre.com\/web\/wp-json\/wp\/v2\/product_cat?post=7760"},{"taxonomy":"product_tag","embeddable":true,"href":"https:\/\/sexysiempre.com\/web\/wp-json\/wp\/v2\/product_tag?post=7760"}],"curies":[{"name":"wp","href":"https:\/\/api.w.org\/{rel}","templated":true}]}}