{"id":8044,"date":"2020-10-08T15:13:19","date_gmt":"2020-10-08T18:13:19","guid":{"rendered":"http:\/\/sexysiempre.com\/web\/?post_type=product&#038;p=8044"},"modified":"2020-10-08T15:13:20","modified_gmt":"2020-10-08T18:13:20","slug":"felix-pretty-love","status":"publish","type":"product","link":"https:\/\/sexysiempre.com\/web\/producto\/felix-pretty-love","title":{"rendered":"FELIX, Pretty Love"},"content":{"rendered":"<p>C\u00f2digo BI-014223<\/p>\n<p>FELIX es otro sorprendente juguete de Pretty Love con el mas alto dise\u00f1o y calidad que ofrece 30 vibraciones diferentes que brindar\u00e0n intensos orgasmos,\u00a0 permite penetraci\u00f2n vaginal y estimulaci\u00f2n clitorial, mas all\u00e0 de dejar abierta tu imaginaci\u00f2n para otras formas de usarlo.\u00a0 Producto importado, resistente al agua, en silicona de extrema suavidad de distinguida performance que ha conquistado el mercado de los Juguetes para Adultos.<\/p>\n","protected":false},"excerpt":{"rendered":"<p>C\u00f2digo BI-014223 FELIX es otro sorprendente juguete de Pretty Love con el mas alto dise\u00f1o y calidad que ofrece 30 vibraciones diferentes que brindar\u00e0n intensos orgasmos,\u00a0 permite penetraci\u00f2n vaginal y estimulaci\u00f2n clitorial, mas all\u00e0 de dejar abierta tu imaginaci\u00f2n para otras formas de usarlo.\u00a0 Producto importado, resistente al agua, en silicona de extrema suavidad de [&hellip;]<\/p>\n","protected":false},"featured_media":8045,"template":"","meta":[],"product_brand":[],"product_cat":[6,275],"product_tag":[453,146,89],"class_list":{"0":"post-8044","1":"product","2":"type-product","3":"status-publish","4":"has-post-thumbnail","6":"product_cat-juguetes-accesorios-y-sexshop","7":"product_cat-alta-gama-rotadores-y-otros","8":"product_tag-sexshop-ushuia","9":"product_tag-tierra-del-fuego","10":"product_tag-vibradores-2","12":"first","13":"instock","14":"shipping-taxable","15":"product-type-simple"},"_links":{"self":[{"href":"https:\/\/sexysiempre.com\/web\/wp-json\/wp\/v2\/product\/8044","targetHints":{"allow":["GET"]}}],"collection":[{"href":"https:\/\/sexysiempre.com\/web\/wp-json\/wp\/v2\/product"}],"about":[{"href":"https:\/\/sexysiempre.com\/web\/wp-json\/wp\/v2\/types\/product"}],"wp:featuredmedia":[{"embeddable":true,"href":"https:\/\/sexysiempre.com\/web\/wp-json\/wp\/v2\/media\/8045"}],"wp:attachment":[{"href":"https:\/\/sexysiempre.com\/web\/wp-json\/wp\/v2\/media?parent=8044"}],"wp:term":[{"taxonomy":"product_brand","embeddable":true,"href":"https:\/\/sexysiempre.com\/web\/wp-json\/wp\/v2\/product_brand?post=8044"},{"taxonomy":"product_cat","embeddable":true,"href":"https:\/\/sexysiempre.com\/web\/wp-json\/wp\/v2\/product_cat?post=8044"},{"taxonomy":"product_tag","embeddable":true,"href":"https:\/\/sexysiempre.com\/web\/wp-json\/wp\/v2\/product_tag?post=8044"}],"curies":[{"name":"wp","href":"https:\/\/api.w.org\/{rel}","templated":true}]}}