{"id":8268,"date":"2021-01-25T18:37:31","date_gmt":"2021-01-25T21:37:31","guid":{"rendered":"http:\/\/sexysiempre.com\/web\/?post_type=product&#038;p=8268"},"modified":"2021-01-25T18:37:31","modified_gmt":"2021-01-25T21:37:31","slug":"anillo-vibrador-conejito-12-funciones","status":"publish","type":"product","link":"https:\/\/sexysiempre.com\/web\/producto\/anillo-vibrador-conejito-12-funciones","title":{"rendered":"Anillo vibrador \u00abConejito 12 funciones\u00bb"},"content":{"rendered":"<p>BI-010132-1<\/p>\n<p>Este anillo vibrador se adapta a cualquier tama\u00f1o por la versatilidad del material netamente en silicona. El anillo colabora en la erecci\u00f2n al tiempo que con sus 12 vibraciones sumando la textura, estimula pene y el conejito acaricia cl\u00ectoris conduciendo a profundos orgasmos.<\/p>\n<p><img fetchpriority=\"high\" decoding=\"async\" class=\"aligncenter size-medium wp-image-8270\" src=\"http:\/\/sexysiempre.com\/web\/wp-content\/uploads\/bi-010132-anillo-vibrador-conejito-12-funciones-1e526de9f1054d7691af73b6d1a4bf3a-650x650.jpg\" alt=\"\" width=\"300\" height=\"300\" srcset=\"https:\/\/sexysiempre.com\/web\/wp-content\/uploads\/bi-010132-anillo-vibrador-conejito-12-funciones-1e526de9f1054d7691af73b6d1a4bf3a-650x650.jpg 650w, https:\/\/sexysiempre.com\/web\/wp-content\/uploads\/bi-010132-anillo-vibrador-conejito-12-funciones-1e526de9f1054d7691af73b6d1a4bf3a-300x300.jpg 300w, https:\/\/sexysiempre.com\/web\/wp-content\/uploads\/bi-010132-anillo-vibrador-conejito-12-funciones-1e526de9f1054d7691af73b6d1a4bf3a-100x100.jpg 100w, https:\/\/sexysiempre.com\/web\/wp-content\/uploads\/bi-010132-anillo-vibrador-conejito-12-funciones-1e526de9f1054d7691af73b6d1a4bf3a-600x600.jpg 600w, https:\/\/sexysiempre.com\/web\/wp-content\/uploads\/bi-010132-anillo-vibrador-conejito-12-funciones-1e526de9f1054d7691af73b6d1a4bf3a-150x150.jpg 150w, https:\/\/sexysiempre.com\/web\/wp-content\/uploads\/bi-010132-anillo-vibrador-conejito-12-funciones-1e526de9f1054d7691af73b6d1a4bf3a-768x768.jpg 768w, https:\/\/sexysiempre.com\/web\/wp-content\/uploads\/bi-010132-anillo-vibrador-conejito-12-funciones-1e526de9f1054d7691af73b6d1a4bf3a-120x120.jpg 120w, https:\/\/sexysiempre.com\/web\/wp-content\/uploads\/bi-010132-anillo-vibrador-conejito-12-funciones-1e526de9f1054d7691af73b6d1a4bf3a.jpg 800w\" sizes=\"(max-width: 300px) 100vw, 300px\" \/><img decoding=\"async\" class=\"aligncenter size-medium wp-image-8271\" src=\"http:\/\/sexysiempre.com\/web\/wp-content\/uploads\/bi-010132-anillo-vibrador-conejito-12-funciones-c8652f4d4d8d4685ae9a28adcbe89db9-650x650.jpg\" alt=\"\" width=\"300\" height=\"300\" srcset=\"https:\/\/sexysiempre.com\/web\/wp-content\/uploads\/bi-010132-anillo-vibrador-conejito-12-funciones-c8652f4d4d8d4685ae9a28adcbe89db9-650x650.jpg 650w, https:\/\/sexysiempre.com\/web\/wp-content\/uploads\/bi-010132-anillo-vibrador-conejito-12-funciones-c8652f4d4d8d4685ae9a28adcbe89db9-300x300.jpg 300w, https:\/\/sexysiempre.com\/web\/wp-content\/uploads\/bi-010132-anillo-vibrador-conejito-12-funciones-c8652f4d4d8d4685ae9a28adcbe89db9-100x100.jpg 100w, https:\/\/sexysiempre.com\/web\/wp-content\/uploads\/bi-010132-anillo-vibrador-conejito-12-funciones-c8652f4d4d8d4685ae9a28adcbe89db9-600x600.jpg 600w, https:\/\/sexysiempre.com\/web\/wp-content\/uploads\/bi-010132-anillo-vibrador-conejito-12-funciones-c8652f4d4d8d4685ae9a28adcbe89db9-150x150.jpg 150w, https:\/\/sexysiempre.com\/web\/wp-content\/uploads\/bi-010132-anillo-vibrador-conejito-12-funciones-c8652f4d4d8d4685ae9a28adcbe89db9-768x768.jpg 768w, https:\/\/sexysiempre.com\/web\/wp-content\/uploads\/bi-010132-anillo-vibrador-conejito-12-funciones-c8652f4d4d8d4685ae9a28adcbe89db9-120x120.jpg 120w, https:\/\/sexysiempre.com\/web\/wp-content\/uploads\/bi-010132-anillo-vibrador-conejito-12-funciones-c8652f4d4d8d4685ae9a28adcbe89db9.jpg 800w\" sizes=\"(max-width: 300px) 100vw, 300px\" \/><\/p>\n","protected":false},"excerpt":{"rendered":"<p>BI-010132-1 Este anillo vibrador se adapta a cualquier tama\u00f1o por la versatilidad del material netamente en silicona. El anillo colabora en la erecci\u00f2n al tiempo que con sus 12 vibraciones sumando la textura, estimula pene y el conejito acaricia cl\u00ectoris conduciendo a profundos orgasmos.<\/p>\n","protected":false},"featured_media":8269,"template":"","meta":[],"product_brand":[],"product_cat":[6,31],"product_tag":[281,446],"class_list":{"0":"post-8268","1":"product","2":"type-product","3":"status-publish","4":"has-post-thumbnail","6":"product_cat-juguetes-accesorios-y-sexshop","7":"product_cat-anillos-vibradores","8":"product_tag-anillos-vibradores-2","9":"product_tag-sexshop-ushuaia-2","11":"first","12":"instock","13":"shipping-taxable","14":"product-type-simple"},"_links":{"self":[{"href":"https:\/\/sexysiempre.com\/web\/wp-json\/wp\/v2\/product\/8268","targetHints":{"allow":["GET"]}}],"collection":[{"href":"https:\/\/sexysiempre.com\/web\/wp-json\/wp\/v2\/product"}],"about":[{"href":"https:\/\/sexysiempre.com\/web\/wp-json\/wp\/v2\/types\/product"}],"wp:featuredmedia":[{"embeddable":true,"href":"https:\/\/sexysiempre.com\/web\/wp-json\/wp\/v2\/media\/8269"}],"wp:attachment":[{"href":"https:\/\/sexysiempre.com\/web\/wp-json\/wp\/v2\/media?parent=8268"}],"wp:term":[{"taxonomy":"product_brand","embeddable":true,"href":"https:\/\/sexysiempre.com\/web\/wp-json\/wp\/v2\/product_brand?post=8268"},{"taxonomy":"product_cat","embeddable":true,"href":"https:\/\/sexysiempre.com\/web\/wp-json\/wp\/v2\/product_cat?post=8268"},{"taxonomy":"product_tag","embeddable":true,"href":"https:\/\/sexysiempre.com\/web\/wp-json\/wp\/v2\/product_tag?post=8268"}],"curies":[{"name":"wp","href":"https:\/\/api.w.org\/{rel}","templated":true}]}}