{"id":8501,"date":"2021-05-19T18:25:58","date_gmt":"2021-05-19T21:25:58","guid":{"rendered":"https:\/\/sexysiempre.com\/web\/?post_type=product&#038;p=8501"},"modified":"2021-05-19T18:25:59","modified_gmt":"2021-05-19T21:25:59","slug":"rotador-vibrador-traveler-partner","status":"publish","type":"product","link":"https:\/\/sexysiempre.com\/web\/producto\/rotador-vibrador-traveler-partner","title":{"rendered":"Rotador Vibrador Traveler Partner"},"content":{"rendered":"<p>BW-020012<\/p>\n<p style=\"text-align: center;\">Maravilloso Rotador y Vibrador que brinda placeres intensos,\u00a0 \u00a0 las bolitas van rotando alrededor de su eje, la punta girando y el conejito es un potente estimulador de cl\u00edtoris que vibra estupendamente! De esta manera, posibilita penetraci\u00f2n vaginal, estimulaci\u00f2n del Pungo G y estimulaci\u00f2n clitorial.<\/p>\n<div style=\"text-align: center;\">Vas a querer usarlo siempre..!!<img fetchpriority=\"high\" decoding=\"async\" class=\"aligncenter size-medium wp-image-8503\" src=\"https:\/\/sexysiempre.com\/web\/wp-content\/uploads\/bw-020012-vibrador-rotador-traveler-partner-2d22921e19644c5fa773716a48cd85bc-650x650.gif\" alt=\"\" width=\"300\" height=\"300\" srcset=\"https:\/\/sexysiempre.com\/web\/wp-content\/uploads\/bw-020012-vibrador-rotador-traveler-partner-2d22921e19644c5fa773716a48cd85bc-650x650.gif 650w, https:\/\/sexysiempre.com\/web\/wp-content\/uploads\/bw-020012-vibrador-rotador-traveler-partner-2d22921e19644c5fa773716a48cd85bc-300x300.gif 300w, https:\/\/sexysiempre.com\/web\/wp-content\/uploads\/bw-020012-vibrador-rotador-traveler-partner-2d22921e19644c5fa773716a48cd85bc-100x100.gif 100w, https:\/\/sexysiempre.com\/web\/wp-content\/uploads\/bw-020012-vibrador-rotador-traveler-partner-2d22921e19644c5fa773716a48cd85bc-600x600.gif 600w, https:\/\/sexysiempre.com\/web\/wp-content\/uploads\/bw-020012-vibrador-rotador-traveler-partner-2d22921e19644c5fa773716a48cd85bc-150x150.gif 150w, https:\/\/sexysiempre.com\/web\/wp-content\/uploads\/bw-020012-vibrador-rotador-traveler-partner-2d22921e19644c5fa773716a48cd85bc-120x120.gif 120w\" sizes=\"(max-width: 300px) 100vw, 300px\" \/><img decoding=\"async\" class=\"aligncenter size-medium wp-image-8504\" src=\"https:\/\/sexysiempre.com\/web\/wp-content\/uploads\/bw-020012-vibrador-rotador-traveler-partner-0e6fa12a9eb74c9eaa07707700d76b95-650x650.jpg\" alt=\"\" width=\"300\" height=\"300\" srcset=\"https:\/\/sexysiempre.com\/web\/wp-content\/uploads\/bw-020012-vibrador-rotador-traveler-partner-0e6fa12a9eb74c9eaa07707700d76b95-650x650.jpg 650w, https:\/\/sexysiempre.com\/web\/wp-content\/uploads\/bw-020012-vibrador-rotador-traveler-partner-0e6fa12a9eb74c9eaa07707700d76b95-300x300.jpg 300w, https:\/\/sexysiempre.com\/web\/wp-content\/uploads\/bw-020012-vibrador-rotador-traveler-partner-0e6fa12a9eb74c9eaa07707700d76b95-100x100.jpg 100w, https:\/\/sexysiempre.com\/web\/wp-content\/uploads\/bw-020012-vibrador-rotador-traveler-partner-0e6fa12a9eb74c9eaa07707700d76b95-600x600.jpg 600w, https:\/\/sexysiempre.com\/web\/wp-content\/uploads\/bw-020012-vibrador-rotador-traveler-partner-0e6fa12a9eb74c9eaa07707700d76b95-150x150.jpg 150w, https:\/\/sexysiempre.com\/web\/wp-content\/uploads\/bw-020012-vibrador-rotador-traveler-partner-0e6fa12a9eb74c9eaa07707700d76b95-768x768.jpg 768w, https:\/\/sexysiempre.com\/web\/wp-content\/uploads\/bw-020012-vibrador-rotador-traveler-partner-0e6fa12a9eb74c9eaa07707700d76b95-120x120.jpg 120w, https:\/\/sexysiempre.com\/web\/wp-content\/uploads\/bw-020012-vibrador-rotador-traveler-partner-0e6fa12a9eb74c9eaa07707700d76b95.jpg 800w\" sizes=\"(max-width: 300px) 100vw, 300px\" \/><img decoding=\"async\" class=\"aligncenter size-medium wp-image-8505\" src=\"https:\/\/sexysiempre.com\/web\/wp-content\/uploads\/bw-020012-vibrador-rotador-traveler-partner-48d2bb664f5e492e92b87f1a97b65b29-650x650.jpg\" alt=\"\" width=\"300\" height=\"300\" srcset=\"https:\/\/sexysiempre.com\/web\/wp-content\/uploads\/bw-020012-vibrador-rotador-traveler-partner-48d2bb664f5e492e92b87f1a97b65b29-650x650.jpg 650w, https:\/\/sexysiempre.com\/web\/wp-content\/uploads\/bw-020012-vibrador-rotador-traveler-partner-48d2bb664f5e492e92b87f1a97b65b29-300x300.jpg 300w, https:\/\/sexysiempre.com\/web\/wp-content\/uploads\/bw-020012-vibrador-rotador-traveler-partner-48d2bb664f5e492e92b87f1a97b65b29-100x100.jpg 100w, https:\/\/sexysiempre.com\/web\/wp-content\/uploads\/bw-020012-vibrador-rotador-traveler-partner-48d2bb664f5e492e92b87f1a97b65b29-600x600.jpg 600w, https:\/\/sexysiempre.com\/web\/wp-content\/uploads\/bw-020012-vibrador-rotador-traveler-partner-48d2bb664f5e492e92b87f1a97b65b29-150x150.jpg 150w, https:\/\/sexysiempre.com\/web\/wp-content\/uploads\/bw-020012-vibrador-rotador-traveler-partner-48d2bb664f5e492e92b87f1a97b65b29-768x768.jpg 768w, https:\/\/sexysiempre.com\/web\/wp-content\/uploads\/bw-020012-vibrador-rotador-traveler-partner-48d2bb664f5e492e92b87f1a97b65b29-120x120.jpg 120w, https:\/\/sexysiempre.com\/web\/wp-content\/uploads\/bw-020012-vibrador-rotador-traveler-partner-48d2bb664f5e492e92b87f1a97b65b29.jpg 800w\" sizes=\"(max-width: 300px) 100vw, 300px\" \/><\/div>\n","protected":false},"excerpt":{"rendered":"<p>BW-020012 Maravilloso Rotador y Vibrador que brinda placeres intensos,\u00a0 \u00a0 las bolitas van rotando alrededor de su eje, la punta girando y el conejito es un potente estimulador de cl\u00edtoris que vibra estupendamente! De esta manera, posibilita penetraci\u00f2n vaginal, estimulaci\u00f2n del Pungo G y estimulaci\u00f2n clitorial. Vas a querer usarlo siempre..!!<\/p>\n","protected":false},"featured_media":8506,"template":"","meta":[],"product_brand":[],"product_cat":[6,275],"product_tag":[200,446,146],"class_list":{"0":"post-8501","1":"product","2":"type-product","3":"status-publish","4":"has-post-thumbnail","6":"product_cat-juguetes-accesorios-y-sexshop","7":"product_cat-alta-gama-rotadores-y-otros","8":"product_tag-rotadores","9":"product_tag-sexshop-ushuaia-2","10":"product_tag-tierra-del-fuego","12":"first","13":"instock","14":"shipping-taxable","15":"product-type-simple"},"_links":{"self":[{"href":"https:\/\/sexysiempre.com\/web\/wp-json\/wp\/v2\/product\/8501","targetHints":{"allow":["GET"]}}],"collection":[{"href":"https:\/\/sexysiempre.com\/web\/wp-json\/wp\/v2\/product"}],"about":[{"href":"https:\/\/sexysiempre.com\/web\/wp-json\/wp\/v2\/types\/product"}],"wp:featuredmedia":[{"embeddable":true,"href":"https:\/\/sexysiempre.com\/web\/wp-json\/wp\/v2\/media\/8506"}],"wp:attachment":[{"href":"https:\/\/sexysiempre.com\/web\/wp-json\/wp\/v2\/media?parent=8501"}],"wp:term":[{"taxonomy":"product_brand","embeddable":true,"href":"https:\/\/sexysiempre.com\/web\/wp-json\/wp\/v2\/product_brand?post=8501"},{"taxonomy":"product_cat","embeddable":true,"href":"https:\/\/sexysiempre.com\/web\/wp-json\/wp\/v2\/product_cat?post=8501"},{"taxonomy":"product_tag","embeddable":true,"href":"https:\/\/sexysiempre.com\/web\/wp-json\/wp\/v2\/product_tag?post=8501"}],"curies":[{"name":"wp","href":"https:\/\/api.w.org\/{rel}","templated":true}]}}