{"id":8508,"date":"2021-05-19T18:49:26","date_gmt":"2021-05-19T21:49:26","guid":{"rendered":"https:\/\/sexysiempre.com\/web\/?post_type=product&#038;p=8508"},"modified":"2021-05-19T18:49:27","modified_gmt":"2021-05-19T21:49:27","slug":"rotador-vibrador-traveler-partner-pink","status":"publish","type":"product","link":"https:\/\/sexysiempre.com\/web\/producto\/rotador-vibrador-traveler-partner-pink","title":{"rendered":"Rotador Vibrador Traveler Partner Pink"},"content":{"rendered":"<p>BW-020005<\/p>\n<p style=\"text-align: center;\">Rotador y Vibrador que vas a querer usar siempre, posibilita penetraci\u00f2n vaginal, estimulaci\u00f2n del Punto G y tambi\u00e8n estimulaci\u00f2n clitorial brindando placeres intensos. Se pueden utilizar ambas funciones al mismo tiempo o en forma indistinta.<\/p>\n<p><img fetchpriority=\"high\" decoding=\"async\" class=\"aligncenter size-medium wp-image-8510\" src=\"https:\/\/sexysiempre.com\/web\/wp-content\/uploads\/bw-020005-vibrador-rotador-traveler-partner-26f0e95a45734b1a8895fc1984eafc23-650x650.gif\" alt=\"\" width=\"300\" height=\"300\" srcset=\"https:\/\/sexysiempre.com\/web\/wp-content\/uploads\/bw-020005-vibrador-rotador-traveler-partner-26f0e95a45734b1a8895fc1984eafc23-650x650.gif 650w, https:\/\/sexysiempre.com\/web\/wp-content\/uploads\/bw-020005-vibrador-rotador-traveler-partner-26f0e95a45734b1a8895fc1984eafc23-300x300.gif 300w, https:\/\/sexysiempre.com\/web\/wp-content\/uploads\/bw-020005-vibrador-rotador-traveler-partner-26f0e95a45734b1a8895fc1984eafc23-100x100.gif 100w, https:\/\/sexysiempre.com\/web\/wp-content\/uploads\/bw-020005-vibrador-rotador-traveler-partner-26f0e95a45734b1a8895fc1984eafc23-600x600.gif 600w, https:\/\/sexysiempre.com\/web\/wp-content\/uploads\/bw-020005-vibrador-rotador-traveler-partner-26f0e95a45734b1a8895fc1984eafc23-150x150.gif 150w, https:\/\/sexysiempre.com\/web\/wp-content\/uploads\/bw-020005-vibrador-rotador-traveler-partner-26f0e95a45734b1a8895fc1984eafc23-120x120.gif 120w\" sizes=\"(max-width: 300px) 100vw, 300px\" \/><img decoding=\"async\" class=\"aligncenter size-medium wp-image-8511\" src=\"https:\/\/sexysiempre.com\/web\/wp-content\/uploads\/bw-020005-vibrador-rotador-traveler-partner-dcd11ee5cc6a440e8ff2aa76363ae1fe-650x650.jpg\" alt=\"\" width=\"300\" height=\"300\" srcset=\"https:\/\/sexysiempre.com\/web\/wp-content\/uploads\/bw-020005-vibrador-rotador-traveler-partner-dcd11ee5cc6a440e8ff2aa76363ae1fe-650x650.jpg 650w, https:\/\/sexysiempre.com\/web\/wp-content\/uploads\/bw-020005-vibrador-rotador-traveler-partner-dcd11ee5cc6a440e8ff2aa76363ae1fe-300x300.jpg 300w, https:\/\/sexysiempre.com\/web\/wp-content\/uploads\/bw-020005-vibrador-rotador-traveler-partner-dcd11ee5cc6a440e8ff2aa76363ae1fe-100x100.jpg 100w, https:\/\/sexysiempre.com\/web\/wp-content\/uploads\/bw-020005-vibrador-rotador-traveler-partner-dcd11ee5cc6a440e8ff2aa76363ae1fe-600x600.jpg 600w, https:\/\/sexysiempre.com\/web\/wp-content\/uploads\/bw-020005-vibrador-rotador-traveler-partner-dcd11ee5cc6a440e8ff2aa76363ae1fe-150x150.jpg 150w, https:\/\/sexysiempre.com\/web\/wp-content\/uploads\/bw-020005-vibrador-rotador-traveler-partner-dcd11ee5cc6a440e8ff2aa76363ae1fe-768x768.jpg 768w, https:\/\/sexysiempre.com\/web\/wp-content\/uploads\/bw-020005-vibrador-rotador-traveler-partner-dcd11ee5cc6a440e8ff2aa76363ae1fe-120x120.jpg 120w, https:\/\/sexysiempre.com\/web\/wp-content\/uploads\/bw-020005-vibrador-rotador-traveler-partner-dcd11ee5cc6a440e8ff2aa76363ae1fe.jpg 800w\" sizes=\"(max-width: 300px) 100vw, 300px\" \/><img decoding=\"async\" class=\"aligncenter size-medium wp-image-8512\" src=\"https:\/\/sexysiempre.com\/web\/wp-content\/uploads\/bw-020005-vibrador-rotador-traveler-partner-cf410b0d6d2a416bbb391f003afb5893-650x650.jpg\" alt=\"\" width=\"300\" height=\"300\" srcset=\"https:\/\/sexysiempre.com\/web\/wp-content\/uploads\/bw-020005-vibrador-rotador-traveler-partner-cf410b0d6d2a416bbb391f003afb5893-650x650.jpg 650w, https:\/\/sexysiempre.com\/web\/wp-content\/uploads\/bw-020005-vibrador-rotador-traveler-partner-cf410b0d6d2a416bbb391f003afb5893-300x300.jpg 300w, https:\/\/sexysiempre.com\/web\/wp-content\/uploads\/bw-020005-vibrador-rotador-traveler-partner-cf410b0d6d2a416bbb391f003afb5893-100x100.jpg 100w, https:\/\/sexysiempre.com\/web\/wp-content\/uploads\/bw-020005-vibrador-rotador-traveler-partner-cf410b0d6d2a416bbb391f003afb5893-600x600.jpg 600w, https:\/\/sexysiempre.com\/web\/wp-content\/uploads\/bw-020005-vibrador-rotador-traveler-partner-cf410b0d6d2a416bbb391f003afb5893-150x150.jpg 150w, https:\/\/sexysiempre.com\/web\/wp-content\/uploads\/bw-020005-vibrador-rotador-traveler-partner-cf410b0d6d2a416bbb391f003afb5893-768x768.jpg 768w, https:\/\/sexysiempre.com\/web\/wp-content\/uploads\/bw-020005-vibrador-rotador-traveler-partner-cf410b0d6d2a416bbb391f003afb5893-120x120.jpg 120w, https:\/\/sexysiempre.com\/web\/wp-content\/uploads\/bw-020005-vibrador-rotador-traveler-partner-cf410b0d6d2a416bbb391f003afb5893.jpg 800w\" sizes=\"(max-width: 300px) 100vw, 300px\" \/><img loading=\"lazy\" decoding=\"async\" class=\"aligncenter size-medium wp-image-8513\" src=\"https:\/\/sexysiempre.com\/web\/wp-content\/uploads\/bw-020005-vibrador-rotador-traveler-partner-d23c5780611544e8a9f87943b07691ce-650x650.jpg\" alt=\"\" width=\"300\" height=\"300\" srcset=\"https:\/\/sexysiempre.com\/web\/wp-content\/uploads\/bw-020005-vibrador-rotador-traveler-partner-d23c5780611544e8a9f87943b07691ce-650x650.jpg 650w, https:\/\/sexysiempre.com\/web\/wp-content\/uploads\/bw-020005-vibrador-rotador-traveler-partner-d23c5780611544e8a9f87943b07691ce-300x300.jpg 300w, https:\/\/sexysiempre.com\/web\/wp-content\/uploads\/bw-020005-vibrador-rotador-traveler-partner-d23c5780611544e8a9f87943b07691ce-100x100.jpg 100w, https:\/\/sexysiempre.com\/web\/wp-content\/uploads\/bw-020005-vibrador-rotador-traveler-partner-d23c5780611544e8a9f87943b07691ce-600x600.jpg 600w, https:\/\/sexysiempre.com\/web\/wp-content\/uploads\/bw-020005-vibrador-rotador-traveler-partner-d23c5780611544e8a9f87943b07691ce-150x150.jpg 150w, https:\/\/sexysiempre.com\/web\/wp-content\/uploads\/bw-020005-vibrador-rotador-traveler-partner-d23c5780611544e8a9f87943b07691ce-768x768.jpg 768w, https:\/\/sexysiempre.com\/web\/wp-content\/uploads\/bw-020005-vibrador-rotador-traveler-partner-d23c5780611544e8a9f87943b07691ce-120x120.jpg 120w, https:\/\/sexysiempre.com\/web\/wp-content\/uploads\/bw-020005-vibrador-rotador-traveler-partner-d23c5780611544e8a9f87943b07691ce.jpg 800w\" sizes=\"(max-width: 300px) 100vw, 300px\" \/><\/p>\n","protected":false},"excerpt":{"rendered":"<p>BW-020005 Rotador y Vibrador que vas a querer usar siempre, posibilita penetraci\u00f2n vaginal, estimulaci\u00f2n del Punto G y tambi\u00e8n estimulaci\u00f2n clitorial brindando placeres intensos. Se pueden utilizar ambas funciones al mismo tiempo o en forma indistinta.<\/p>\n","protected":false},"featured_media":8509,"template":"","meta":[],"product_brand":[],"product_cat":[6,275],"product_tag":[],"class_list":{"0":"post-8508","1":"product","2":"type-product","3":"status-publish","4":"has-post-thumbnail","6":"product_cat-juguetes-accesorios-y-sexshop","7":"product_cat-alta-gama-rotadores-y-otros","9":"first","10":"instock","11":"shipping-taxable","12":"product-type-simple"},"_links":{"self":[{"href":"https:\/\/sexysiempre.com\/web\/wp-json\/wp\/v2\/product\/8508","targetHints":{"allow":["GET"]}}],"collection":[{"href":"https:\/\/sexysiempre.com\/web\/wp-json\/wp\/v2\/product"}],"about":[{"href":"https:\/\/sexysiempre.com\/web\/wp-json\/wp\/v2\/types\/product"}],"wp:featuredmedia":[{"embeddable":true,"href":"https:\/\/sexysiempre.com\/web\/wp-json\/wp\/v2\/media\/8509"}],"wp:attachment":[{"href":"https:\/\/sexysiempre.com\/web\/wp-json\/wp\/v2\/media?parent=8508"}],"wp:term":[{"taxonomy":"product_brand","embeddable":true,"href":"https:\/\/sexysiempre.com\/web\/wp-json\/wp\/v2\/product_brand?post=8508"},{"taxonomy":"product_cat","embeddable":true,"href":"https:\/\/sexysiempre.com\/web\/wp-json\/wp\/v2\/product_cat?post=8508"},{"taxonomy":"product_tag","embeddable":true,"href":"https:\/\/sexysiempre.com\/web\/wp-json\/wp\/v2\/product_tag?post=8508"}],"curies":[{"name":"wp","href":"https:\/\/api.w.org\/{rel}","templated":true}]}}