{"id":8543,"date":"2021-05-19T19:53:35","date_gmt":"2021-05-19T22:53:35","guid":{"rendered":"https:\/\/sexysiempre.com\/web\/?post_type=product&#038;p=8543"},"modified":"2021-05-19T19:53:36","modified_gmt":"2021-05-19T22:53:36","slug":"serum-concentrado-eos-tightening-pleasure","status":"publish","type":"product","link":"https:\/\/sexysiempre.com\/web\/producto\/serum-concentrado-eos-tightening-pleasure","title":{"rendered":"Serum Concentrado EOS Tightening Pleasure"},"content":{"rendered":"<p style=\"text-align: center;\">Lubricante a base de silicona pura y de alta calidad. F\u00f3rmula \u00fanica con extractos de Hammamelis y Aloe Vera hace que el tejido vaginal se contraiga, permitiendo que ambos sientan cada cent\u00edmetro de penetraci\u00f3n para obtener el m\u00e0ximo placer. Sensaci\u00f2n sedosa, duradera y no se vuelve pegajosa.<\/p>\n<p>&nbsp;<\/p>\n","protected":false},"excerpt":{"rendered":"<p>Lubricante a base de silicona pura y de alta calidad. F\u00f3rmula \u00fanica con extractos de Hammamelis y Aloe Vera hace que el tejido vaginal se contraiga, permitiendo que ambos sientan cada cent\u00edmetro de penetraci\u00f3n para obtener el m\u00e0ximo placer. Sensaci\u00f2n sedosa, duradera y no se vuelve pegajosa. &nbsp;<\/p>\n","protected":false},"featured_media":8544,"template":"","meta":[],"product_brand":[],"product_cat":[6,20],"product_tag":[463,446,146],"class_list":{"0":"post-8543","1":"product","2":"type-product","3":"status-publish","4":"has-post-thumbnail","6":"product_cat-juguetes-accesorios-y-sexshop","7":"product_cat-aceites-geles-y-lubricantes","8":"product_tag-serum","9":"product_tag-sexshop-ushuaia-2","10":"product_tag-tierra-del-fuego","12":"first","13":"instock","14":"shipping-taxable","15":"product-type-simple"},"_links":{"self":[{"href":"https:\/\/sexysiempre.com\/web\/wp-json\/wp\/v2\/product\/8543","targetHints":{"allow":["GET"]}}],"collection":[{"href":"https:\/\/sexysiempre.com\/web\/wp-json\/wp\/v2\/product"}],"about":[{"href":"https:\/\/sexysiempre.com\/web\/wp-json\/wp\/v2\/types\/product"}],"wp:featuredmedia":[{"embeddable":true,"href":"https:\/\/sexysiempre.com\/web\/wp-json\/wp\/v2\/media\/8544"}],"wp:attachment":[{"href":"https:\/\/sexysiempre.com\/web\/wp-json\/wp\/v2\/media?parent=8543"}],"wp:term":[{"taxonomy":"product_brand","embeddable":true,"href":"https:\/\/sexysiempre.com\/web\/wp-json\/wp\/v2\/product_brand?post=8543"},{"taxonomy":"product_cat","embeddable":true,"href":"https:\/\/sexysiempre.com\/web\/wp-json\/wp\/v2\/product_cat?post=8543"},{"taxonomy":"product_tag","embeddable":true,"href":"https:\/\/sexysiempre.com\/web\/wp-json\/wp\/v2\/product_tag?post=8543"}],"curies":[{"name":"wp","href":"https:\/\/api.w.org\/{rel}","templated":true}]}}