{"id":8587,"date":"2021-05-19T21:01:48","date_gmt":"2021-05-20T00:01:48","guid":{"rendered":"https:\/\/sexysiempre.com\/web\/?post_type=product&#038;p=8587"},"modified":"2024-01-04T17:08:13","modified_gmt":"2024-01-04T20:08:13","slug":"christ-de-pretty-love-10-funciones","status":"publish","type":"product","link":"https:\/\/sexysiempre.com\/web\/producto\/christ-de-pretty-love-10-funciones","title":{"rendered":"CHRIST de Pretty Love, 10 funciones"},"content":{"rendered":"<p>BI-014320<\/p>\n<p style=\"text-align: center;\">Pretty Love nos sigue sorprendiendo con su exclusiva l\u00ecnea de productos de excelente calidad. Christ,\u00a0 vibrador en silicona mega suave, posee 10 funciones de vibraci\u00f2n permitiendo penetraci\u00f2n vaginal, estimulaci\u00f2n de Punto G y estimulaci\u00f2n clitorial. Hecho para so\u00f1ar despierta!<img fetchpriority=\"high\" decoding=\"async\" class=\"aligncenter size-medium wp-image-8589\" src=\"https:\/\/sexysiempre.com\/web\/wp-content\/uploads\/bi-014320-vibrador-christ-10-funciones-silicona-b5f3c1c7de864f158b5b3b082c6ab99b-650x650.jpg\" alt=\"\" width=\"300\" height=\"300\" srcset=\"https:\/\/sexysiempre.com\/web\/wp-content\/uploads\/bi-014320-vibrador-christ-10-funciones-silicona-b5f3c1c7de864f158b5b3b082c6ab99b-650x650.jpg 650w, https:\/\/sexysiempre.com\/web\/wp-content\/uploads\/bi-014320-vibrador-christ-10-funciones-silicona-b5f3c1c7de864f158b5b3b082c6ab99b-300x300.jpg 300w, https:\/\/sexysiempre.com\/web\/wp-content\/uploads\/bi-014320-vibrador-christ-10-funciones-silicona-b5f3c1c7de864f158b5b3b082c6ab99b-100x100.jpg 100w, https:\/\/sexysiempre.com\/web\/wp-content\/uploads\/bi-014320-vibrador-christ-10-funciones-silicona-b5f3c1c7de864f158b5b3b082c6ab99b-600x600.jpg 600w, https:\/\/sexysiempre.com\/web\/wp-content\/uploads\/bi-014320-vibrador-christ-10-funciones-silicona-b5f3c1c7de864f158b5b3b082c6ab99b-150x150.jpg 150w, https:\/\/sexysiempre.com\/web\/wp-content\/uploads\/bi-014320-vibrador-christ-10-funciones-silicona-b5f3c1c7de864f158b5b3b082c6ab99b-768x768.jpg 768w, https:\/\/sexysiempre.com\/web\/wp-content\/uploads\/bi-014320-vibrador-christ-10-funciones-silicona-b5f3c1c7de864f158b5b3b082c6ab99b-120x120.jpg 120w, https:\/\/sexysiempre.com\/web\/wp-content\/uploads\/bi-014320-vibrador-christ-10-funciones-silicona-b5f3c1c7de864f158b5b3b082c6ab99b.jpg 800w\" sizes=\"(max-width: 300px) 100vw, 300px\" \/><img decoding=\"async\" class=\"aligncenter size-medium wp-image-8590\" src=\"https:\/\/sexysiempre.com\/web\/wp-content\/uploads\/bi-014320-vibrador-christ-10-funciones-silicona-61c0d03606184743a127dbbe85b61b13-650x650.jpg\" alt=\"\" width=\"300\" height=\"300\" srcset=\"https:\/\/sexysiempre.com\/web\/wp-content\/uploads\/bi-014320-vibrador-christ-10-funciones-silicona-61c0d03606184743a127dbbe85b61b13-650x650.jpg 650w, https:\/\/sexysiempre.com\/web\/wp-content\/uploads\/bi-014320-vibrador-christ-10-funciones-silicona-61c0d03606184743a127dbbe85b61b13-300x300.jpg 300w, https:\/\/sexysiempre.com\/web\/wp-content\/uploads\/bi-014320-vibrador-christ-10-funciones-silicona-61c0d03606184743a127dbbe85b61b13-100x100.jpg 100w, https:\/\/sexysiempre.com\/web\/wp-content\/uploads\/bi-014320-vibrador-christ-10-funciones-silicona-61c0d03606184743a127dbbe85b61b13-600x600.jpg 600w, https:\/\/sexysiempre.com\/web\/wp-content\/uploads\/bi-014320-vibrador-christ-10-funciones-silicona-61c0d03606184743a127dbbe85b61b13-150x150.jpg 150w, https:\/\/sexysiempre.com\/web\/wp-content\/uploads\/bi-014320-vibrador-christ-10-funciones-silicona-61c0d03606184743a127dbbe85b61b13-768x768.jpg 768w, https:\/\/sexysiempre.com\/web\/wp-content\/uploads\/bi-014320-vibrador-christ-10-funciones-silicona-61c0d03606184743a127dbbe85b61b13-120x120.jpg 120w, https:\/\/sexysiempre.com\/web\/wp-content\/uploads\/bi-014320-vibrador-christ-10-funciones-silicona-61c0d03606184743a127dbbe85b61b13.jpg 800w\" sizes=\"(max-width: 300px) 100vw, 300px\" \/><img decoding=\"async\" class=\"aligncenter size-medium wp-image-8591\" src=\"https:\/\/sexysiempre.com\/web\/wp-content\/uploads\/bi-014320-vibrador-christ-10-funciones-silicona-0589331b52e94219afc1d708576ba0a7-650x650.jpg\" alt=\"\" width=\"300\" height=\"300\" srcset=\"https:\/\/sexysiempre.com\/web\/wp-content\/uploads\/bi-014320-vibrador-christ-10-funciones-silicona-0589331b52e94219afc1d708576ba0a7-650x650.jpg 650w, https:\/\/sexysiempre.com\/web\/wp-content\/uploads\/bi-014320-vibrador-christ-10-funciones-silicona-0589331b52e94219afc1d708576ba0a7-300x300.jpg 300w, https:\/\/sexysiempre.com\/web\/wp-content\/uploads\/bi-014320-vibrador-christ-10-funciones-silicona-0589331b52e94219afc1d708576ba0a7-100x100.jpg 100w, https:\/\/sexysiempre.com\/web\/wp-content\/uploads\/bi-014320-vibrador-christ-10-funciones-silicona-0589331b52e94219afc1d708576ba0a7-600x600.jpg 600w, https:\/\/sexysiempre.com\/web\/wp-content\/uploads\/bi-014320-vibrador-christ-10-funciones-silicona-0589331b52e94219afc1d708576ba0a7-150x150.jpg 150w, https:\/\/sexysiempre.com\/web\/wp-content\/uploads\/bi-014320-vibrador-christ-10-funciones-silicona-0589331b52e94219afc1d708576ba0a7-768x768.jpg 768w, https:\/\/sexysiempre.com\/web\/wp-content\/uploads\/bi-014320-vibrador-christ-10-funciones-silicona-0589331b52e94219afc1d708576ba0a7-120x120.jpg 120w, https:\/\/sexysiempre.com\/web\/wp-content\/uploads\/bi-014320-vibrador-christ-10-funciones-silicona-0589331b52e94219afc1d708576ba0a7.jpg 800w\" sizes=\"(max-width: 300px) 100vw, 300px\" \/><img loading=\"lazy\" decoding=\"async\" class=\"aligncenter size-medium wp-image-8592\" src=\"https:\/\/sexysiempre.com\/web\/wp-content\/uploads\/bi-014320-vibrador-christ-10-funciones-silicona-df8b921836d14795a88f066df7c8a166-650x650.jpg\" alt=\"\" width=\"300\" height=\"300\" srcset=\"https:\/\/sexysiempre.com\/web\/wp-content\/uploads\/bi-014320-vibrador-christ-10-funciones-silicona-df8b921836d14795a88f066df7c8a166-650x650.jpg 650w, https:\/\/sexysiempre.com\/web\/wp-content\/uploads\/bi-014320-vibrador-christ-10-funciones-silicona-df8b921836d14795a88f066df7c8a166-300x300.jpg 300w, https:\/\/sexysiempre.com\/web\/wp-content\/uploads\/bi-014320-vibrador-christ-10-funciones-silicona-df8b921836d14795a88f066df7c8a166-100x100.jpg 100w, https:\/\/sexysiempre.com\/web\/wp-content\/uploads\/bi-014320-vibrador-christ-10-funciones-silicona-df8b921836d14795a88f066df7c8a166-600x600.jpg 600w, https:\/\/sexysiempre.com\/web\/wp-content\/uploads\/bi-014320-vibrador-christ-10-funciones-silicona-df8b921836d14795a88f066df7c8a166-150x150.jpg 150w, https:\/\/sexysiempre.com\/web\/wp-content\/uploads\/bi-014320-vibrador-christ-10-funciones-silicona-df8b921836d14795a88f066df7c8a166-768x768.jpg 768w, https:\/\/sexysiempre.com\/web\/wp-content\/uploads\/bi-014320-vibrador-christ-10-funciones-silicona-df8b921836d14795a88f066df7c8a166-120x120.jpg 120w, https:\/\/sexysiempre.com\/web\/wp-content\/uploads\/bi-014320-vibrador-christ-10-funciones-silicona-df8b921836d14795a88f066df7c8a166.jpg 800w\" sizes=\"(max-width: 300px) 100vw, 300px\" \/><\/p>\n<p>&nbsp;<\/p>\n<p>&nbsp;<\/p>\n","protected":false},"excerpt":{"rendered":"<p>BI-014320 Pretty Love nos sigue sorprendiendo con su exclusiva l\u00ecnea de productos de excelente calidad. Christ,\u00a0 vibrador en silicona mega suave, posee 10 funciones de vibraci\u00f2n permitiendo penetraci\u00f2n vaginal, estimulaci\u00f2n de Punto G y estimulaci\u00f2n clitorial. Hecho para so\u00f1ar despierta! &nbsp; &nbsp;<\/p>\n","protected":false},"featured_media":10882,"template":"","meta":[],"product_brand":[],"product_cat":[6,275],"product_tag":[446,146,89],"class_list":{"0":"post-8587","1":"product","2":"type-product","3":"status-publish","4":"has-post-thumbnail","6":"product_cat-juguetes-accesorios-y-sexshop","7":"product_cat-alta-gama-rotadores-y-otros","8":"product_tag-sexshop-ushuaia-2","9":"product_tag-tierra-del-fuego","10":"product_tag-vibradores-2","12":"first","13":"instock","14":"shipping-taxable","15":"product-type-simple"},"_links":{"self":[{"href":"https:\/\/sexysiempre.com\/web\/wp-json\/wp\/v2\/product\/8587","targetHints":{"allow":["GET"]}}],"collection":[{"href":"https:\/\/sexysiempre.com\/web\/wp-json\/wp\/v2\/product"}],"about":[{"href":"https:\/\/sexysiempre.com\/web\/wp-json\/wp\/v2\/types\/product"}],"wp:featuredmedia":[{"embeddable":true,"href":"https:\/\/sexysiempre.com\/web\/wp-json\/wp\/v2\/media\/10882"}],"wp:attachment":[{"href":"https:\/\/sexysiempre.com\/web\/wp-json\/wp\/v2\/media?parent=8587"}],"wp:term":[{"taxonomy":"product_brand","embeddable":true,"href":"https:\/\/sexysiempre.com\/web\/wp-json\/wp\/v2\/product_brand?post=8587"},{"taxonomy":"product_cat","embeddable":true,"href":"https:\/\/sexysiempre.com\/web\/wp-json\/wp\/v2\/product_cat?post=8587"},{"taxonomy":"product_tag","embeddable":true,"href":"https:\/\/sexysiempre.com\/web\/wp-json\/wp\/v2\/product_tag?post=8587"}],"curies":[{"name":"wp","href":"https:\/\/api.w.org\/{rel}","templated":true}]}}