{"id":8645,"date":"2021-05-20T15:17:42","date_gmt":"2021-05-20T18:17:42","guid":{"rendered":"https:\/\/sexysiempre.com\/web\/?post_type=product&#038;p=8645"},"modified":"2021-05-20T15:17:43","modified_gmt":"2021-05-20T18:17:43","slug":"gene-de-pretty-love-30-funciones","status":"publish","type":"product","link":"https:\/\/sexysiempre.com\/web\/producto\/gene-de-pretty-love-30-funciones","title":{"rendered":"Gene de Pretty Love, 30 funciones."},"content":{"rendered":"<p>BI-014244<\/p>\n<p style=\"text-align: center;\">Gene fue dise\u00f1ado con alt\u00ecsima est\u00e8tica para brindar el mas alto placer con sus 30 vibraciones diferentes y en una textura super agradable al tacto. Posibilita penetraci\u00f2n vaginal y estimulaci\u00f2n clitorial, sin olvidar que el Punto G estar\u00e0 maravillado.<img fetchpriority=\"high\" decoding=\"async\" class=\"aligncenter size-medium wp-image-8647\" src=\"https:\/\/sexysiempre.com\/web\/wp-content\/uploads\/bi-014244-vibrador-gene-30-funciones-silicona-c0bbfa48d7f643f982776e8207dadf0b-650x650.jpg\" alt=\"\" width=\"300\" height=\"300\" srcset=\"https:\/\/sexysiempre.com\/web\/wp-content\/uploads\/bi-014244-vibrador-gene-30-funciones-silicona-c0bbfa48d7f643f982776e8207dadf0b-650x650.jpg 650w, https:\/\/sexysiempre.com\/web\/wp-content\/uploads\/bi-014244-vibrador-gene-30-funciones-silicona-c0bbfa48d7f643f982776e8207dadf0b-300x300.jpg 300w, https:\/\/sexysiempre.com\/web\/wp-content\/uploads\/bi-014244-vibrador-gene-30-funciones-silicona-c0bbfa48d7f643f982776e8207dadf0b-100x100.jpg 100w, https:\/\/sexysiempre.com\/web\/wp-content\/uploads\/bi-014244-vibrador-gene-30-funciones-silicona-c0bbfa48d7f643f982776e8207dadf0b-600x600.jpg 600w, https:\/\/sexysiempre.com\/web\/wp-content\/uploads\/bi-014244-vibrador-gene-30-funciones-silicona-c0bbfa48d7f643f982776e8207dadf0b-150x150.jpg 150w, https:\/\/sexysiempre.com\/web\/wp-content\/uploads\/bi-014244-vibrador-gene-30-funciones-silicona-c0bbfa48d7f643f982776e8207dadf0b-768x768.jpg 768w, https:\/\/sexysiempre.com\/web\/wp-content\/uploads\/bi-014244-vibrador-gene-30-funciones-silicona-c0bbfa48d7f643f982776e8207dadf0b-120x120.jpg 120w, https:\/\/sexysiempre.com\/web\/wp-content\/uploads\/bi-014244-vibrador-gene-30-funciones-silicona-c0bbfa48d7f643f982776e8207dadf0b.jpg 800w\" sizes=\"(max-width: 300px) 100vw, 300px\" \/><img decoding=\"async\" class=\"aligncenter size-medium wp-image-8648\" src=\"https:\/\/sexysiempre.com\/web\/wp-content\/uploads\/bi-014244-vibrador-gene-30-funciones-silicona-ad35c98925634876b9d63c346b3567ce-650x650.jpg\" alt=\"\" width=\"300\" height=\"300\" srcset=\"https:\/\/sexysiempre.com\/web\/wp-content\/uploads\/bi-014244-vibrador-gene-30-funciones-silicona-ad35c98925634876b9d63c346b3567ce-650x650.jpg 650w, https:\/\/sexysiempre.com\/web\/wp-content\/uploads\/bi-014244-vibrador-gene-30-funciones-silicona-ad35c98925634876b9d63c346b3567ce-300x300.jpg 300w, https:\/\/sexysiempre.com\/web\/wp-content\/uploads\/bi-014244-vibrador-gene-30-funciones-silicona-ad35c98925634876b9d63c346b3567ce-100x100.jpg 100w, https:\/\/sexysiempre.com\/web\/wp-content\/uploads\/bi-014244-vibrador-gene-30-funciones-silicona-ad35c98925634876b9d63c346b3567ce-600x600.jpg 600w, https:\/\/sexysiempre.com\/web\/wp-content\/uploads\/bi-014244-vibrador-gene-30-funciones-silicona-ad35c98925634876b9d63c346b3567ce-150x150.jpg 150w, https:\/\/sexysiempre.com\/web\/wp-content\/uploads\/bi-014244-vibrador-gene-30-funciones-silicona-ad35c98925634876b9d63c346b3567ce-768x768.jpg 768w, https:\/\/sexysiempre.com\/web\/wp-content\/uploads\/bi-014244-vibrador-gene-30-funciones-silicona-ad35c98925634876b9d63c346b3567ce-120x120.jpg 120w, https:\/\/sexysiempre.com\/web\/wp-content\/uploads\/bi-014244-vibrador-gene-30-funciones-silicona-ad35c98925634876b9d63c346b3567ce.jpg 800w\" sizes=\"(max-width: 300px) 100vw, 300px\" \/><img decoding=\"async\" class=\"aligncenter size-medium wp-image-8649\" src=\"https:\/\/sexysiempre.com\/web\/wp-content\/uploads\/bi-014244-vibrador-gene-30-funciones-silicona-8ec809a7a7f0480192ac7de2b3eadf75-650x650.jpg\" alt=\"\" width=\"300\" height=\"300\" srcset=\"https:\/\/sexysiempre.com\/web\/wp-content\/uploads\/bi-014244-vibrador-gene-30-funciones-silicona-8ec809a7a7f0480192ac7de2b3eadf75-650x650.jpg 650w, https:\/\/sexysiempre.com\/web\/wp-content\/uploads\/bi-014244-vibrador-gene-30-funciones-silicona-8ec809a7a7f0480192ac7de2b3eadf75-300x300.jpg 300w, https:\/\/sexysiempre.com\/web\/wp-content\/uploads\/bi-014244-vibrador-gene-30-funciones-silicona-8ec809a7a7f0480192ac7de2b3eadf75-100x100.jpg 100w, https:\/\/sexysiempre.com\/web\/wp-content\/uploads\/bi-014244-vibrador-gene-30-funciones-silicona-8ec809a7a7f0480192ac7de2b3eadf75-600x600.jpg 600w, https:\/\/sexysiempre.com\/web\/wp-content\/uploads\/bi-014244-vibrador-gene-30-funciones-silicona-8ec809a7a7f0480192ac7de2b3eadf75-150x150.jpg 150w, https:\/\/sexysiempre.com\/web\/wp-content\/uploads\/bi-014244-vibrador-gene-30-funciones-silicona-8ec809a7a7f0480192ac7de2b3eadf75-768x768.jpg 768w, https:\/\/sexysiempre.com\/web\/wp-content\/uploads\/bi-014244-vibrador-gene-30-funciones-silicona-8ec809a7a7f0480192ac7de2b3eadf75-120x120.jpg 120w, https:\/\/sexysiempre.com\/web\/wp-content\/uploads\/bi-014244-vibrador-gene-30-funciones-silicona-8ec809a7a7f0480192ac7de2b3eadf75.jpg 800w\" sizes=\"(max-width: 300px) 100vw, 300px\" \/><img loading=\"lazy\" decoding=\"async\" class=\"aligncenter size-medium wp-image-8650\" src=\"https:\/\/sexysiempre.com\/web\/wp-content\/uploads\/bi-014244-vibrador-gene-30-funciones-silicona-fae30fba1d2a4a42a3bf908f1faf135a-650x650.jpg\" alt=\"\" width=\"300\" height=\"300\" srcset=\"https:\/\/sexysiempre.com\/web\/wp-content\/uploads\/bi-014244-vibrador-gene-30-funciones-silicona-fae30fba1d2a4a42a3bf908f1faf135a-650x650.jpg 650w, https:\/\/sexysiempre.com\/web\/wp-content\/uploads\/bi-014244-vibrador-gene-30-funciones-silicona-fae30fba1d2a4a42a3bf908f1faf135a-300x300.jpg 300w, https:\/\/sexysiempre.com\/web\/wp-content\/uploads\/bi-014244-vibrador-gene-30-funciones-silicona-fae30fba1d2a4a42a3bf908f1faf135a-100x100.jpg 100w, https:\/\/sexysiempre.com\/web\/wp-content\/uploads\/bi-014244-vibrador-gene-30-funciones-silicona-fae30fba1d2a4a42a3bf908f1faf135a-600x600.jpg 600w, https:\/\/sexysiempre.com\/web\/wp-content\/uploads\/bi-014244-vibrador-gene-30-funciones-silicona-fae30fba1d2a4a42a3bf908f1faf135a-150x150.jpg 150w, https:\/\/sexysiempre.com\/web\/wp-content\/uploads\/bi-014244-vibrador-gene-30-funciones-silicona-fae30fba1d2a4a42a3bf908f1faf135a-768x768.jpg 768w, https:\/\/sexysiempre.com\/web\/wp-content\/uploads\/bi-014244-vibrador-gene-30-funciones-silicona-fae30fba1d2a4a42a3bf908f1faf135a-120x120.jpg 120w, https:\/\/sexysiempre.com\/web\/wp-content\/uploads\/bi-014244-vibrador-gene-30-funciones-silicona-fae30fba1d2a4a42a3bf908f1faf135a.jpg 800w\" sizes=\"(max-width: 300px) 100vw, 300px\" \/><\/p>\n","protected":false},"excerpt":{"rendered":"<p>BI-014244 Gene fue dise\u00f1ado con alt\u00ecsima est\u00e8tica para brindar el mas alto placer con sus 30 vibraciones diferentes y en una textura super agradable al tacto. Posibilita penetraci\u00f2n vaginal y estimulaci\u00f2n clitorial, sin olvidar que el Punto G estar\u00e0 maravillado.<\/p>\n","protected":false},"featured_media":8646,"template":"","meta":[],"product_brand":[],"product_cat":[6,275],"product_tag":[147,446,146,89],"class_list":{"0":"post-8645","1":"product","2":"type-product","3":"status-publish","4":"has-post-thumbnail","6":"product_cat-juguetes-accesorios-y-sexshop","7":"product_cat-alta-gama-rotadores-y-otros","8":"product_tag-rio-grande","9":"product_tag-sexshop-ushuaia-2","10":"product_tag-tierra-del-fuego","11":"product_tag-vibradores-2","13":"first","14":"instock","15":"shipping-taxable","16":"product-type-simple"},"_links":{"self":[{"href":"https:\/\/sexysiempre.com\/web\/wp-json\/wp\/v2\/product\/8645","targetHints":{"allow":["GET"]}}],"collection":[{"href":"https:\/\/sexysiempre.com\/web\/wp-json\/wp\/v2\/product"}],"about":[{"href":"https:\/\/sexysiempre.com\/web\/wp-json\/wp\/v2\/types\/product"}],"wp:featuredmedia":[{"embeddable":true,"href":"https:\/\/sexysiempre.com\/web\/wp-json\/wp\/v2\/media\/8646"}],"wp:attachment":[{"href":"https:\/\/sexysiempre.com\/web\/wp-json\/wp\/v2\/media?parent=8645"}],"wp:term":[{"taxonomy":"product_brand","embeddable":true,"href":"https:\/\/sexysiempre.com\/web\/wp-json\/wp\/v2\/product_brand?post=8645"},{"taxonomy":"product_cat","embeddable":true,"href":"https:\/\/sexysiempre.com\/web\/wp-json\/wp\/v2\/product_cat?post=8645"},{"taxonomy":"product_tag","embeddable":true,"href":"https:\/\/sexysiempre.com\/web\/wp-json\/wp\/v2\/product_tag?post=8645"}],"curies":[{"name":"wp","href":"https:\/\/api.w.org\/{rel}","templated":true}]}}