{"id":8735,"date":"2021-07-24T13:31:43","date_gmt":"2021-07-24T16:31:43","guid":{"rendered":"https:\/\/sexysiempre.com\/web\/?post_type=product&#038;p=8735"},"modified":"2021-07-24T13:31:43","modified_gmt":"2021-07-24T16:31:43","slug":"blue-sexy-pill","status":"publish","type":"product","link":"https:\/\/sexysiempre.com\/web\/producto\/blue-sexy-pill","title":{"rendered":"BLUE SEXY PILL"},"content":{"rendered":"<div>Quer\u00e8s disfrutar de tu potencia al m\u00e0ximo..?? Que recuerdes \u00abese\u00bb encuentro como el mejor..??<\/div>\n<div>Nueva l\u00ednea de suplementos dietarios vigorizantes que ayudan a aumentar la potencia sexual de los hombres. Disfrute su masculinidad al m\u00e1ximo!<\/div>\n<div>100% ingredientes naturales.<\/div>\n<div>Suplemento dietario a base de gingseng, Guaran\u00e1 y Ginko Biloba con vitaminas y minerales. L-Arginina 250mg<\/div>\n<div>Por acci\u00f3n de la enzima \u00f3xido-sintetasa, se convierte en \u00f3xido n\u00edtrico (es un gas vasodilatador que producir\u00e1 el comienzo del proceso de vasodilataci\u00f3n en los cuerpos cavernosos del pene) pudiendo de esta manera aumentar la capacidad er\u00e9ctil.<\/div>\n<div>Act\u00faa a partir de la hora de haber sido ingerido.<\/div>\n<div>Contiene 4 comprimidos.<img fetchpriority=\"high\" decoding=\"async\" class=\"aligncenter size-medium wp-image-8737\" src=\"https:\/\/sexysiempre.com\/web\/wp-content\/uploads\/bsp-sexitivepower-a-blue-sexy-pill-cf1c09ec1a984a1680c16e0e3bcc0b92-650x650.jpg\" alt=\"\" width=\"300\" height=\"300\" srcset=\"https:\/\/sexysiempre.com\/web\/wp-content\/uploads\/bsp-sexitivepower-a-blue-sexy-pill-cf1c09ec1a984a1680c16e0e3bcc0b92-650x650.jpg 650w, https:\/\/sexysiempre.com\/web\/wp-content\/uploads\/bsp-sexitivepower-a-blue-sexy-pill-cf1c09ec1a984a1680c16e0e3bcc0b92-300x300.jpg 300w, https:\/\/sexysiempre.com\/web\/wp-content\/uploads\/bsp-sexitivepower-a-blue-sexy-pill-cf1c09ec1a984a1680c16e0e3bcc0b92-100x100.jpg 100w, https:\/\/sexysiempre.com\/web\/wp-content\/uploads\/bsp-sexitivepower-a-blue-sexy-pill-cf1c09ec1a984a1680c16e0e3bcc0b92-600x600.jpg 600w, https:\/\/sexysiempre.com\/web\/wp-content\/uploads\/bsp-sexitivepower-a-blue-sexy-pill-cf1c09ec1a984a1680c16e0e3bcc0b92-150x150.jpg 150w, https:\/\/sexysiempre.com\/web\/wp-content\/uploads\/bsp-sexitivepower-a-blue-sexy-pill-cf1c09ec1a984a1680c16e0e3bcc0b92-768x768.jpg 768w, https:\/\/sexysiempre.com\/web\/wp-content\/uploads\/bsp-sexitivepower-a-blue-sexy-pill-cf1c09ec1a984a1680c16e0e3bcc0b92-120x120.jpg 120w, https:\/\/sexysiempre.com\/web\/wp-content\/uploads\/bsp-sexitivepower-a-blue-sexy-pill-cf1c09ec1a984a1680c16e0e3bcc0b92.jpg 800w\" sizes=\"(max-width: 300px) 100vw, 300px\" \/><img decoding=\"async\" class=\"aligncenter size-medium wp-image-8738\" src=\"https:\/\/sexysiempre.com\/web\/wp-content\/uploads\/bsp-sexitivepower-a-blue-sexy-pill-357cb6986d7b40f9a39ba5784a2119e8-650x650.jpg\" alt=\"\" width=\"300\" height=\"300\" srcset=\"https:\/\/sexysiempre.com\/web\/wp-content\/uploads\/bsp-sexitivepower-a-blue-sexy-pill-357cb6986d7b40f9a39ba5784a2119e8-650x650.jpg 650w, https:\/\/sexysiempre.com\/web\/wp-content\/uploads\/bsp-sexitivepower-a-blue-sexy-pill-357cb6986d7b40f9a39ba5784a2119e8-300x300.jpg 300w, https:\/\/sexysiempre.com\/web\/wp-content\/uploads\/bsp-sexitivepower-a-blue-sexy-pill-357cb6986d7b40f9a39ba5784a2119e8-100x100.jpg 100w, https:\/\/sexysiempre.com\/web\/wp-content\/uploads\/bsp-sexitivepower-a-blue-sexy-pill-357cb6986d7b40f9a39ba5784a2119e8-600x600.jpg 600w, https:\/\/sexysiempre.com\/web\/wp-content\/uploads\/bsp-sexitivepower-a-blue-sexy-pill-357cb6986d7b40f9a39ba5784a2119e8-150x150.jpg 150w, https:\/\/sexysiempre.com\/web\/wp-content\/uploads\/bsp-sexitivepower-a-blue-sexy-pill-357cb6986d7b40f9a39ba5784a2119e8-768x768.jpg 768w, https:\/\/sexysiempre.com\/web\/wp-content\/uploads\/bsp-sexitivepower-a-blue-sexy-pill-357cb6986d7b40f9a39ba5784a2119e8-120x120.jpg 120w, https:\/\/sexysiempre.com\/web\/wp-content\/uploads\/bsp-sexitivepower-a-blue-sexy-pill-357cb6986d7b40f9a39ba5784a2119e8.jpg 800w\" sizes=\"(max-width: 300px) 100vw, 300px\" \/><\/div>\n","protected":false},"excerpt":{"rendered":"<p>Quer\u00e8s disfrutar de tu potencia al m\u00e0ximo..?? Que recuerdes \u00abese\u00bb encuentro como el mejor..?? Nueva l\u00ednea de suplementos dietarios vigorizantes que ayudan a aumentar la potencia sexual de los hombres. Disfrute su masculinidad al m\u00e1ximo! 100% ingredientes naturales. Suplemento dietario a base de gingseng, Guaran\u00e1 y Ginko Biloba con vitaminas y minerales. L-Arginina 250mg Por [&hellip;]<\/p>\n","protected":false},"featured_media":8736,"template":"","meta":[],"product_brand":[],"product_cat":[6,277],"product_tag":[147,446,146],"class_list":{"0":"post-8735","1":"product","2":"type-product","3":"status-publish","4":"has-post-thumbnail","6":"product_cat-juguetes-accesorios-y-sexshop","7":"product_cat-vigorizantes-feromonas-juegos-y-cotillon","8":"product_tag-rio-grande","9":"product_tag-sexshop-ushuaia-2","10":"product_tag-tierra-del-fuego","12":"first","13":"instock","14":"shipping-taxable","15":"product-type-simple"},"_links":{"self":[{"href":"https:\/\/sexysiempre.com\/web\/wp-json\/wp\/v2\/product\/8735","targetHints":{"allow":["GET"]}}],"collection":[{"href":"https:\/\/sexysiempre.com\/web\/wp-json\/wp\/v2\/product"}],"about":[{"href":"https:\/\/sexysiempre.com\/web\/wp-json\/wp\/v2\/types\/product"}],"wp:featuredmedia":[{"embeddable":true,"href":"https:\/\/sexysiempre.com\/web\/wp-json\/wp\/v2\/media\/8736"}],"wp:attachment":[{"href":"https:\/\/sexysiempre.com\/web\/wp-json\/wp\/v2\/media?parent=8735"}],"wp:term":[{"taxonomy":"product_brand","embeddable":true,"href":"https:\/\/sexysiempre.com\/web\/wp-json\/wp\/v2\/product_brand?post=8735"},{"taxonomy":"product_cat","embeddable":true,"href":"https:\/\/sexysiempre.com\/web\/wp-json\/wp\/v2\/product_cat?post=8735"},{"taxonomy":"product_tag","embeddable":true,"href":"https:\/\/sexysiempre.com\/web\/wp-json\/wp\/v2\/product_tag?post=8735"}],"curies":[{"name":"wp","href":"https:\/\/api.w.org\/{rel}","templated":true}]}}