{"id":8748,"date":"2021-07-26T17:40:15","date_gmt":"2021-07-26T20:40:15","guid":{"rendered":"https:\/\/sexysiempre.com\/web\/?post_type=product&#038;p=8748"},"modified":"2021-07-26T17:43:55","modified_gmt":"2021-07-26T20:43:55","slug":"david-vibrador-de-pretty-love","status":"publish","type":"product","link":"https:\/\/sexysiempre.com\/web\/producto\/david-vibrador-de-pretty-love","title":{"rendered":"David, Vibrador de Pretty Love"},"content":{"rendered":"<p>BI-014330<\/p>\n<p>Producto importado con 30 vibraciones diferentes que te har\u00e0n disfrutar plenamente, permite penetraci\u00f2n vaginal y estimulaci\u00f2n clitorial con su peque\u00f1o dildo con pelitos parados que se mover\u00e0n a tu antojo. David&#8230;..un producto de calidad como todo lo de Pretty Love.<\/p>\n<p style=\"text-align: center;\"><img fetchpriority=\"high\" decoding=\"async\" class=\"aligncenter size-medium wp-image-8750\" src=\"https:\/\/sexysiempre.com\/web\/wp-content\/uploads\/bi-014330-vibrador-david-funciones-silicona-f79d907108ad478c8e661a49e9be0970-650x650.jpg\" alt=\"\" width=\"300\" height=\"300\" srcset=\"https:\/\/sexysiempre.com\/web\/wp-content\/uploads\/bi-014330-vibrador-david-funciones-silicona-f79d907108ad478c8e661a49e9be0970-650x650.jpg 650w, https:\/\/sexysiempre.com\/web\/wp-content\/uploads\/bi-014330-vibrador-david-funciones-silicona-f79d907108ad478c8e661a49e9be0970-300x300.jpg 300w, https:\/\/sexysiempre.com\/web\/wp-content\/uploads\/bi-014330-vibrador-david-funciones-silicona-f79d907108ad478c8e661a49e9be0970-100x100.jpg 100w, https:\/\/sexysiempre.com\/web\/wp-content\/uploads\/bi-014330-vibrador-david-funciones-silicona-f79d907108ad478c8e661a49e9be0970-600x600.jpg 600w, https:\/\/sexysiempre.com\/web\/wp-content\/uploads\/bi-014330-vibrador-david-funciones-silicona-f79d907108ad478c8e661a49e9be0970-150x150.jpg 150w, https:\/\/sexysiempre.com\/web\/wp-content\/uploads\/bi-014330-vibrador-david-funciones-silicona-f79d907108ad478c8e661a49e9be0970-768x768.jpg 768w, https:\/\/sexysiempre.com\/web\/wp-content\/uploads\/bi-014330-vibrador-david-funciones-silicona-f79d907108ad478c8e661a49e9be0970-120x120.jpg 120w, https:\/\/sexysiempre.com\/web\/wp-content\/uploads\/bi-014330-vibrador-david-funciones-silicona-f79d907108ad478c8e661a49e9be0970.jpg 800w\" sizes=\"(max-width: 300px) 100vw, 300px\" \/><img decoding=\"async\" class=\"aligncenter size-medium wp-image-8751\" src=\"https:\/\/sexysiempre.com\/web\/wp-content\/uploads\/bi-014330-vibrador-david-funciones-silicona-156160ef56f147cca471cd0f1370777f-650x650.jpg\" alt=\"\" width=\"300\" height=\"300\" srcset=\"https:\/\/sexysiempre.com\/web\/wp-content\/uploads\/bi-014330-vibrador-david-funciones-silicona-156160ef56f147cca471cd0f1370777f-650x650.jpg 650w, https:\/\/sexysiempre.com\/web\/wp-content\/uploads\/bi-014330-vibrador-david-funciones-silicona-156160ef56f147cca471cd0f1370777f-300x300.jpg 300w, https:\/\/sexysiempre.com\/web\/wp-content\/uploads\/bi-014330-vibrador-david-funciones-silicona-156160ef56f147cca471cd0f1370777f-100x100.jpg 100w, https:\/\/sexysiempre.com\/web\/wp-content\/uploads\/bi-014330-vibrador-david-funciones-silicona-156160ef56f147cca471cd0f1370777f-600x600.jpg 600w, https:\/\/sexysiempre.com\/web\/wp-content\/uploads\/bi-014330-vibrador-david-funciones-silicona-156160ef56f147cca471cd0f1370777f-150x150.jpg 150w, https:\/\/sexysiempre.com\/web\/wp-content\/uploads\/bi-014330-vibrador-david-funciones-silicona-156160ef56f147cca471cd0f1370777f-768x768.jpg 768w, https:\/\/sexysiempre.com\/web\/wp-content\/uploads\/bi-014330-vibrador-david-funciones-silicona-156160ef56f147cca471cd0f1370777f-120x120.jpg 120w, https:\/\/sexysiempre.com\/web\/wp-content\/uploads\/bi-014330-vibrador-david-funciones-silicona-156160ef56f147cca471cd0f1370777f.jpg 800w\" sizes=\"(max-width: 300px) 100vw, 300px\" \/><\/p>\n","protected":false},"excerpt":{"rendered":"<p>BI-014330 Producto importado con 30 vibraciones diferentes que te har\u00e0n disfrutar plenamente, permite penetraci\u00f2n vaginal y estimulaci\u00f2n clitorial con su peque\u00f1o dildo con pelitos parados que se mover\u00e0n a tu antojo. David&#8230;..un producto de calidad como todo lo de Pretty Love.<\/p>\n","protected":false},"featured_media":8749,"template":"","meta":[],"product_brand":[],"product_cat":[6,275],"product_tag":[147,446,146,89],"class_list":{"0":"post-8748","1":"product","2":"type-product","3":"status-publish","4":"has-post-thumbnail","6":"product_cat-juguetes-accesorios-y-sexshop","7":"product_cat-alta-gama-rotadores-y-otros","8":"product_tag-rio-grande","9":"product_tag-sexshop-ushuaia-2","10":"product_tag-tierra-del-fuego","11":"product_tag-vibradores-2","13":"first","14":"instock","15":"shipping-taxable","16":"product-type-simple"},"_links":{"self":[{"href":"https:\/\/sexysiempre.com\/web\/wp-json\/wp\/v2\/product\/8748","targetHints":{"allow":["GET"]}}],"collection":[{"href":"https:\/\/sexysiempre.com\/web\/wp-json\/wp\/v2\/product"}],"about":[{"href":"https:\/\/sexysiempre.com\/web\/wp-json\/wp\/v2\/types\/product"}],"wp:featuredmedia":[{"embeddable":true,"href":"https:\/\/sexysiempre.com\/web\/wp-json\/wp\/v2\/media\/8749"}],"wp:attachment":[{"href":"https:\/\/sexysiempre.com\/web\/wp-json\/wp\/v2\/media?parent=8748"}],"wp:term":[{"taxonomy":"product_brand","embeddable":true,"href":"https:\/\/sexysiempre.com\/web\/wp-json\/wp\/v2\/product_brand?post=8748"},{"taxonomy":"product_cat","embeddable":true,"href":"https:\/\/sexysiempre.com\/web\/wp-json\/wp\/v2\/product_cat?post=8748"},{"taxonomy":"product_tag","embeddable":true,"href":"https:\/\/sexysiempre.com\/web\/wp-json\/wp\/v2\/product_tag?post=8748"}],"curies":[{"name":"wp","href":"https:\/\/api.w.org\/{rel}","templated":true}]}}