{"id":8844,"date":"2021-07-29T17:25:49","date_gmt":"2021-07-29T20:25:49","guid":{"rendered":"https:\/\/sexysiempre.com\/web\/?post_type=product&#038;p=8844"},"modified":"2021-07-29T17:25:49","modified_gmt":"2021-07-29T20:25:49","slug":"bolas-kegels","status":"publish","type":"product","link":"https:\/\/sexysiempre.com\/web\/producto\/bolas-kegels","title":{"rendered":"Bolas Kegels"},"content":{"rendered":"<p>BI-014049-2<\/p>\n<p style=\"text-align: center;\">Si quieres m\u00fasculos de la vagina m\u00e1s tensos y un juguete sexual que te estimule durante todo el d\u00eda, este incre\u00edble juego de bolas funcionar\u00e1. Simplemente inserte las bolas dentro de usted y deje el cord\u00f3n visible fuera de su cuerpo para que pueda quitarlas f\u00e1cilmente. A medida que\u00a0 se mueva durante todo el tiempo que las use,\u00a0 las bolas pesadas m\u00e1s peque\u00f1as dentro de cada bola de kegel se mover\u00e1n y crear\u00e1n sensaciones de golpes, lo que provocar\u00e1 espasmos musculares que trabajar\u00e1n para estimular y reforzar sus paredes internas, al mismo tiempo que les dar\u00e1n un ejercicio incre\u00edble. Combine su placer con un entrenamiento efectivo cuando las use.<img fetchpriority=\"high\" decoding=\"async\" class=\"aligncenter size-medium wp-image-8846\" src=\"https:\/\/sexysiempre.com\/web\/wp-content\/uploads\/bi-014049-2-bolas-kegels-vaginaes-66grs-35cm-77bfdad5cf8a48e887b26875e55bb1d7-1-650x650.gif\" alt=\"\" width=\"300\" height=\"300\" srcset=\"https:\/\/sexysiempre.com\/web\/wp-content\/uploads\/bi-014049-2-bolas-kegels-vaginaes-66grs-35cm-77bfdad5cf8a48e887b26875e55bb1d7-1-650x650.gif 650w, https:\/\/sexysiempre.com\/web\/wp-content\/uploads\/bi-014049-2-bolas-kegels-vaginaes-66grs-35cm-77bfdad5cf8a48e887b26875e55bb1d7-1-300x300.gif 300w, https:\/\/sexysiempre.com\/web\/wp-content\/uploads\/bi-014049-2-bolas-kegels-vaginaes-66grs-35cm-77bfdad5cf8a48e887b26875e55bb1d7-1-100x100.gif 100w, https:\/\/sexysiempre.com\/web\/wp-content\/uploads\/bi-014049-2-bolas-kegels-vaginaes-66grs-35cm-77bfdad5cf8a48e887b26875e55bb1d7-1-600x600.gif 600w, https:\/\/sexysiempre.com\/web\/wp-content\/uploads\/bi-014049-2-bolas-kegels-vaginaes-66grs-35cm-77bfdad5cf8a48e887b26875e55bb1d7-1-150x150.gif 150w, https:\/\/sexysiempre.com\/web\/wp-content\/uploads\/bi-014049-2-bolas-kegels-vaginaes-66grs-35cm-77bfdad5cf8a48e887b26875e55bb1d7-1-120x120.gif 120w\" sizes=\"(max-width: 300px) 100vw, 300px\" \/><img decoding=\"async\" class=\"aligncenter size-medium wp-image-8847\" src=\"https:\/\/sexysiempre.com\/web\/wp-content\/uploads\/bi-014049-2-bolas-kegels-vaginaes-66grs-35cm-5db9f5ca2cec4ce28bed51e1369c3664-650x650.jpg\" alt=\"\" width=\"300\" height=\"300\" srcset=\"https:\/\/sexysiempre.com\/web\/wp-content\/uploads\/bi-014049-2-bolas-kegels-vaginaes-66grs-35cm-5db9f5ca2cec4ce28bed51e1369c3664-650x650.jpg 650w, https:\/\/sexysiempre.com\/web\/wp-content\/uploads\/bi-014049-2-bolas-kegels-vaginaes-66grs-35cm-5db9f5ca2cec4ce28bed51e1369c3664-300x300.jpg 300w, https:\/\/sexysiempre.com\/web\/wp-content\/uploads\/bi-014049-2-bolas-kegels-vaginaes-66grs-35cm-5db9f5ca2cec4ce28bed51e1369c3664-100x100.jpg 100w, https:\/\/sexysiempre.com\/web\/wp-content\/uploads\/bi-014049-2-bolas-kegels-vaginaes-66grs-35cm-5db9f5ca2cec4ce28bed51e1369c3664-600x600.jpg 600w, https:\/\/sexysiempre.com\/web\/wp-content\/uploads\/bi-014049-2-bolas-kegels-vaginaes-66grs-35cm-5db9f5ca2cec4ce28bed51e1369c3664-150x150.jpg 150w, https:\/\/sexysiempre.com\/web\/wp-content\/uploads\/bi-014049-2-bolas-kegels-vaginaes-66grs-35cm-5db9f5ca2cec4ce28bed51e1369c3664-768x768.jpg 768w, https:\/\/sexysiempre.com\/web\/wp-content\/uploads\/bi-014049-2-bolas-kegels-vaginaes-66grs-35cm-5db9f5ca2cec4ce28bed51e1369c3664-120x120.jpg 120w, https:\/\/sexysiempre.com\/web\/wp-content\/uploads\/bi-014049-2-bolas-kegels-vaginaes-66grs-35cm-5db9f5ca2cec4ce28bed51e1369c3664.jpg 800w\" sizes=\"(max-width: 300px) 100vw, 300px\" \/><img decoding=\"async\" class=\"aligncenter size-medium wp-image-8848\" src=\"https:\/\/sexysiempre.com\/web\/wp-content\/uploads\/bi-014049-2-bolas-kegels-vaginaes-66grs-35cm-b8afa031b5bf44529cf2310f08fbaf8b-650x650.jpg\" alt=\"\" width=\"300\" height=\"300\" srcset=\"https:\/\/sexysiempre.com\/web\/wp-content\/uploads\/bi-014049-2-bolas-kegels-vaginaes-66grs-35cm-b8afa031b5bf44529cf2310f08fbaf8b-650x650.jpg 650w, https:\/\/sexysiempre.com\/web\/wp-content\/uploads\/bi-014049-2-bolas-kegels-vaginaes-66grs-35cm-b8afa031b5bf44529cf2310f08fbaf8b-300x300.jpg 300w, https:\/\/sexysiempre.com\/web\/wp-content\/uploads\/bi-014049-2-bolas-kegels-vaginaes-66grs-35cm-b8afa031b5bf44529cf2310f08fbaf8b-100x100.jpg 100w, https:\/\/sexysiempre.com\/web\/wp-content\/uploads\/bi-014049-2-bolas-kegels-vaginaes-66grs-35cm-b8afa031b5bf44529cf2310f08fbaf8b-600x600.jpg 600w, https:\/\/sexysiempre.com\/web\/wp-content\/uploads\/bi-014049-2-bolas-kegels-vaginaes-66grs-35cm-b8afa031b5bf44529cf2310f08fbaf8b-150x150.jpg 150w, https:\/\/sexysiempre.com\/web\/wp-content\/uploads\/bi-014049-2-bolas-kegels-vaginaes-66grs-35cm-b8afa031b5bf44529cf2310f08fbaf8b-768x768.jpg 768w, https:\/\/sexysiempre.com\/web\/wp-content\/uploads\/bi-014049-2-bolas-kegels-vaginaes-66grs-35cm-b8afa031b5bf44529cf2310f08fbaf8b-120x120.jpg 120w, https:\/\/sexysiempre.com\/web\/wp-content\/uploads\/bi-014049-2-bolas-kegels-vaginaes-66grs-35cm-b8afa031b5bf44529cf2310f08fbaf8b.jpg 800w\" sizes=\"(max-width: 300px) 100vw, 300px\" \/><img loading=\"lazy\" decoding=\"async\" class=\"aligncenter size-medium wp-image-8849\" src=\"https:\/\/sexysiempre.com\/web\/wp-content\/uploads\/bi-014049-2-bolas-kegels-vaginaes-66grs-35cm-46f113aad1524b999b7047788d5bb9ab-650x650.jpg\" alt=\"\" width=\"300\" height=\"300\" srcset=\"https:\/\/sexysiempre.com\/web\/wp-content\/uploads\/bi-014049-2-bolas-kegels-vaginaes-66grs-35cm-46f113aad1524b999b7047788d5bb9ab-650x650.jpg 650w, https:\/\/sexysiempre.com\/web\/wp-content\/uploads\/bi-014049-2-bolas-kegels-vaginaes-66grs-35cm-46f113aad1524b999b7047788d5bb9ab-300x300.jpg 300w, https:\/\/sexysiempre.com\/web\/wp-content\/uploads\/bi-014049-2-bolas-kegels-vaginaes-66grs-35cm-46f113aad1524b999b7047788d5bb9ab-100x100.jpg 100w, https:\/\/sexysiempre.com\/web\/wp-content\/uploads\/bi-014049-2-bolas-kegels-vaginaes-66grs-35cm-46f113aad1524b999b7047788d5bb9ab-600x600.jpg 600w, https:\/\/sexysiempre.com\/web\/wp-content\/uploads\/bi-014049-2-bolas-kegels-vaginaes-66grs-35cm-46f113aad1524b999b7047788d5bb9ab-150x150.jpg 150w, https:\/\/sexysiempre.com\/web\/wp-content\/uploads\/bi-014049-2-bolas-kegels-vaginaes-66grs-35cm-46f113aad1524b999b7047788d5bb9ab-768x768.jpg 768w, https:\/\/sexysiempre.com\/web\/wp-content\/uploads\/bi-014049-2-bolas-kegels-vaginaes-66grs-35cm-46f113aad1524b999b7047788d5bb9ab-120x120.jpg 120w, https:\/\/sexysiempre.com\/web\/wp-content\/uploads\/bi-014049-2-bolas-kegels-vaginaes-66grs-35cm-46f113aad1524b999b7047788d5bb9ab.jpg 800w\" sizes=\"(max-width: 300px) 100vw, 300px\" \/><\/p>\n","protected":false},"excerpt":{"rendered":"<p>BI-014049-2 Si quieres m\u00fasculos de la vagina m\u00e1s tensos y un juguete sexual que te estimule durante todo el d\u00eda, este incre\u00edble juego de bolas funcionar\u00e1. Simplemente inserte las bolas dentro de usted y deje el cord\u00f3n visible fuera de su cuerpo para que pueda quitarlas f\u00e1cilmente. A medida que\u00a0 se mueva durante todo el [&hellip;]<\/p>\n","protected":false},"featured_media":8845,"template":"","meta":[],"product_brand":[],"product_cat":[6,32],"product_tag":[471,147,446,470],"class_list":{"0":"post-8844","1":"product","2":"type-product","3":"status-publish","4":"has-post-thumbnail","6":"product_cat-juguetes-accesorios-y-sexshop","7":"product_cat-estimuladores-para-ellas","8":"product_tag-kegek","9":"product_tag-rio-grande","10":"product_tag-sexshop-ushuaia-2","11":"product_tag-tierra-del-fuego-bolas-chinas","13":"first","14":"instock","15":"shipping-taxable","16":"product-type-simple"},"_links":{"self":[{"href":"https:\/\/sexysiempre.com\/web\/wp-json\/wp\/v2\/product\/8844","targetHints":{"allow":["GET"]}}],"collection":[{"href":"https:\/\/sexysiempre.com\/web\/wp-json\/wp\/v2\/product"}],"about":[{"href":"https:\/\/sexysiempre.com\/web\/wp-json\/wp\/v2\/types\/product"}],"wp:featuredmedia":[{"embeddable":true,"href":"https:\/\/sexysiempre.com\/web\/wp-json\/wp\/v2\/media\/8845"}],"wp:attachment":[{"href":"https:\/\/sexysiempre.com\/web\/wp-json\/wp\/v2\/media?parent=8844"}],"wp:term":[{"taxonomy":"product_brand","embeddable":true,"href":"https:\/\/sexysiempre.com\/web\/wp-json\/wp\/v2\/product_brand?post=8844"},{"taxonomy":"product_cat","embeddable":true,"href":"https:\/\/sexysiempre.com\/web\/wp-json\/wp\/v2\/product_cat?post=8844"},{"taxonomy":"product_tag","embeddable":true,"href":"https:\/\/sexysiempre.com\/web\/wp-json\/wp\/v2\/product_tag?post=8844"}],"curies":[{"name":"wp","href":"https:\/\/api.w.org\/{rel}","templated":true}]}}