{"id":8873,"date":"2021-07-29T18:02:38","date_gmt":"2021-07-29T21:02:38","guid":{"rendered":"https:\/\/sexysiempre.com\/web\/?post_type=product&#038;p=8873"},"modified":"2021-07-29T18:02:38","modified_gmt":"2021-07-29T21:02:38","slug":"pink-sexy-pill","status":"publish","type":"product","link":"https:\/\/sexysiempre.com\/web\/producto\/pink-sexy-pill","title":{"rendered":"Pink Sexy Pill"},"content":{"rendered":"<div style=\"text-align: center;\">Nueva l\u00ednea de suplementos dietarios vigorizantes que ayudan a aumentar la l\u00edbido en las mujeres. Lleve su placer al m\u00e1ximo! Para mujeres de todas las edades, 100% ingredientes naturales\u00a0\u00a0a base de Gingseng, Avena Verde, Fenogreco, Ginko Biloba y Guaran\u00e1 con vitaminas y minerales. L-Arginina 125mg.<\/div>\n<div style=\"text-align: center;\">El Fenogreco contribuye a estimular la s\u00edntesis de las hormonas sexuales, cuyo efecto directo es aumentar la l\u00edbido de las mujeres.<\/div>\n<div style=\"text-align: center;\">El Gingseng y las Isoflavonas de Soja estimulan la producci\u00f3n de estr\u00f3geno, aumentando las sensaciones de placer.<\/div>\n<div style=\"text-align: center;\">L-Arginina aumenta la excitaci\u00f3n alcanzando orgasmos m\u00e1s r\u00e1pidos e intensos, lo que realza la experiencia sexual de la pareja<\/div>\n<div style=\"text-align: center;\">Act\u00faa en menos de 30 minutos<\/div>\n<div style=\"text-align: center;\">Contiene 4 comprimidos<\/div>\n","protected":false},"excerpt":{"rendered":"<p>Nueva l\u00ednea de suplementos dietarios vigorizantes que ayudan a aumentar la l\u00edbido en las mujeres. Lleve su placer al m\u00e1ximo! Para mujeres de todas las edades, 100% ingredientes naturales\u00a0\u00a0a base de Gingseng, Avena Verde, Fenogreco, Ginko Biloba y Guaran\u00e1 con vitaminas y minerales. L-Arginina 125mg. El Fenogreco contribuye a estimular la s\u00edntesis de las hormonas [&hellip;]<\/p>\n","protected":false},"featured_media":8874,"template":"","meta":[],"product_brand":[],"product_cat":[6,277],"product_tag":[147,446,146],"class_list":{"0":"post-8873","1":"product","2":"type-product","3":"status-publish","4":"has-post-thumbnail","6":"product_cat-juguetes-accesorios-y-sexshop","7":"product_cat-vigorizantes-feromonas-juegos-y-cotillon","8":"product_tag-rio-grande","9":"product_tag-sexshop-ushuaia-2","10":"product_tag-tierra-del-fuego","12":"first","13":"instock","14":"shipping-taxable","15":"product-type-simple"},"_links":{"self":[{"href":"https:\/\/sexysiempre.com\/web\/wp-json\/wp\/v2\/product\/8873","targetHints":{"allow":["GET"]}}],"collection":[{"href":"https:\/\/sexysiempre.com\/web\/wp-json\/wp\/v2\/product"}],"about":[{"href":"https:\/\/sexysiempre.com\/web\/wp-json\/wp\/v2\/types\/product"}],"wp:featuredmedia":[{"embeddable":true,"href":"https:\/\/sexysiempre.com\/web\/wp-json\/wp\/v2\/media\/8874"}],"wp:attachment":[{"href":"https:\/\/sexysiempre.com\/web\/wp-json\/wp\/v2\/media?parent=8873"}],"wp:term":[{"taxonomy":"product_brand","embeddable":true,"href":"https:\/\/sexysiempre.com\/web\/wp-json\/wp\/v2\/product_brand?post=8873"},{"taxonomy":"product_cat","embeddable":true,"href":"https:\/\/sexysiempre.com\/web\/wp-json\/wp\/v2\/product_cat?post=8873"},{"taxonomy":"product_tag","embeddable":true,"href":"https:\/\/sexysiempre.com\/web\/wp-json\/wp\/v2\/product_tag?post=8873"}],"curies":[{"name":"wp","href":"https:\/\/api.w.org\/{rel}","templated":true}]}}