{"id":8892,"date":"2021-07-29T18:33:03","date_gmt":"2021-07-29T21:33:03","guid":{"rendered":"https:\/\/sexysiempre.com\/web\/?post_type=product&#038;p=8892"},"modified":"2021-07-29T18:33:04","modified_gmt":"2021-07-29T21:33:04","slug":"juego-sexting","status":"publish","type":"product","link":"https:\/\/sexysiempre.com\/web\/producto\/juego-sexting","title":{"rendered":"Juego \u00absexting\u00bb"},"content":{"rendered":"<p style=\"text-align: center;\">Retos para jugar con quien quieras donde quieras.<\/p>\n<p style=\"text-align: center;\">Tener sexo a distancia es posible, ponete a prueba con este juego en el que redescubrir\u00e1s el mundo del sexo m\u00e1s all\u00e1 de la penetraci\u00f3n.<\/p>\n","protected":false},"excerpt":{"rendered":"<p>Retos para jugar con quien quieras donde quieras. Tener sexo a distancia es posible, ponete a prueba con este juego en el que redescubrir\u00e1s el mundo del sexo m\u00e1s all\u00e1 de la penetraci\u00f3n.<\/p>\n","protected":false},"featured_media":8893,"template":"","meta":[],"product_brand":[],"product_cat":[6,277],"product_tag":[244,446,146],"class_list":{"0":"post-8892","1":"product","2":"type-product","3":"status-publish","4":"has-post-thumbnail","6":"product_cat-juguetes-accesorios-y-sexshop","7":"product_cat-vigorizantes-feromonas-juegos-y-cotillon","8":"product_tag-juegos-eroticos","9":"product_tag-sexshop-ushuaia-2","10":"product_tag-tierra-del-fuego","12":"first","13":"instock","14":"shipping-taxable","15":"product-type-simple"},"_links":{"self":[{"href":"https:\/\/sexysiempre.com\/web\/wp-json\/wp\/v2\/product\/8892","targetHints":{"allow":["GET"]}}],"collection":[{"href":"https:\/\/sexysiempre.com\/web\/wp-json\/wp\/v2\/product"}],"about":[{"href":"https:\/\/sexysiempre.com\/web\/wp-json\/wp\/v2\/types\/product"}],"wp:featuredmedia":[{"embeddable":true,"href":"https:\/\/sexysiempre.com\/web\/wp-json\/wp\/v2\/media\/8893"}],"wp:attachment":[{"href":"https:\/\/sexysiempre.com\/web\/wp-json\/wp\/v2\/media?parent=8892"}],"wp:term":[{"taxonomy":"product_brand","embeddable":true,"href":"https:\/\/sexysiempre.com\/web\/wp-json\/wp\/v2\/product_brand?post=8892"},{"taxonomy":"product_cat","embeddable":true,"href":"https:\/\/sexysiempre.com\/web\/wp-json\/wp\/v2\/product_cat?post=8892"},{"taxonomy":"product_tag","embeddable":true,"href":"https:\/\/sexysiempre.com\/web\/wp-json\/wp\/v2\/product_tag?post=8892"}],"curies":[{"name":"wp","href":"https:\/\/api.w.org\/{rel}","templated":true}]}}