{"id":8958,"date":"2021-09-27T15:49:45","date_gmt":"2021-09-27T18:49:45","guid":{"rendered":"https:\/\/sexysiempre.com\/web\/?post_type=product&#038;p=8958"},"modified":"2021-09-27T15:49:45","modified_gmt":"2021-09-27T18:49:45","slug":"bolas-chinas-pretty-love-3","status":"publish","type":"product","link":"https:\/\/sexysiempre.com\/web\/producto\/bolas-chinas-pretty-love-3","title":{"rendered":"Bolas Chinas Pretty Love"},"content":{"rendered":"<p style=\"text-align: center;\">BI-014490-2<\/p>\n<p style=\"text-align: center;\">Bolas\u00a0 Kegel tienen esferas pesadas m\u00e1s peque\u00f1as dentro de las fundas de silicona que con cada movimiento\u00a0 se mover\u00e1n y causar\u00e1n sensaciones de golpes. No solo se sentir\u00e1 incre\u00edble, sino que los m\u00fasculos se contraer\u00e1n alrededor de las bolas,\u00a0 proporcionando\u00a0 entrenamiento\u00a0 vaginal reforzando el suelo p\u00e8lvico y estimulante al mismo tiempo.<\/p>\n<p><img fetchpriority=\"high\" decoding=\"async\" class=\"aligncenter size-medium wp-image-8960\" src=\"https:\/\/sexysiempre.com\/web\/wp-content\/uploads\/bi-014490-2-bolas-vaginales-kegel-silicona-96ef4e2ba8ea4c9eae8aefe445efb7dd-650x650.jpg\" alt=\"\" width=\"300\" height=\"300\" srcset=\"https:\/\/sexysiempre.com\/web\/wp-content\/uploads\/bi-014490-2-bolas-vaginales-kegel-silicona-96ef4e2ba8ea4c9eae8aefe445efb7dd-650x650.jpg 650w, https:\/\/sexysiempre.com\/web\/wp-content\/uploads\/bi-014490-2-bolas-vaginales-kegel-silicona-96ef4e2ba8ea4c9eae8aefe445efb7dd-300x300.jpg 300w, https:\/\/sexysiempre.com\/web\/wp-content\/uploads\/bi-014490-2-bolas-vaginales-kegel-silicona-96ef4e2ba8ea4c9eae8aefe445efb7dd-100x100.jpg 100w, https:\/\/sexysiempre.com\/web\/wp-content\/uploads\/bi-014490-2-bolas-vaginales-kegel-silicona-96ef4e2ba8ea4c9eae8aefe445efb7dd-600x600.jpg 600w, https:\/\/sexysiempre.com\/web\/wp-content\/uploads\/bi-014490-2-bolas-vaginales-kegel-silicona-96ef4e2ba8ea4c9eae8aefe445efb7dd-150x150.jpg 150w, https:\/\/sexysiempre.com\/web\/wp-content\/uploads\/bi-014490-2-bolas-vaginales-kegel-silicona-96ef4e2ba8ea4c9eae8aefe445efb7dd-768x768.jpg 768w, https:\/\/sexysiempre.com\/web\/wp-content\/uploads\/bi-014490-2-bolas-vaginales-kegel-silicona-96ef4e2ba8ea4c9eae8aefe445efb7dd-120x120.jpg 120w, https:\/\/sexysiempre.com\/web\/wp-content\/uploads\/bi-014490-2-bolas-vaginales-kegel-silicona-96ef4e2ba8ea4c9eae8aefe445efb7dd.jpg 800w\" sizes=\"(max-width: 300px) 100vw, 300px\" \/><img decoding=\"async\" class=\"aligncenter size-medium wp-image-8961\" src=\"https:\/\/sexysiempre.com\/web\/wp-content\/uploads\/bi-014490-2-bolas-vaginales-kegel-silicona-d42e8f31413b40b28a1c53645103e476-650x650.gif\" alt=\"\" width=\"300\" height=\"300\" srcset=\"https:\/\/sexysiempre.com\/web\/wp-content\/uploads\/bi-014490-2-bolas-vaginales-kegel-silicona-d42e8f31413b40b28a1c53645103e476-650x650.gif 650w, https:\/\/sexysiempre.com\/web\/wp-content\/uploads\/bi-014490-2-bolas-vaginales-kegel-silicona-d42e8f31413b40b28a1c53645103e476-300x300.gif 300w, https:\/\/sexysiempre.com\/web\/wp-content\/uploads\/bi-014490-2-bolas-vaginales-kegel-silicona-d42e8f31413b40b28a1c53645103e476-100x100.gif 100w, https:\/\/sexysiempre.com\/web\/wp-content\/uploads\/bi-014490-2-bolas-vaginales-kegel-silicona-d42e8f31413b40b28a1c53645103e476-600x600.gif 600w, https:\/\/sexysiempre.com\/web\/wp-content\/uploads\/bi-014490-2-bolas-vaginales-kegel-silicona-d42e8f31413b40b28a1c53645103e476-150x150.gif 150w, https:\/\/sexysiempre.com\/web\/wp-content\/uploads\/bi-014490-2-bolas-vaginales-kegel-silicona-d42e8f31413b40b28a1c53645103e476-120x120.gif 120w\" sizes=\"(max-width: 300px) 100vw, 300px\" \/><\/p>\n","protected":false},"excerpt":{"rendered":"<p>BI-014490-2 Bolas\u00a0 Kegel tienen esferas pesadas m\u00e1s peque\u00f1as dentro de las fundas de silicona que con cada movimiento\u00a0 se mover\u00e1n y causar\u00e1n sensaciones de golpes. No solo se sentir\u00e1 incre\u00edble, sino que los m\u00fasculos se contraer\u00e1n alrededor de las bolas,\u00a0 proporcionando\u00a0 entrenamiento\u00a0 vaginal reforzando el suelo p\u00e8lvico y estimulante al mismo tiempo.<\/p>\n","protected":false},"featured_media":8959,"template":"","meta":[],"product_brand":[],"product_cat":[6,32],"product_tag":[221,476,147,446,146],"class_list":{"0":"post-8958","1":"product","2":"type-product","3":"status-publish","4":"has-post-thumbnail","6":"product_cat-juguetes-accesorios-y-sexshop","7":"product_cat-estimuladores-para-ellas","8":"product_tag-bolas-chinas","9":"product_tag-kegel","10":"product_tag-rio-grande","11":"product_tag-sexshop-ushuaia-2","12":"product_tag-tierra-del-fuego","14":"first","15":"instock","16":"shipping-taxable","17":"product-type-simple"},"_links":{"self":[{"href":"https:\/\/sexysiempre.com\/web\/wp-json\/wp\/v2\/product\/8958","targetHints":{"allow":["GET"]}}],"collection":[{"href":"https:\/\/sexysiempre.com\/web\/wp-json\/wp\/v2\/product"}],"about":[{"href":"https:\/\/sexysiempre.com\/web\/wp-json\/wp\/v2\/types\/product"}],"wp:featuredmedia":[{"embeddable":true,"href":"https:\/\/sexysiempre.com\/web\/wp-json\/wp\/v2\/media\/8959"}],"wp:attachment":[{"href":"https:\/\/sexysiempre.com\/web\/wp-json\/wp\/v2\/media?parent=8958"}],"wp:term":[{"taxonomy":"product_brand","embeddable":true,"href":"https:\/\/sexysiempre.com\/web\/wp-json\/wp\/v2\/product_brand?post=8958"},{"taxonomy":"product_cat","embeddable":true,"href":"https:\/\/sexysiempre.com\/web\/wp-json\/wp\/v2\/product_cat?post=8958"},{"taxonomy":"product_tag","embeddable":true,"href":"https:\/\/sexysiempre.com\/web\/wp-json\/wp\/v2\/product_tag?post=8958"}],"curies":[{"name":"wp","href":"https:\/\/api.w.org\/{rel}","templated":true}]}}