{"id":9192,"date":"2022-02-01T17:57:56","date_gmt":"2022-02-01T20:57:56","guid":{"rendered":"https:\/\/sexysiempre.com\/web\/?post_type=product&#038;p=9192"},"modified":"2022-02-01T17:57:56","modified_gmt":"2022-02-01T20:57:56","slug":"harlan","status":"publish","type":"product","link":"https:\/\/sexysiempre.com\/web\/producto\/harlan","title":{"rendered":"Harlan"},"content":{"rendered":"<p style=\"text-align: center;\">BI-014232-1<\/p>\n<p style=\"text-align: center;\">\n<p style=\"text-align: center;\">Harlan es otro producto de Pretty Love que se destaca por ser recargable por puerto USB con 12 funciones.<\/p>\n<p style=\"text-align: center;\">Este vibrador de conejo en silicona posee\u00a0 motores duales para que puedas controlar d\u00f3nde prefieres m\u00e1s placer y tener diferentes movimientos a la vez. Dise\u00f1ado para despertar tus fantas\u00edas y satisfacer tu mente, cuerpo y alma, este conejo es perfecto para jugar solo.<\/p>\n<p style=\"text-align: center;\">Con 12 patrones de vibraci\u00f3n programados tanto en el estimulador del cl\u00edtoris como en el eje, est\u00e1s listo para horas de orgasmos explosivos?. Aumente la intensidad lentamente y dir\u00edjase a los entornos m\u00e1s fuertes para una noche de \u00e9xtasis placentero. Este conejo de silicona es resistente al agua, pero no sumergible.<\/p>\n<p style=\"text-align: center;\"><img fetchpriority=\"high\" decoding=\"async\" class=\"aligncenter size-medium wp-image-9194\" src=\"https:\/\/sexysiempre.com\/web\/wp-content\/uploads\/bi-014232-vibrador-harlan-recargable-12-funciones-usb-21cm-x-3cm-9e9bc5b4c6bd4417b90087a59f4ad7ea-650x650.jpg\" alt=\"\" width=\"300\" height=\"300\" srcset=\"https:\/\/sexysiempre.com\/web\/wp-content\/uploads\/bi-014232-vibrador-harlan-recargable-12-funciones-usb-21cm-x-3cm-9e9bc5b4c6bd4417b90087a59f4ad7ea-650x650.jpg 650w, https:\/\/sexysiempre.com\/web\/wp-content\/uploads\/bi-014232-vibrador-harlan-recargable-12-funciones-usb-21cm-x-3cm-9e9bc5b4c6bd4417b90087a59f4ad7ea-150x150.jpg 150w, https:\/\/sexysiempre.com\/web\/wp-content\/uploads\/bi-014232-vibrador-harlan-recargable-12-funciones-usb-21cm-x-3cm-9e9bc5b4c6bd4417b90087a59f4ad7ea-768x768.jpg 768w, https:\/\/sexysiempre.com\/web\/wp-content\/uploads\/bi-014232-vibrador-harlan-recargable-12-funciones-usb-21cm-x-3cm-9e9bc5b4c6bd4417b90087a59f4ad7ea-120x120.jpg 120w, https:\/\/sexysiempre.com\/web\/wp-content\/uploads\/bi-014232-vibrador-harlan-recargable-12-funciones-usb-21cm-x-3cm-9e9bc5b4c6bd4417b90087a59f4ad7ea-300x300.jpg 300w, https:\/\/sexysiempre.com\/web\/wp-content\/uploads\/bi-014232-vibrador-harlan-recargable-12-funciones-usb-21cm-x-3cm-9e9bc5b4c6bd4417b90087a59f4ad7ea-600x600.jpg 600w, https:\/\/sexysiempre.com\/web\/wp-content\/uploads\/bi-014232-vibrador-harlan-recargable-12-funciones-usb-21cm-x-3cm-9e9bc5b4c6bd4417b90087a59f4ad7ea-100x100.jpg 100w, https:\/\/sexysiempre.com\/web\/wp-content\/uploads\/bi-014232-vibrador-harlan-recargable-12-funciones-usb-21cm-x-3cm-9e9bc5b4c6bd4417b90087a59f4ad7ea.jpg 800w\" sizes=\"(max-width: 300px) 100vw, 300px\" \/><img decoding=\"async\" class=\"aligncenter size-medium wp-image-9195\" src=\"https:\/\/sexysiempre.com\/web\/wp-content\/uploads\/bi-014232-vibrador-harlan-recargable-12-funciones-usb-21cm-x-3cm-3d6bc280103942ea8fb2eb1ca7dc1014-650x650.jpg\" alt=\"\" width=\"300\" height=\"300\" srcset=\"https:\/\/sexysiempre.com\/web\/wp-content\/uploads\/bi-014232-vibrador-harlan-recargable-12-funciones-usb-21cm-x-3cm-3d6bc280103942ea8fb2eb1ca7dc1014-650x650.jpg 650w, https:\/\/sexysiempre.com\/web\/wp-content\/uploads\/bi-014232-vibrador-harlan-recargable-12-funciones-usb-21cm-x-3cm-3d6bc280103942ea8fb2eb1ca7dc1014-150x150.jpg 150w, https:\/\/sexysiempre.com\/web\/wp-content\/uploads\/bi-014232-vibrador-harlan-recargable-12-funciones-usb-21cm-x-3cm-3d6bc280103942ea8fb2eb1ca7dc1014-768x768.jpg 768w, https:\/\/sexysiempre.com\/web\/wp-content\/uploads\/bi-014232-vibrador-harlan-recargable-12-funciones-usb-21cm-x-3cm-3d6bc280103942ea8fb2eb1ca7dc1014-120x120.jpg 120w, https:\/\/sexysiempre.com\/web\/wp-content\/uploads\/bi-014232-vibrador-harlan-recargable-12-funciones-usb-21cm-x-3cm-3d6bc280103942ea8fb2eb1ca7dc1014-300x300.jpg 300w, https:\/\/sexysiempre.com\/web\/wp-content\/uploads\/bi-014232-vibrador-harlan-recargable-12-funciones-usb-21cm-x-3cm-3d6bc280103942ea8fb2eb1ca7dc1014-600x600.jpg 600w, https:\/\/sexysiempre.com\/web\/wp-content\/uploads\/bi-014232-vibrador-harlan-recargable-12-funciones-usb-21cm-x-3cm-3d6bc280103942ea8fb2eb1ca7dc1014-100x100.jpg 100w, https:\/\/sexysiempre.com\/web\/wp-content\/uploads\/bi-014232-vibrador-harlan-recargable-12-funciones-usb-21cm-x-3cm-3d6bc280103942ea8fb2eb1ca7dc1014.jpg 800w\" sizes=\"(max-width: 300px) 100vw, 300px\" \/><\/p>\n<p style=\"text-align: center;\">Medidas aproximadas: 21 cm x 3 cm<\/p>\n","protected":false},"excerpt":{"rendered":"<p>BI-014232-1 Harlan es otro producto de Pretty Love que se destaca por ser recargable por puerto USB con 12 funciones. Este vibrador de conejo en silicona posee\u00a0 motores duales para que puedas controlar d\u00f3nde prefieres m\u00e1s placer y tener diferentes movimientos a la vez. Dise\u00f1ado para despertar tus fantas\u00edas y satisfacer tu mente, cuerpo y [&hellip;]<\/p>\n","protected":false},"featured_media":9193,"template":"","meta":[],"product_brand":[],"product_cat":[6,275],"product_tag":[446,146,89],"class_list":{"0":"post-9192","1":"product","2":"type-product","3":"status-publish","4":"has-post-thumbnail","6":"product_cat-juguetes-accesorios-y-sexshop","7":"product_cat-alta-gama-rotadores-y-otros","8":"product_tag-sexshop-ushuaia-2","9":"product_tag-tierra-del-fuego","10":"product_tag-vibradores-2","12":"first","13":"instock","14":"shipping-taxable","15":"product-type-simple"},"_links":{"self":[{"href":"https:\/\/sexysiempre.com\/web\/wp-json\/wp\/v2\/product\/9192","targetHints":{"allow":["GET"]}}],"collection":[{"href":"https:\/\/sexysiempre.com\/web\/wp-json\/wp\/v2\/product"}],"about":[{"href":"https:\/\/sexysiempre.com\/web\/wp-json\/wp\/v2\/types\/product"}],"wp:featuredmedia":[{"embeddable":true,"href":"https:\/\/sexysiempre.com\/web\/wp-json\/wp\/v2\/media\/9193"}],"wp:attachment":[{"href":"https:\/\/sexysiempre.com\/web\/wp-json\/wp\/v2\/media?parent=9192"}],"wp:term":[{"taxonomy":"product_brand","embeddable":true,"href":"https:\/\/sexysiempre.com\/web\/wp-json\/wp\/v2\/product_brand?post=9192"},{"taxonomy":"product_cat","embeddable":true,"href":"https:\/\/sexysiempre.com\/web\/wp-json\/wp\/v2\/product_cat?post=9192"},{"taxonomy":"product_tag","embeddable":true,"href":"https:\/\/sexysiempre.com\/web\/wp-json\/wp\/v2\/product_tag?post=9192"}],"curies":[{"name":"wp","href":"https:\/\/api.w.org\/{rel}","templated":true}]}}