{"id":9253,"date":"2022-02-14T00:58:14","date_gmt":"2022-02-14T03:58:14","guid":{"rendered":"https:\/\/sexysiempre.com\/web\/?post_type=product&#038;p=9253"},"modified":"2022-02-14T00:58:14","modified_gmt":"2022-02-14T03:58:14","slug":"anillo-vibrador-conejito-purpura","status":"publish","type":"product","link":"https:\/\/sexysiempre.com\/web\/producto\/anillo-vibrador-conejito-purpura","title":{"rendered":"Anillo vibrador Conejito P\u00f9rpura"},"content":{"rendered":"<p style=\"text-align: center;\">BI-210204-1<\/p>\n<p style=\"text-align: center;\">Pretty Love brinda este otro Anillo vibrador\u00a0 para a\u00f1adir\u00a0 a tus juegos. En\u00a0 silicona mega suave, cuenta con 10 funciones de vibraci\u00f3n. Con cada empuje, este est\u00edmulo adicional proporcionar\u00e0 mayor placer para ambos. <img fetchpriority=\"high\" decoding=\"async\" class=\"aligncenter size-medium wp-image-9255\" src=\"https:\/\/sexysiempre.com\/web\/wp-content\/uploads\/bi-210204-anillo-vibrador-silicona-funciones-4024d381ba974ab29a6db0d1f45f2d52-650x650.jpg\" alt=\"\" width=\"300\" height=\"300\" srcset=\"https:\/\/sexysiempre.com\/web\/wp-content\/uploads\/bi-210204-anillo-vibrador-silicona-funciones-4024d381ba974ab29a6db0d1f45f2d52-650x650.jpg 650w, https:\/\/sexysiempre.com\/web\/wp-content\/uploads\/bi-210204-anillo-vibrador-silicona-funciones-4024d381ba974ab29a6db0d1f45f2d52-150x150.jpg 150w, https:\/\/sexysiempre.com\/web\/wp-content\/uploads\/bi-210204-anillo-vibrador-silicona-funciones-4024d381ba974ab29a6db0d1f45f2d52-768x768.jpg 768w, https:\/\/sexysiempre.com\/web\/wp-content\/uploads\/bi-210204-anillo-vibrador-silicona-funciones-4024d381ba974ab29a6db0d1f45f2d52-120x120.jpg 120w, https:\/\/sexysiempre.com\/web\/wp-content\/uploads\/bi-210204-anillo-vibrador-silicona-funciones-4024d381ba974ab29a6db0d1f45f2d52-300x300.jpg 300w, https:\/\/sexysiempre.com\/web\/wp-content\/uploads\/bi-210204-anillo-vibrador-silicona-funciones-4024d381ba974ab29a6db0d1f45f2d52-600x600.jpg 600w, https:\/\/sexysiempre.com\/web\/wp-content\/uploads\/bi-210204-anillo-vibrador-silicona-funciones-4024d381ba974ab29a6db0d1f45f2d52-100x100.jpg 100w, https:\/\/sexysiempre.com\/web\/wp-content\/uploads\/bi-210204-anillo-vibrador-silicona-funciones-4024d381ba974ab29a6db0d1f45f2d52.jpg 800w\" sizes=\"(max-width: 300px) 100vw, 300px\" \/><img decoding=\"async\" class=\"aligncenter size-medium wp-image-9256\" src=\"https:\/\/sexysiempre.com\/web\/wp-content\/uploads\/bi-210204-anillo-vibrador-silicona-funciones-88d38478e1fb40428c938d348e994143-650x650.jpg\" alt=\"\" width=\"300\" height=\"300\" srcset=\"https:\/\/sexysiempre.com\/web\/wp-content\/uploads\/bi-210204-anillo-vibrador-silicona-funciones-88d38478e1fb40428c938d348e994143-650x650.jpg 650w, https:\/\/sexysiempre.com\/web\/wp-content\/uploads\/bi-210204-anillo-vibrador-silicona-funciones-88d38478e1fb40428c938d348e994143-150x150.jpg 150w, https:\/\/sexysiempre.com\/web\/wp-content\/uploads\/bi-210204-anillo-vibrador-silicona-funciones-88d38478e1fb40428c938d348e994143-768x768.jpg 768w, https:\/\/sexysiempre.com\/web\/wp-content\/uploads\/bi-210204-anillo-vibrador-silicona-funciones-88d38478e1fb40428c938d348e994143-120x120.jpg 120w, https:\/\/sexysiempre.com\/web\/wp-content\/uploads\/bi-210204-anillo-vibrador-silicona-funciones-88d38478e1fb40428c938d348e994143-300x300.jpg 300w, https:\/\/sexysiempre.com\/web\/wp-content\/uploads\/bi-210204-anillo-vibrador-silicona-funciones-88d38478e1fb40428c938d348e994143-600x600.jpg 600w, https:\/\/sexysiempre.com\/web\/wp-content\/uploads\/bi-210204-anillo-vibrador-silicona-funciones-88d38478e1fb40428c938d348e994143-100x100.jpg 100w, https:\/\/sexysiempre.com\/web\/wp-content\/uploads\/bi-210204-anillo-vibrador-silicona-funciones-88d38478e1fb40428c938d348e994143.jpg 800w\" sizes=\"(max-width: 300px) 100vw, 300px\" \/><\/p>\n<p>&nbsp;<\/p>\n","protected":false},"excerpt":{"rendered":"<p>BI-210204-1 Pretty Love brinda este otro Anillo vibrador\u00a0 para a\u00f1adir\u00a0 a tus juegos. En\u00a0 silicona mega suave, cuenta con 10 funciones de vibraci\u00f3n. Con cada empuje, este est\u00edmulo adicional proporcionar\u00e0 mayor placer para ambos. &nbsp;<\/p>\n","protected":false},"featured_media":9254,"template":"","meta":[],"product_brand":[],"product_cat":[6,31],"product_tag":[399,147,446,146],"class_list":{"0":"post-9253","1":"product","2":"type-product","3":"status-publish","4":"has-post-thumbnail","6":"product_cat-juguetes-accesorios-y-sexshop","7":"product_cat-anillos-vibradores","8":"product_tag-anillos-vibrador","9":"product_tag-rio-grande","10":"product_tag-sexshop-ushuaia-2","11":"product_tag-tierra-del-fuego","13":"first","14":"instock","15":"shipping-taxable","16":"product-type-simple"},"_links":{"self":[{"href":"https:\/\/sexysiempre.com\/web\/wp-json\/wp\/v2\/product\/9253","targetHints":{"allow":["GET"]}}],"collection":[{"href":"https:\/\/sexysiempre.com\/web\/wp-json\/wp\/v2\/product"}],"about":[{"href":"https:\/\/sexysiempre.com\/web\/wp-json\/wp\/v2\/types\/product"}],"wp:featuredmedia":[{"embeddable":true,"href":"https:\/\/sexysiempre.com\/web\/wp-json\/wp\/v2\/media\/9254"}],"wp:attachment":[{"href":"https:\/\/sexysiempre.com\/web\/wp-json\/wp\/v2\/media?parent=9253"}],"wp:term":[{"taxonomy":"product_brand","embeddable":true,"href":"https:\/\/sexysiempre.com\/web\/wp-json\/wp\/v2\/product_brand?post=9253"},{"taxonomy":"product_cat","embeddable":true,"href":"https:\/\/sexysiempre.com\/web\/wp-json\/wp\/v2\/product_cat?post=9253"},{"taxonomy":"product_tag","embeddable":true,"href":"https:\/\/sexysiempre.com\/web\/wp-json\/wp\/v2\/product_tag?post=9253"}],"curies":[{"name":"wp","href":"https:\/\/api.w.org\/{rel}","templated":true}]}}