{"id":9315,"date":"2022-02-14T18:56:25","date_gmt":"2022-02-14T21:56:25","guid":{"rendered":"https:\/\/sexysiempre.com\/web\/?post_type=product&#038;p=9315"},"modified":"2025-10-11T20:32:39","modified_gmt":"2025-10-11T23:32:39","slug":"serum-concentrado-clitorial","status":"publish","type":"product","link":"https:\/\/sexysiempre.com\/web\/producto\/serum-concentrado-clitorial","title":{"rendered":"Serum concentrado clitorial"},"content":{"rendered":"<p style=\"text-align: center;\">Serum concentrado EOS Intense Clitorial, contiene 25ml.<\/p>\n<p style=\"text-align: center;\">Lubricante a base de silicona pura y de alta calidad. Desarrollado exclusivamente para la estimulaci\u00f3n del cl\u00edtoris. Se puede usar para juegos preliminares, estimulaci\u00f3n y con\u00a0 juguetes.<\/p>\n<h1><\/h1>\n","protected":false},"excerpt":{"rendered":"<p>Serum concentrado EOS Intense Clitorial, contiene 25ml. Lubricante a base de silicona pura y de alta calidad. Desarrollado exclusivamente para la estimulaci\u00f3n del cl\u00edtoris. Se puede usar para juegos preliminares, estimulaci\u00f3n y con\u00a0 juguetes.<\/p>\n","protected":false},"featured_media":9316,"template":"","meta":[],"product_brand":[],"product_cat":[6,20],"product_tag":[78,446,146],"class_list":{"0":"post-9315","1":"product","2":"type-product","3":"status-publish","4":"has-post-thumbnail","6":"product_cat-juguetes-accesorios-y-sexshop","7":"product_cat-aceites-geles-y-lubricantes","8":"product_tag-lubricantes","9":"product_tag-sexshop-ushuaia-2","10":"product_tag-tierra-del-fuego","12":"first","13":"outofstock","14":"shipping-taxable","15":"product-type-simple"},"_links":{"self":[{"href":"https:\/\/sexysiempre.com\/web\/wp-json\/wp\/v2\/product\/9315","targetHints":{"allow":["GET"]}}],"collection":[{"href":"https:\/\/sexysiempre.com\/web\/wp-json\/wp\/v2\/product"}],"about":[{"href":"https:\/\/sexysiempre.com\/web\/wp-json\/wp\/v2\/types\/product"}],"wp:featuredmedia":[{"embeddable":true,"href":"https:\/\/sexysiempre.com\/web\/wp-json\/wp\/v2\/media\/9316"}],"wp:attachment":[{"href":"https:\/\/sexysiempre.com\/web\/wp-json\/wp\/v2\/media?parent=9315"}],"wp:term":[{"taxonomy":"product_brand","embeddable":true,"href":"https:\/\/sexysiempre.com\/web\/wp-json\/wp\/v2\/product_brand?post=9315"},{"taxonomy":"product_cat","embeddable":true,"href":"https:\/\/sexysiempre.com\/web\/wp-json\/wp\/v2\/product_cat?post=9315"},{"taxonomy":"product_tag","embeddable":true,"href":"https:\/\/sexysiempre.com\/web\/wp-json\/wp\/v2\/product_tag?post=9315"}],"curies":[{"name":"wp","href":"https:\/\/api.w.org\/{rel}","templated":true}]}}