{"id":9459,"date":"2022-02-16T11:44:18","date_gmt":"2022-02-16T14:44:18","guid":{"rendered":"https:\/\/sexysiempre.com\/web\/?post_type=product&#038;p=9459"},"modified":"2022-02-16T11:44:19","modified_gmt":"2022-02-16T14:44:19","slug":"gel-retardante-one-more-time","status":"publish","type":"product","link":"https:\/\/sexysiempre.com\/web\/producto\/gel-retardante-one-more-time","title":{"rendered":"Gel Retardante ONE MORE TIME"},"content":{"rendered":"<div><\/div>\n<div style=\"text-align: center;\"><span style=\"color: #212529; font-family: Open Sans, sans-serif; font-size: large;\">Gel \u00ecntimo retardante:<\/span><\/div>\n<div style=\"text-align: center;\"><span style=\"color: #212529; font-family: Open Sans, sans-serif; font-size: large;\">Se encuentra especialmente formulado para prolongar la erecci\u00f3n, retardando la eyaculaci\u00f3n y asegurando una relaci\u00f3n prolongada y placentera. <\/span><\/div>\n<div style=\"text-align: center;\"><span style=\"color: #212529; font-family: Open Sans, sans-serif; font-size: large;\">Entre sus componentes se encuentran acrivos ligeramente desensibilizadores como extracto de malva silvestre, de avena y glicerina. <\/span><\/div>\n<div style=\"text-align: center;\"><span style=\"color: #212529; font-family: Open Sans, sans-serif; font-size: large;\">Su uso es muy sencillo, se debe aplicar como cualquier otro lubricante, en el glande y detr\u00e0s de los test\u00ecculos masajeando la zona.\u00a0<\/span><\/div>\n<div><\/div>\n<div><\/div>\n","protected":false},"excerpt":{"rendered":"<p>Gel \u00ecntimo retardante: Se encuentra especialmente formulado para prolongar la erecci\u00f3n, retardando la eyaculaci\u00f3n y asegurando una relaci\u00f3n prolongada y placentera. Entre sus componentes se encuentran acrivos ligeramente desensibilizadores como extracto de malva silvestre, de avena y glicerina. Su uso es muy sencillo, se debe aplicar como cualquier otro lubricante, en el glande y detr\u00e0s [&hellip;]<\/p>\n","protected":false},"featured_media":9460,"template":"","meta":[],"product_brand":[],"product_cat":[6],"product_tag":[493,147,446,146],"class_list":{"0":"post-9459","1":"product","2":"type-product","3":"status-publish","4":"has-post-thumbnail","6":"product_cat-juguetes-accesorios-y-sexshop","7":"product_tag-retardante-de-eyaculacion","8":"product_tag-rio-grande","9":"product_tag-sexshop-ushuaia-2","10":"product_tag-tierra-del-fuego","12":"first","13":"instock","14":"shipping-taxable","15":"product-type-simple"},"_links":{"self":[{"href":"https:\/\/sexysiempre.com\/web\/wp-json\/wp\/v2\/product\/9459","targetHints":{"allow":["GET"]}}],"collection":[{"href":"https:\/\/sexysiempre.com\/web\/wp-json\/wp\/v2\/product"}],"about":[{"href":"https:\/\/sexysiempre.com\/web\/wp-json\/wp\/v2\/types\/product"}],"wp:featuredmedia":[{"embeddable":true,"href":"https:\/\/sexysiempre.com\/web\/wp-json\/wp\/v2\/media\/9460"}],"wp:attachment":[{"href":"https:\/\/sexysiempre.com\/web\/wp-json\/wp\/v2\/media?parent=9459"}],"wp:term":[{"taxonomy":"product_brand","embeddable":true,"href":"https:\/\/sexysiempre.com\/web\/wp-json\/wp\/v2\/product_brand?post=9459"},{"taxonomy":"product_cat","embeddable":true,"href":"https:\/\/sexysiempre.com\/web\/wp-json\/wp\/v2\/product_cat?post=9459"},{"taxonomy":"product_tag","embeddable":true,"href":"https:\/\/sexysiempre.com\/web\/wp-json\/wp\/v2\/product_tag?post=9459"}],"curies":[{"name":"wp","href":"https:\/\/api.w.org\/{rel}","templated":true}]}}