{"id":9461,"date":"2022-02-16T11:51:51","date_gmt":"2022-02-16T14:51:51","guid":{"rendered":"https:\/\/sexysiempre.com\/web\/?post_type=product&#038;p=9461"},"modified":"2022-02-16T11:51:52","modified_gmt":"2022-02-16T14:51:52","slug":"juego-de-cartas-verdad-desafio-retos-atrevidos","status":"publish","type":"product","link":"https:\/\/sexysiempre.com\/web\/producto\/juego-de-cartas-verdad-desafio-retos-atrevidos","title":{"rendered":"Juego de cartas: Verdad &#8211; Desaf\u00eco &#8211; Retos Atrevidos."},"content":{"rendered":"<div style=\"text-align: center;\">Juego de cartas Verdad Desaf\u00edo<\/div>\n<div style=\"text-align: center;\">\u00a1Retos atrevidos!<\/div>\n<div style=\"text-align: center;\">Un juego divertido, picante y excitante. Consta de 80 preguntas y retos atrevidos con los que vas a poder divertirte en pareja o con amigos.<\/div>\n<div style=\"text-align: center;\">VERDAD:<\/div>\n<div style=\"text-align: center;\">Respond\u00e9 de manera honesta, cuanto mas detallada la respuesta, mejor! Si tus compa\u00f1eros consideran que no est\u00e1s siendo sincero o si te neg\u00e1s a responder, pasas autom\u00e0ticamente a las cartas de DESAF\u00cdO.<\/div>\n<div style=\"text-align: center;\">DESAF\u00cdO:<\/div>\n<div style=\"text-align: center;\">Atr\u00e9vete con todo y realiza la acci\u00f3n. Si cumples el desaf\u00edo tu turno finalizar\u00e1 con \u00e9xito. Pero si te niegas a responder, vas a tener que tomar un shot de alguna bebida &#8230;<\/div>\n<div style=\"text-align: center;\">Contiene:<\/div>\n<div style=\"text-align: center;\">80 cartas + 1 dado<\/div>\n<div><\/div>\n","protected":false},"excerpt":{"rendered":"<p>Juego de cartas Verdad Desaf\u00edo \u00a1Retos atrevidos! Un juego divertido, picante y excitante. Consta de 80 preguntas y retos atrevidos con los que vas a poder divertirte en pareja o con amigos. VERDAD: Respond\u00e9 de manera honesta, cuanto mas detallada la respuesta, mejor! Si tus compa\u00f1eros consideran que no est\u00e1s siendo sincero o si te [&hellip;]<\/p>\n","protected":false},"featured_media":9462,"template":"","meta":[],"product_brand":[],"product_cat":[6,277],"product_tag":[244,147,446,146],"class_list":{"0":"post-9461","1":"product","2":"type-product","3":"status-publish","4":"has-post-thumbnail","6":"product_cat-juguetes-accesorios-y-sexshop","7":"product_cat-vigorizantes-feromonas-juegos-y-cotillon","8":"product_tag-juegos-eroticos","9":"product_tag-rio-grande","10":"product_tag-sexshop-ushuaia-2","11":"product_tag-tierra-del-fuego","13":"first","14":"instock","15":"shipping-taxable","16":"product-type-simple"},"_links":{"self":[{"href":"https:\/\/sexysiempre.com\/web\/wp-json\/wp\/v2\/product\/9461","targetHints":{"allow":["GET"]}}],"collection":[{"href":"https:\/\/sexysiempre.com\/web\/wp-json\/wp\/v2\/product"}],"about":[{"href":"https:\/\/sexysiempre.com\/web\/wp-json\/wp\/v2\/types\/product"}],"wp:featuredmedia":[{"embeddable":true,"href":"https:\/\/sexysiempre.com\/web\/wp-json\/wp\/v2\/media\/9462"}],"wp:attachment":[{"href":"https:\/\/sexysiempre.com\/web\/wp-json\/wp\/v2\/media?parent=9461"}],"wp:term":[{"taxonomy":"product_brand","embeddable":true,"href":"https:\/\/sexysiempre.com\/web\/wp-json\/wp\/v2\/product_brand?post=9461"},{"taxonomy":"product_cat","embeddable":true,"href":"https:\/\/sexysiempre.com\/web\/wp-json\/wp\/v2\/product_cat?post=9461"},{"taxonomy":"product_tag","embeddable":true,"href":"https:\/\/sexysiempre.com\/web\/wp-json\/wp\/v2\/product_tag?post=9461"}],"curies":[{"name":"wp","href":"https:\/\/api.w.org\/{rel}","templated":true}]}}