{"id":9488,"date":"2022-02-16T12:54:51","date_gmt":"2022-02-16T15:54:51","guid":{"rendered":"https:\/\/sexysiempre.com\/web\/?post_type=product&#038;p=9488"},"modified":"2022-02-16T12:54:51","modified_gmt":"2022-02-16T15:54:51","slug":"partner-double-plus-control-remoto-satisfyer-2","status":"publish","type":"product","link":"https:\/\/sexysiempre.com\/web\/producto\/partner-double-plus-control-remoto-satisfyer-2","title":{"rendered":"Partner Double Plus Control Remoto, Satisfyer."},"content":{"rendered":"<p style=\"text-align: center;\">J2008-3-01<\/p>\n<div style=\"text-align: center;\"><b>\u00bfQu\u00e9 es el Satisfyer Double Plus Remote?<\/b><\/div>\n<div style=\"text-align: center;\">El Satisfyer Double Plus Remote es un vibrador para parejas, tanto para ella como para \u00e9l. Su particular forma permite estimular a ambos miembros de la pareja con vibraciones espectaculares durante el sexo. La mujer lleva el vibrador durante el sexo, de modo que no solo estimula su punto G y el cl\u00edtoris, sino tambi\u00e9n el pene de su pareja. El extremo m\u00e1s delgado de este juguete de bienestar sexual proveedor de placer se introduce primero en la vagina y el extremo m\u00e1s grande se coloca sobre el cl\u00edtoris. Dos potentes motores excitan el cl\u00edtoris, la vagina y el pene al mismo tiempo de una forma excitante y hacen que vuestro acto sexual sea impresionante. La ajustada forma en U ofrece una reconfortante y adicional firmeza y una maravillosa presi\u00f3n en tus partes m\u00e1s bellas de la lujuria. Evidentemente, las mujeres tambi\u00e9n pueden utilizar este dispositivo de bienestar sexual vibrante en solitario.<\/div>\n<div>\n<div style=\"text-align: center;\">Este vibrador est\u00e1 hecho de silicona m\u00e9dica flexible y se puede colocar de forma c\u00f3moda y suave sobre la piel. Lo especial de este producto de bienestar sexual es el control remoto inal\u00e1mbrico, con el que se puede controlar f\u00e1cilmente el placer desde fuera sin necesidad de romper el estado de excitaci\u00f3n. Puedes seleccionar entre 10 emocionantes programas de vibraci\u00f3n.<\/div>\n<div style=\"text-align: center;\"><\/div>\n<div style=\"text-align: center;\"><b>\u00bfQu\u00e9 otras caracter\u00edsticas tiene el Satisfyer Double Plus Remote?<\/b><\/div>\n<div style=\"text-align: center;\">El Satisfyer Double Plus Remote es, por supuesto, impermeable y ser\u00e1 tu acompa\u00f1ante perfecto tanto en una rom\u00e1ntica ba\u00f1era de hidromasaje como bajo las c\u00f3modas s\u00e1banas de tu casa. Las vibraciones debajo del agua de este compa\u00f1ero de diversi\u00f3n son percibidas por muchas parejas como particularmente intensas.<\/div>\n<div style=\"text-align: center;\"><\/div>\n<div style=\"text-align: center;\">Adem\u00e1s, Satisfyer te ofrece una garant\u00eda de 10 meses\u00a0 en este producto de bienestar sexual. Considerando que los juguetes son para \u00abjugar\u00bb, la creatividad en diferentes usos, lo har\u00e0 mucho mas divertido y placentero. Uno de los productos mas buscados por su excelencia en calidad y placer.<\/div>\n<div><img fetchpriority=\"high\" decoding=\"async\" class=\"aligncenter size-medium wp-image-9490\" src=\"https:\/\/sexysiempre.com\/web\/wp-content\/uploads\/j2008-3-01-partner-double-plus-remote-446da3abf2a444a9b5d6bcd8e3010c9c-1-650x650.jpg\" alt=\"\" width=\"300\" height=\"300\" srcset=\"https:\/\/sexysiempre.com\/web\/wp-content\/uploads\/j2008-3-01-partner-double-plus-remote-446da3abf2a444a9b5d6bcd8e3010c9c-1-650x650.jpg 650w, https:\/\/sexysiempre.com\/web\/wp-content\/uploads\/j2008-3-01-partner-double-plus-remote-446da3abf2a444a9b5d6bcd8e3010c9c-1-150x150.jpg 150w, https:\/\/sexysiempre.com\/web\/wp-content\/uploads\/j2008-3-01-partner-double-plus-remote-446da3abf2a444a9b5d6bcd8e3010c9c-1-768x768.jpg 768w, https:\/\/sexysiempre.com\/web\/wp-content\/uploads\/j2008-3-01-partner-double-plus-remote-446da3abf2a444a9b5d6bcd8e3010c9c-1-120x120.jpg 120w, https:\/\/sexysiempre.com\/web\/wp-content\/uploads\/j2008-3-01-partner-double-plus-remote-446da3abf2a444a9b5d6bcd8e3010c9c-1-300x300.jpg 300w, https:\/\/sexysiempre.com\/web\/wp-content\/uploads\/j2008-3-01-partner-double-plus-remote-446da3abf2a444a9b5d6bcd8e3010c9c-1-600x600.jpg 600w, https:\/\/sexysiempre.com\/web\/wp-content\/uploads\/j2008-3-01-partner-double-plus-remote-446da3abf2a444a9b5d6bcd8e3010c9c-1-100x100.jpg 100w, https:\/\/sexysiempre.com\/web\/wp-content\/uploads\/j2008-3-01-partner-double-plus-remote-446da3abf2a444a9b5d6bcd8e3010c9c-1.jpg 800w\" sizes=\"(max-width: 300px) 100vw, 300px\" \/><img decoding=\"async\" class=\"aligncenter size-medium wp-image-9491\" src=\"https:\/\/sexysiempre.com\/web\/wp-content\/uploads\/j2008-3-01-partner-double-plus-remote-f774893e761b41d3889eea113a510f20-1-650x650.jpg\" alt=\"\" width=\"300\" height=\"300\" srcset=\"https:\/\/sexysiempre.com\/web\/wp-content\/uploads\/j2008-3-01-partner-double-plus-remote-f774893e761b41d3889eea113a510f20-1-650x650.jpg 650w, https:\/\/sexysiempre.com\/web\/wp-content\/uploads\/j2008-3-01-partner-double-plus-remote-f774893e761b41d3889eea113a510f20-1-150x150.jpg 150w, https:\/\/sexysiempre.com\/web\/wp-content\/uploads\/j2008-3-01-partner-double-plus-remote-f774893e761b41d3889eea113a510f20-1-768x768.jpg 768w, https:\/\/sexysiempre.com\/web\/wp-content\/uploads\/j2008-3-01-partner-double-plus-remote-f774893e761b41d3889eea113a510f20-1-120x120.jpg 120w, https:\/\/sexysiempre.com\/web\/wp-content\/uploads\/j2008-3-01-partner-double-plus-remote-f774893e761b41d3889eea113a510f20-1-300x300.jpg 300w, https:\/\/sexysiempre.com\/web\/wp-content\/uploads\/j2008-3-01-partner-double-plus-remote-f774893e761b41d3889eea113a510f20-1-600x600.jpg 600w, https:\/\/sexysiempre.com\/web\/wp-content\/uploads\/j2008-3-01-partner-double-plus-remote-f774893e761b41d3889eea113a510f20-1-100x100.jpg 100w, https:\/\/sexysiempre.com\/web\/wp-content\/uploads\/j2008-3-01-partner-double-plus-remote-f774893e761b41d3889eea113a510f20-1.jpg 800w\" sizes=\"(max-width: 300px) 100vw, 300px\" \/><img decoding=\"async\" class=\"aligncenter size-medium wp-image-9492\" src=\"https:\/\/sexysiempre.com\/web\/wp-content\/uploads\/j2008-3-01-partner-double-plus-remote-95417d81637e4045bff1fffa5bd3f8f8-1-650x650.jpg\" alt=\"\" width=\"300\" height=\"300\" srcset=\"https:\/\/sexysiempre.com\/web\/wp-content\/uploads\/j2008-3-01-partner-double-plus-remote-95417d81637e4045bff1fffa5bd3f8f8-1-650x650.jpg 650w, https:\/\/sexysiempre.com\/web\/wp-content\/uploads\/j2008-3-01-partner-double-plus-remote-95417d81637e4045bff1fffa5bd3f8f8-1-150x150.jpg 150w, https:\/\/sexysiempre.com\/web\/wp-content\/uploads\/j2008-3-01-partner-double-plus-remote-95417d81637e4045bff1fffa5bd3f8f8-1-768x768.jpg 768w, https:\/\/sexysiempre.com\/web\/wp-content\/uploads\/j2008-3-01-partner-double-plus-remote-95417d81637e4045bff1fffa5bd3f8f8-1-120x120.jpg 120w, https:\/\/sexysiempre.com\/web\/wp-content\/uploads\/j2008-3-01-partner-double-plus-remote-95417d81637e4045bff1fffa5bd3f8f8-1-300x300.jpg 300w, https:\/\/sexysiempre.com\/web\/wp-content\/uploads\/j2008-3-01-partner-double-plus-remote-95417d81637e4045bff1fffa5bd3f8f8-1-600x600.jpg 600w, https:\/\/sexysiempre.com\/web\/wp-content\/uploads\/j2008-3-01-partner-double-plus-remote-95417d81637e4045bff1fffa5bd3f8f8-1-100x100.jpg 100w, https:\/\/sexysiempre.com\/web\/wp-content\/uploads\/j2008-3-01-partner-double-plus-remote-95417d81637e4045bff1fffa5bd3f8f8-1.jpg 800w\" sizes=\"(max-width: 300px) 100vw, 300px\" \/><\/div>\n<\/div>\n","protected":false},"excerpt":{"rendered":"<p>J2008-3-01 \u00bfQu\u00e9 es el Satisfyer Double Plus Remote? El Satisfyer Double Plus Remote es un vibrador para parejas, tanto para ella como para \u00e9l. Su particular forma permite estimular a ambos miembros de la pareja con vibraciones espectaculares durante el sexo. La mujer lleva el vibrador durante el sexo, de modo que no solo estimula [&hellip;]<\/p>\n","protected":false},"featured_media":9489,"template":"","meta":[],"product_brand":[],"product_cat":[6,275],"product_tag":[429,147,473,446,146],"class_list":{"0":"post-9488","1":"product","2":"type-product","3":"status-publish","4":"has-post-thumbnail","6":"product_cat-juguetes-accesorios-y-sexshop","7":"product_cat-alta-gama-rotadores-y-otros","8":"product_tag-partner","9":"product_tag-rio-grande","10":"product_tag-satisfyer","11":"product_tag-sexshop-ushuaia-2","12":"product_tag-tierra-del-fuego","14":"first","15":"instock","16":"shipping-taxable","17":"product-type-simple"},"_links":{"self":[{"href":"https:\/\/sexysiempre.com\/web\/wp-json\/wp\/v2\/product\/9488","targetHints":{"allow":["GET"]}}],"collection":[{"href":"https:\/\/sexysiempre.com\/web\/wp-json\/wp\/v2\/product"}],"about":[{"href":"https:\/\/sexysiempre.com\/web\/wp-json\/wp\/v2\/types\/product"}],"wp:featuredmedia":[{"embeddable":true,"href":"https:\/\/sexysiempre.com\/web\/wp-json\/wp\/v2\/media\/9489"}],"wp:attachment":[{"href":"https:\/\/sexysiempre.com\/web\/wp-json\/wp\/v2\/media?parent=9488"}],"wp:term":[{"taxonomy":"product_brand","embeddable":true,"href":"https:\/\/sexysiempre.com\/web\/wp-json\/wp\/v2\/product_brand?post=9488"},{"taxonomy":"product_cat","embeddable":true,"href":"https:\/\/sexysiempre.com\/web\/wp-json\/wp\/v2\/product_cat?post=9488"},{"taxonomy":"product_tag","embeddable":true,"href":"https:\/\/sexysiempre.com\/web\/wp-json\/wp\/v2\/product_tag?post=9488"}],"curies":[{"name":"wp","href":"https:\/\/api.w.org\/{rel}","templated":true}]}}