{"id":9570,"date":"2022-05-30T20:09:56","date_gmt":"2022-05-30T23:09:56","guid":{"rendered":"https:\/\/sexysiempre.com\/web\/?post_type=product&#038;p=9570"},"modified":"2025-07-05T16:58:03","modified_gmt":"2025-07-05T19:58:03","slug":"body-en-puntilla-2","status":"publish","type":"product","link":"https:\/\/sexysiempre.com\/web\/producto\/body-en-puntilla-2","title":{"rendered":"Body en puntilla"},"content":{"rendered":"<p style=\"text-align: center;\">Delicado body confeccionado enteramente en puntilla sujeto al\u00a0 \u00a0cuello permitiendo lucir toda tu espalda. Realza tu figura en una forma \u00fanica y sensual. Talle \u00f9nico. S\u00f3lo en color negro.<\/p>\n<div><img fetchpriority=\"high\" decoding=\"async\" class=\"aligncenter size-medium wp-image-9572\" src=\"https:\/\/sexysiempre.com\/web\/wp-content\/uploads\/m805roj-body-de-puntilla-rojo-7d777cb5a764470e9a8902b2938807e3-1-650x650.jpg\" alt=\"\" width=\"300\" height=\"300\" srcset=\"https:\/\/sexysiempre.com\/web\/wp-content\/uploads\/m805roj-body-de-puntilla-rojo-7d777cb5a764470e9a8902b2938807e3-1-650x650.jpg 650w, https:\/\/sexysiempre.com\/web\/wp-content\/uploads\/m805roj-body-de-puntilla-rojo-7d777cb5a764470e9a8902b2938807e3-1-150x150.jpg 150w, https:\/\/sexysiempre.com\/web\/wp-content\/uploads\/m805roj-body-de-puntilla-rojo-7d777cb5a764470e9a8902b2938807e3-1-768x768.jpg 768w, https:\/\/sexysiempre.com\/web\/wp-content\/uploads\/m805roj-body-de-puntilla-rojo-7d777cb5a764470e9a8902b2938807e3-1-120x120.jpg 120w, https:\/\/sexysiempre.com\/web\/wp-content\/uploads\/m805roj-body-de-puntilla-rojo-7d777cb5a764470e9a8902b2938807e3-1-300x300.jpg 300w, https:\/\/sexysiempre.com\/web\/wp-content\/uploads\/m805roj-body-de-puntilla-rojo-7d777cb5a764470e9a8902b2938807e3-1-600x600.jpg 600w, https:\/\/sexysiempre.com\/web\/wp-content\/uploads\/m805roj-body-de-puntilla-rojo-7d777cb5a764470e9a8902b2938807e3-1-100x100.jpg 100w, https:\/\/sexysiempre.com\/web\/wp-content\/uploads\/m805roj-body-de-puntilla-rojo-7d777cb5a764470e9a8902b2938807e3-1.jpg 800w\" sizes=\"(max-width: 300px) 100vw, 300px\" \/><\/div>\n","protected":false},"excerpt":{"rendered":"<p>Delicado body confeccionado enteramente en puntilla sujeto al\u00a0 \u00a0cuello permitiendo lucir toda tu espalda. Realza tu figura en una forma \u00fanica y sensual. Talle \u00f9nico. S\u00f3lo en color negro.<\/p>\n","protected":false},"featured_media":9571,"template":"","meta":[],"product_brand":[],"product_cat":[5,9],"product_tag":[424,147,446,146],"class_list":{"0":"post-9570","1":"product","2":"type-product","3":"status-publish","4":"has-post-thumbnail","6":"product_cat-lenceria-erotica","7":"product_cat-baby-doll-catsuit-body","8":"product_tag-body","9":"product_tag-rio-grande","10":"product_tag-sexshop-ushuaia-2","11":"product_tag-tierra-del-fuego","13":"first","14":"instock","15":"shipping-taxable","16":"product-type-simple"},"_links":{"self":[{"href":"https:\/\/sexysiempre.com\/web\/wp-json\/wp\/v2\/product\/9570","targetHints":{"allow":["GET"]}}],"collection":[{"href":"https:\/\/sexysiempre.com\/web\/wp-json\/wp\/v2\/product"}],"about":[{"href":"https:\/\/sexysiempre.com\/web\/wp-json\/wp\/v2\/types\/product"}],"wp:featuredmedia":[{"embeddable":true,"href":"https:\/\/sexysiempre.com\/web\/wp-json\/wp\/v2\/media\/9571"}],"wp:attachment":[{"href":"https:\/\/sexysiempre.com\/web\/wp-json\/wp\/v2\/media?parent=9570"}],"wp:term":[{"taxonomy":"product_brand","embeddable":true,"href":"https:\/\/sexysiempre.com\/web\/wp-json\/wp\/v2\/product_brand?post=9570"},{"taxonomy":"product_cat","embeddable":true,"href":"https:\/\/sexysiempre.com\/web\/wp-json\/wp\/v2\/product_cat?post=9570"},{"taxonomy":"product_tag","embeddable":true,"href":"https:\/\/sexysiempre.com\/web\/wp-json\/wp\/v2\/product_tag?post=9570"}],"curies":[{"name":"wp","href":"https:\/\/api.w.org\/{rel}","templated":true}]}}