{"id":9577,"date":"2022-05-30T20:29:38","date_gmt":"2022-05-30T23:29:38","guid":{"rendered":"https:\/\/sexysiempre.com\/web\/?post_type=product&#038;p=9577"},"modified":"2022-05-30T20:29:39","modified_gmt":"2022-05-30T23:29:39","slug":"extreme-games-6-juegos-en-1","status":"publish","type":"product","link":"https:\/\/sexysiempre.com\/web\/producto\/extreme-games-6-juegos-en-1","title":{"rendered":"EXTREME GAMES 6 JUEGOS EN 1"},"content":{"rendered":"<div style=\"text-align: center;\"><b>EXTREME GAMES<\/b><\/div>\n<div style=\"text-align: center;\">6 juegos en 1, en este juego vas a encontrar 6 juegos distintos que te van a traer diferentes sensaciones.<\/div>\n<div style=\"text-align: center;\"><\/div>\n<div style=\"text-align: center;\">Desde posiciones sexuales para cada d\u00eda de la semana hasta fantas\u00edas que nunca hab\u00edas escuchado de tu pareja.<\/div>\n<div style=\"text-align: center;\"><\/div>\n<div style=\"text-align: center;\">Es la opci\u00f3n perfecta para aquellas parejas que quieran divertirse con m\u00e1s de una sola opci\u00f3n.<\/div>\n<div style=\"text-align: center;\"><img fetchpriority=\"high\" decoding=\"async\" class=\"aligncenter size-medium wp-image-9578\" src=\"https:\/\/sexysiempre.com\/web\/wp-content\/uploads\/glo09-extreme-games-6-juegos-en-1-3d53ef3fbc4944559947ed773a7dc964-650x650.jpg\" alt=\"\" width=\"300\" height=\"300\" srcset=\"https:\/\/sexysiempre.com\/web\/wp-content\/uploads\/glo09-extreme-games-6-juegos-en-1-3d53ef3fbc4944559947ed773a7dc964-650x650.jpg 650w, https:\/\/sexysiempre.com\/web\/wp-content\/uploads\/glo09-extreme-games-6-juegos-en-1-3d53ef3fbc4944559947ed773a7dc964-150x150.jpg 150w, https:\/\/sexysiempre.com\/web\/wp-content\/uploads\/glo09-extreme-games-6-juegos-en-1-3d53ef3fbc4944559947ed773a7dc964-768x768.jpg 768w, https:\/\/sexysiempre.com\/web\/wp-content\/uploads\/glo09-extreme-games-6-juegos-en-1-3d53ef3fbc4944559947ed773a7dc964-120x120.jpg 120w, https:\/\/sexysiempre.com\/web\/wp-content\/uploads\/glo09-extreme-games-6-juegos-en-1-3d53ef3fbc4944559947ed773a7dc964-300x300.jpg 300w, https:\/\/sexysiempre.com\/web\/wp-content\/uploads\/glo09-extreme-games-6-juegos-en-1-3d53ef3fbc4944559947ed773a7dc964-600x600.jpg 600w, https:\/\/sexysiempre.com\/web\/wp-content\/uploads\/glo09-extreme-games-6-juegos-en-1-3d53ef3fbc4944559947ed773a7dc964-100x100.jpg 100w, https:\/\/sexysiempre.com\/web\/wp-content\/uploads\/glo09-extreme-games-6-juegos-en-1-3d53ef3fbc4944559947ed773a7dc964.jpg 800w\" sizes=\"(max-width: 300px) 100vw, 300px\" \/><\/div>\n<div style=\"text-align: center;\">\u00bfQui\u00e9n gana en este juego?<\/div>\n<div style=\"text-align: center;\">Los dos \u00bfCu\u00e1l es el premio? Orgasmos intensos y una sensaci\u00f3n de placer constante.<\/div>\n<div style=\"text-align: center;\"><\/div>\n<div style=\"text-align: center;\"><b>CONTIENE:<\/b><\/div>\n<div style=\"text-align: center;\">6 juegos &#8211; 60 cartas<\/div>\n","protected":false},"excerpt":{"rendered":"<p>EXTREME GAMES 6 juegos en 1, en este juego vas a encontrar 6 juegos distintos que te van a traer diferentes sensaciones. Desde posiciones sexuales para cada d\u00eda de la semana hasta fantas\u00edas que nunca hab\u00edas escuchado de tu pareja. Es la opci\u00f3n perfecta para aquellas parejas que quieran divertirse con m\u00e1s de una sola [&hellip;]<\/p>\n","protected":false},"featured_media":9579,"template":"","meta":[],"product_brand":[],"product_cat":[6,277],"product_tag":[244,147,446,146],"class_list":{"0":"post-9577","1":"product","2":"type-product","3":"status-publish","4":"has-post-thumbnail","6":"product_cat-juguetes-accesorios-y-sexshop","7":"product_cat-vigorizantes-feromonas-juegos-y-cotillon","8":"product_tag-juegos-eroticos","9":"product_tag-rio-grande","10":"product_tag-sexshop-ushuaia-2","11":"product_tag-tierra-del-fuego","13":"first","14":"instock","15":"shipping-taxable","16":"product-type-simple"},"_links":{"self":[{"href":"https:\/\/sexysiempre.com\/web\/wp-json\/wp\/v2\/product\/9577","targetHints":{"allow":["GET"]}}],"collection":[{"href":"https:\/\/sexysiempre.com\/web\/wp-json\/wp\/v2\/product"}],"about":[{"href":"https:\/\/sexysiempre.com\/web\/wp-json\/wp\/v2\/types\/product"}],"wp:featuredmedia":[{"embeddable":true,"href":"https:\/\/sexysiempre.com\/web\/wp-json\/wp\/v2\/media\/9579"}],"wp:attachment":[{"href":"https:\/\/sexysiempre.com\/web\/wp-json\/wp\/v2\/media?parent=9577"}],"wp:term":[{"taxonomy":"product_brand","embeddable":true,"href":"https:\/\/sexysiempre.com\/web\/wp-json\/wp\/v2\/product_brand?post=9577"},{"taxonomy":"product_cat","embeddable":true,"href":"https:\/\/sexysiempre.com\/web\/wp-json\/wp\/v2\/product_cat?post=9577"},{"taxonomy":"product_tag","embeddable":true,"href":"https:\/\/sexysiempre.com\/web\/wp-json\/wp\/v2\/product_tag?post=9577"}],"curies":[{"name":"wp","href":"https:\/\/api.w.org\/{rel}","templated":true}]}}