{"id":9617,"date":"2022-05-30T23:19:46","date_gmt":"2022-05-31T02:19:46","guid":{"rendered":"https:\/\/sexysiempre.com\/web\/?post_type=product&#038;p=9617"},"modified":"2025-06-28T15:43:35","modified_gmt":"2025-06-28T18:43:35","slug":"conjunto-en-cuero-ecologico-de-corpino-cadenas-portaligas-y-musleras","status":"publish","type":"product","link":"https:\/\/sexysiempre.com\/web\/producto\/conjunto-en-cuero-ecologico-de-corpino-cadenas-portaligas-y-musleras","title":{"rendered":"Conjunto en cuero ecol\u00f2gico de Corpi\u00f1o, cadenas, portaligas y musleras."},"content":{"rendered":"<p>Sexy&#8230;..Sexy Siempre es este conjunto en cuero ecol\u00f2gico con cadenas colgantes, portaligas y musleras&#8230;..para sorprender y\u00a0 \u00a0seducir\u00a0 sin parar.<\/p>\n<p>Talles regulables.<\/p>\n","protected":false},"excerpt":{"rendered":"<p>Sexy&#8230;..Sexy Siempre es este conjunto en cuero ecol\u00f2gico con cadenas colgantes, portaligas y musleras&#8230;..para sorprender y\u00a0 \u00a0seducir\u00a0 sin parar. Talles regulables.<\/p>\n","protected":false},"featured_media":9618,"template":"","meta":[],"product_brand":[],"product_cat":[6,14,5,28],"product_tag":[483,147,446,146],"class_list":{"0":"post-9617","1":"product","2":"type-product","3":"status-publish","4":"has-post-thumbnail","6":"product_cat-juguetes-accesorios-y-sexshop","7":"product_cat-arnes","8":"product_cat-lenceria-erotica","9":"product_cat-medias-portaligas-y-mitones","10":"product_tag-arnes-ligueros","11":"product_tag-rio-grande","12":"product_tag-sexshop-ushuaia-2","13":"product_tag-tierra-del-fuego","15":"first","16":"outofstock","17":"shipping-taxable","18":"product-type-simple"},"_links":{"self":[{"href":"https:\/\/sexysiempre.com\/web\/wp-json\/wp\/v2\/product\/9617","targetHints":{"allow":["GET"]}}],"collection":[{"href":"https:\/\/sexysiempre.com\/web\/wp-json\/wp\/v2\/product"}],"about":[{"href":"https:\/\/sexysiempre.com\/web\/wp-json\/wp\/v2\/types\/product"}],"wp:featuredmedia":[{"embeddable":true,"href":"https:\/\/sexysiempre.com\/web\/wp-json\/wp\/v2\/media\/9618"}],"wp:attachment":[{"href":"https:\/\/sexysiempre.com\/web\/wp-json\/wp\/v2\/media?parent=9617"}],"wp:term":[{"taxonomy":"product_brand","embeddable":true,"href":"https:\/\/sexysiempre.com\/web\/wp-json\/wp\/v2\/product_brand?post=9617"},{"taxonomy":"product_cat","embeddable":true,"href":"https:\/\/sexysiempre.com\/web\/wp-json\/wp\/v2\/product_cat?post=9617"},{"taxonomy":"product_tag","embeddable":true,"href":"https:\/\/sexysiempre.com\/web\/wp-json\/wp\/v2\/product_tag?post=9617"}],"curies":[{"name":"wp","href":"https:\/\/api.w.org\/{rel}","templated":true}]}}