{"id":9697,"date":"2022-06-07T20:19:09","date_gmt":"2022-06-07T23:19:09","guid":{"rendered":"https:\/\/sexysiempre.com\/web\/?post_type=product&#038;p=9697"},"modified":"2022-06-07T20:19:09","modified_gmt":"2022-06-07T23:19:09","slug":"plug-raibow","status":"publish","type":"product","link":"https:\/\/sexysiempre.com\/web\/producto\/plug-raibow","title":{"rendered":"Plug Raibow"},"content":{"rendered":"<div class=\"product-info-stock-sku\">\n<div class=\"product attribute sku\">\n<div class=\"value\" style=\"text-align: center;\">M001-M<\/div>\n<\/div>\n<\/div>\n<div class=\"product attribute overview\">\n<div class=\"value\" style=\"text-align: center;\">\n<p class=\"p1\"><span class=\"s1\">Plug anal de aleaci\u00f3n de aluminio con los colores del arco iris, est\u00e1 dise\u00f1ado para ofrecer un sinf\u00edn de sensaciones placenteras. Su forma c\u00f3nica es ideal para facilitar la inserci\u00f3n, estimular y ofrecer orgasmos incre\u00edbles.\u00a0 Su gema har\u00e1 realzar las fantas\u00edas de tu pareja al verte. Puedes jugar con la temperatura calent\u00e1ndolo o enfri\u00e1ndolo, esto a\u00f1adir\u00e1 excitaci\u00f3n a tus fantas\u00edas er\u00f3ticas.<\/span><\/p>\n<p class=\"p2\"><span class=\"s1\"><strong>Caracter\u00edsticas<\/strong><\/span><\/p>\n<p class=\"p2\"><span class=\"s1\">\u2022 Dilatador anal M.\u00a0 \u00a0<\/span><span class=\"s1\">Medidas aproximadas: longitud 8.2 cm di\u00e1metro 3.5 cm.<\/span><\/p>\n<p class=\"p2\"><span class=\"s1\">Dilatador anal S.\u00a0 <\/span><span class=\"s1\">Medidas aproximadas: longitud 7.2 cm di\u00e1metro 3.2 cm.<\/span><\/p>\n<\/div>\n<div class=\"value\">\n<p class=\"p2\" style=\"text-align: center;\"><span class=\"s1\">\u2022 Base ancha para un uso seguro.<\/span><\/p>\n<p class=\"p2\" style=\"text-align: center;\"><span class=\"s1\">\u2022 Engarce en la base emulando 1 gema en ABS. Arco Iris Brillante.<\/span><\/p>\n<p class=\"p2\" style=\"text-align: center;\"><span class=\"s1\">\u2022 Aleaci\u00f3n de Aluminio ultra-liso.<\/span><\/p>\n<p class=\"p2\" style=\"text-align: center;\"><span class=\"s1\">\u2022 No contiene N\u00edquel.<\/span><\/p>\n<p class=\"p2\" style=\"text-align: center;\"><span class=\"s1\">\u2022 Superficie no porosa.<\/span><\/p>\n<p class=\"p2\" style=\"text-align: center;\"><span class=\"s1\">\u2022 Ultra liviano.<\/span><\/p>\n<p class=\"p2\" style=\"text-align: center;\"><span class=\"s1\">\u2022 Eje delgado.<\/span><\/p>\n<p class=\"p2\" style=\"text-align: center;\"><span class=\"s1\">\u2022 Impermeable. No sumergible.<\/span><\/p>\n<p>&nbsp;<\/p>\n<\/div>\n<\/div>\n","protected":false},"excerpt":{"rendered":"<p>M001-M Plug anal de aleaci\u00f3n de aluminio con los colores del arco iris, est\u00e1 dise\u00f1ado para ofrecer un sinf\u00edn de sensaciones placenteras. Su forma c\u00f3nica es ideal para facilitar la inserci\u00f3n, estimular y ofrecer orgasmos incre\u00edbles.\u00a0 Su gema har\u00e1 realzar las fantas\u00edas de tu pareja al verte. Puedes jugar con la temperatura calent\u00e1ndolo o enfri\u00e1ndolo, [&hellip;]<\/p>\n","protected":false},"featured_media":9698,"template":"","meta":[],"product_brand":[],"product_cat":[6,49],"product_tag":[24,336,147,446,146],"class_list":{"0":"post-9697","1":"product","2":"type-product","3":"status-publish","4":"has-post-thumbnail","6":"product_cat-juguetes-accesorios-y-sexshop","7":"product_cat-dilatadores-analales","8":"product_tag-dilatador","9":"product_tag-plug","10":"product_tag-rio-grande","11":"product_tag-sexshop-ushuaia-2","12":"product_tag-tierra-del-fuego","14":"first","15":"instock","16":"shipping-taxable","17":"product-type-simple"},"_links":{"self":[{"href":"https:\/\/sexysiempre.com\/web\/wp-json\/wp\/v2\/product\/9697","targetHints":{"allow":["GET"]}}],"collection":[{"href":"https:\/\/sexysiempre.com\/web\/wp-json\/wp\/v2\/product"}],"about":[{"href":"https:\/\/sexysiempre.com\/web\/wp-json\/wp\/v2\/types\/product"}],"wp:featuredmedia":[{"embeddable":true,"href":"https:\/\/sexysiempre.com\/web\/wp-json\/wp\/v2\/media\/9698"}],"wp:attachment":[{"href":"https:\/\/sexysiempre.com\/web\/wp-json\/wp\/v2\/media?parent=9697"}],"wp:term":[{"taxonomy":"product_brand","embeddable":true,"href":"https:\/\/sexysiempre.com\/web\/wp-json\/wp\/v2\/product_brand?post=9697"},{"taxonomy":"product_cat","embeddable":true,"href":"https:\/\/sexysiempre.com\/web\/wp-json\/wp\/v2\/product_cat?post=9697"},{"taxonomy":"product_tag","embeddable":true,"href":"https:\/\/sexysiempre.com\/web\/wp-json\/wp\/v2\/product_tag?post=9697"}],"curies":[{"name":"wp","href":"https:\/\/api.w.org\/{rel}","templated":true}]}}