{"id":9740,"date":"2022-06-08T18:19:07","date_gmt":"2022-06-08T21:19:07","guid":{"rendered":"https:\/\/sexysiempre.com\/web\/?post_type=product&#038;p=9740"},"modified":"2022-06-08T18:19:07","modified_gmt":"2022-06-08T21:19:07","slug":"double-love-blue","status":"publish","type":"product","link":"https:\/\/sexysiempre.com\/web\/producto\/double-love-blue","title":{"rendered":"Double Love Blue"},"content":{"rendered":"<p style=\"text-align: center;\">J2008-17-3<\/p>\n<p style=\"text-align: center;\">Satisfyer presenta a Double Love,\u00a0 vibrador de lujo para parejas, en silicona suave y emocionante combinada con metales preciosos de alta calidad. \u00a1Combinado doblemente con\u00a0 control remoto inal\u00e1mbrico y\u00a0 aplicaci\u00f3n de alta tecnolog\u00eda, es posible jugar a larga distancia y las opciones son infinitas!<\/p>\n<ul style=\"text-align: center;\">\n<li>Compatible con la aplicaci\u00f3n gratuita Satisfyer: disponible en iOS y Android<\/li>\n<li>Fabricado con metales de alta calidad.<\/li>\n<li>Ideal para parejas<\/li>\n<li>Con mando a distancia inal\u00e1mbrico<\/li>\n<li>Tambi\u00e9n se puede utilizar sin la aplicaci\u00f3n.<\/li>\n<li>Silicona respetuosa con el cuerpo<\/li>\n<li>Resistente al agua (IPX7)<\/li>\n<li>Modo de susurro<\/li>\n<li>Cable de carga USB magn\u00e9tico incluido<\/li>\n<li>Bater\u00eda recargable de iones de litio<\/li>\n<li>10 programas de vibraci\u00f3n<\/li>\n<\/ul>\n<h2 style=\"text-align: center;\">Satisfyer Double Love: Lujoso vibrador para parejas con control de aplicaci\u00f3n y control remoto<\/h2>\n<p style=\"text-align: center;\">\u00a1Disfruta de un soplo de aire fresco mientras haces el amor con Satisfyer Double Love! Se puede utilizar desde el juguete, con el control inal\u00e0mbrico o con la AAP. Tres opciones que invitan a jugar.<\/p>\n<p style=\"text-align: center;\">El vibrador de pareja con 2 motores te impresionar\u00e1 con su cl\u00e1sica forma de U, que estimula a ambos\u00a0 con poderosas vibraciones. El eje ligeramente curvado se inserta vaginalmente,\u00a0 \u00a0estimula en simultaneo al\u00a0 \u00a0punto G y al pene, mientras que la parte superior excita al cl\u00edtoris. La silicona agradable para el cuerpo tambi\u00e9n\u00a0 seduce con su tacto suave.<br \/>\nEl Satisfyer Double Love\u00a0 tiene mucho que ofrecer desde el punto de vista \u00f3ptico: los sofisticados detalles hechos de metal real de alta calidad le dan a sus relaciones sexuales un toque de lujo.<\/p>\n<p><img fetchpriority=\"high\" decoding=\"async\" class=\"aligncenter size-full wp-image-9742\" src=\"https:\/\/sexysiempre.com\/web\/wp-content\/uploads\/captura_de_pantalla_2021-10-05_a_la_s_11.56.56.png\" alt=\"\" width=\"480\" height=\"468\" srcset=\"https:\/\/sexysiempre.com\/web\/wp-content\/uploads\/captura_de_pantalla_2021-10-05_a_la_s_11.56.56.png 480w, https:\/\/sexysiempre.com\/web\/wp-content\/uploads\/captura_de_pantalla_2021-10-05_a_la_s_11.56.56-120x117.png 120w\" sizes=\"(max-width: 480px) 100vw, 480px\" \/><img decoding=\"async\" class=\"aligncenter size-full wp-image-9743\" src=\"https:\/\/sexysiempre.com\/web\/wp-content\/uploads\/captura_de_pantalla_2021-10-05_a_la_s_11.56.41.png\" alt=\"\" width=\"532\" height=\"522\" srcset=\"https:\/\/sexysiempre.com\/web\/wp-content\/uploads\/captura_de_pantalla_2021-10-05_a_la_s_11.56.41.png 532w, https:\/\/sexysiempre.com\/web\/wp-content\/uploads\/captura_de_pantalla_2021-10-05_a_la_s_11.56.41-120x118.png 120w\" sizes=\"(max-width: 532px) 100vw, 532px\" \/><img decoding=\"async\" class=\"aligncenter size-full wp-image-9744\" src=\"https:\/\/sexysiempre.com\/web\/wp-content\/uploads\/captura_de_pantalla_2021-10-05_a_la_s_11.34.11_1.png\" alt=\"\" width=\"502\" height=\"344\" srcset=\"https:\/\/sexysiempre.com\/web\/wp-content\/uploads\/captura_de_pantalla_2021-10-05_a_la_s_11.34.11_1.png 502w, https:\/\/sexysiempre.com\/web\/wp-content\/uploads\/captura_de_pantalla_2021-10-05_a_la_s_11.34.11_1-120x82.png 120w\" sizes=\"(max-width: 502px) 100vw, 502px\" \/><\/p>\n","protected":false},"excerpt":{"rendered":"<p>J2008-17-3 Satisfyer presenta a Double Love,\u00a0 vibrador de lujo para parejas, en silicona suave y emocionante combinada con metales preciosos de alta calidad. \u00a1Combinado doblemente con\u00a0 control remoto inal\u00e1mbrico y\u00a0 aplicaci\u00f3n de alta tecnolog\u00eda, es posible jugar a larga distancia y las opciones son infinitas! Compatible con la aplicaci\u00f3n gratuita Satisfyer: disponible en iOS y [&hellip;]<\/p>\n","protected":false},"featured_media":9741,"template":"","meta":[],"product_brand":[],"product_cat":[6,275],"product_tag":[517,147,473,446,146,518],"class_list":{"0":"post-9740","1":"product","2":"type-product","3":"status-publish","4":"has-post-thumbnail","6":"product_cat-juguetes-accesorios-y-sexshop","7":"product_cat-alta-gama-rotadores-y-otros","8":"product_tag-alta-gama","9":"product_tag-rio-grande","10":"product_tag-satisfyer","11":"product_tag-sexshop-ushuaia-2","12":"product_tag-tierra-del-fuego","13":"product_tag-vibradores-para-parejas","15":"first","16":"instock","17":"shipping-taxable","18":"product-type-simple"},"_links":{"self":[{"href":"https:\/\/sexysiempre.com\/web\/wp-json\/wp\/v2\/product\/9740","targetHints":{"allow":["GET"]}}],"collection":[{"href":"https:\/\/sexysiempre.com\/web\/wp-json\/wp\/v2\/product"}],"about":[{"href":"https:\/\/sexysiempre.com\/web\/wp-json\/wp\/v2\/types\/product"}],"wp:featuredmedia":[{"embeddable":true,"href":"https:\/\/sexysiempre.com\/web\/wp-json\/wp\/v2\/media\/9741"}],"wp:attachment":[{"href":"https:\/\/sexysiempre.com\/web\/wp-json\/wp\/v2\/media?parent=9740"}],"wp:term":[{"taxonomy":"product_brand","embeddable":true,"href":"https:\/\/sexysiempre.com\/web\/wp-json\/wp\/v2\/product_brand?post=9740"},{"taxonomy":"product_cat","embeddable":true,"href":"https:\/\/sexysiempre.com\/web\/wp-json\/wp\/v2\/product_cat?post=9740"},{"taxonomy":"product_tag","embeddable":true,"href":"https:\/\/sexysiempre.com\/web\/wp-json\/wp\/v2\/product_tag?post=9740"}],"curies":[{"name":"wp","href":"https:\/\/api.w.org\/{rel}","templated":true}]}}