{"id":9888,"date":"2022-11-11T17:55:59","date_gmt":"2022-11-11T20:55:59","guid":{"rendered":"https:\/\/sexysiempre.com\/web\/?post_type=product&#038;p=9888"},"modified":"2025-06-11T17:01:10","modified_gmt":"2025-06-11T20:01:10","slug":"ring-i","status":"publish","type":"product","link":"https:\/\/sexysiempre.com\/web\/producto\/ring-i","title":{"rendered":"Ring I"},"content":{"rendered":"<p style=\"text-align: center;\"><img fetchpriority=\"high\" decoding=\"async\" class=\"aligncenter size-medium wp-image-11825\" src=\"https:\/\/sexysiempre.com\/web\/wp-content\/uploads\/SS-PL-210204-650x650.jpg\" alt=\"\" width=\"300\" height=\"300\" srcset=\"https:\/\/sexysiempre.com\/web\/wp-content\/uploads\/SS-PL-210204-650x650.jpg 650w, https:\/\/sexysiempre.com\/web\/wp-content\/uploads\/SS-PL-210204-150x150.jpg 150w, https:\/\/sexysiempre.com\/web\/wp-content\/uploads\/SS-PL-210204-120x120.jpg 120w, https:\/\/sexysiempre.com\/web\/wp-content\/uploads\/SS-PL-210204-300x300.jpg 300w, https:\/\/sexysiempre.com\/web\/wp-content\/uploads\/SS-PL-210204-600x600.jpg 600w, https:\/\/sexysiempre.com\/web\/wp-content\/uploads\/SS-PL-210204-100x100.jpg 100w, https:\/\/sexysiempre.com\/web\/wp-content\/uploads\/SS-PL-210204.jpg 710w\" sizes=\"(max-width: 300px) 100vw, 300px\" \/>C\u00f2digo BI-210204-1 En color p\u00farpura y BI-210204 en color negro<\/p>\n<p style=\"text-align: center;\">Anillo en suave textura tal como Pretty Love s\u00f2lo saber hacer, con 10 funciones distintas de vibraci\u00f2n.<\/p>\n<p style=\"text-align: center;\">Colabora con la erecci\u00f2n y prolonga la eyaculaci\u00f2n al tiempo que brinda con sus vibraciones, placeres intensos\u00a0 para ambos.<\/p>\n<p style=\"text-align: center;\">Resistente al agua, requiere de 3 pilas LR44 que no incluye.<\/p>\n<p>&nbsp;<\/p>\n","protected":false},"excerpt":{"rendered":"<p>C\u00f2digo BI-210204-1 En color p\u00farpura y BI-210204 en color negro Anillo en suave textura tal como Pretty Love s\u00f2lo saber hacer, con 10 funciones distintas de vibraci\u00f2n. Colabora con la erecci\u00f2n y prolonga la eyaculaci\u00f2n al tiempo que brinda con sus vibraciones, placeres intensos\u00a0 para ambos. Resistente al agua, requiere de 3 pilas LR44 que [&hellip;]<\/p>\n","protected":false},"featured_media":9889,"template":"","meta":[],"product_brand":[],"product_cat":[6,31],"product_tag":[],"class_list":{"0":"post-9888","1":"product","2":"type-product","3":"status-publish","4":"has-post-thumbnail","6":"product_cat-juguetes-accesorios-y-sexshop","7":"product_cat-anillos-vibradores","9":"first","10":"instock","11":"shipping-taxable","12":"product-type-simple"},"_links":{"self":[{"href":"https:\/\/sexysiempre.com\/web\/wp-json\/wp\/v2\/product\/9888","targetHints":{"allow":["GET"]}}],"collection":[{"href":"https:\/\/sexysiempre.com\/web\/wp-json\/wp\/v2\/product"}],"about":[{"href":"https:\/\/sexysiempre.com\/web\/wp-json\/wp\/v2\/types\/product"}],"wp:featuredmedia":[{"embeddable":true,"href":"https:\/\/sexysiempre.com\/web\/wp-json\/wp\/v2\/media\/9889"}],"wp:attachment":[{"href":"https:\/\/sexysiempre.com\/web\/wp-json\/wp\/v2\/media?parent=9888"}],"wp:term":[{"taxonomy":"product_brand","embeddable":true,"href":"https:\/\/sexysiempre.com\/web\/wp-json\/wp\/v2\/product_brand?post=9888"},{"taxonomy":"product_cat","embeddable":true,"href":"https:\/\/sexysiempre.com\/web\/wp-json\/wp\/v2\/product_cat?post=9888"},{"taxonomy":"product_tag","embeddable":true,"href":"https:\/\/sexysiempre.com\/web\/wp-json\/wp\/v2\/product_tag?post=9888"}],"curies":[{"name":"wp","href":"https:\/\/api.w.org\/{rel}","templated":true}]}}