{"id":9913,"date":"2022-11-11T18:28:16","date_gmt":"2022-11-11T21:28:16","guid":{"rendered":"https:\/\/sexysiempre.com\/web\/?post_type=product&#038;p=9913"},"modified":"2022-11-11T18:28:16","modified_gmt":"2022-11-11T21:28:16","slug":"platinum-doble-penetracion","status":"publish","type":"product","link":"https:\/\/sexysiempre.com\/web\/producto\/platinum-doble-penetracion","title":{"rendered":"Platinum doble penetraci\u00f2n"},"content":{"rendered":"<p style=\"text-align: center;\">11-162-22<\/p>\n<p style=\"text-align: center;\">Vibrando, dise\u00f1ado espec\u00ecficamente para doble penetraci\u00f2n.<\/p>\n<p style=\"text-align: center;\">Resistente al agua, no sumergible.<\/p>\n","protected":false},"excerpt":{"rendered":"<p>11-162-22 Vibrando, dise\u00f1ado espec\u00ecficamente para doble penetraci\u00f2n. Resistente al agua, no sumergible.<\/p>\n","protected":false},"featured_media":9914,"template":"","meta":[],"product_brand":[],"product_cat":[6,17],"product_tag":[],"class_list":{"0":"post-9913","1":"product","2":"type-product","3":"status-publish","4":"has-post-thumbnail","6":"product_cat-juguetes-accesorios-y-sexshop","7":"product_cat-doble-penetracion","9":"first","10":"instock","11":"shipping-taxable","12":"product-type-simple"},"_links":{"self":[{"href":"https:\/\/sexysiempre.com\/web\/wp-json\/wp\/v2\/product\/9913","targetHints":{"allow":["GET"]}}],"collection":[{"href":"https:\/\/sexysiempre.com\/web\/wp-json\/wp\/v2\/product"}],"about":[{"href":"https:\/\/sexysiempre.com\/web\/wp-json\/wp\/v2\/types\/product"}],"wp:featuredmedia":[{"embeddable":true,"href":"https:\/\/sexysiempre.com\/web\/wp-json\/wp\/v2\/media\/9914"}],"wp:attachment":[{"href":"https:\/\/sexysiempre.com\/web\/wp-json\/wp\/v2\/media?parent=9913"}],"wp:term":[{"taxonomy":"product_brand","embeddable":true,"href":"https:\/\/sexysiempre.com\/web\/wp-json\/wp\/v2\/product_brand?post=9913"},{"taxonomy":"product_cat","embeddable":true,"href":"https:\/\/sexysiempre.com\/web\/wp-json\/wp\/v2\/product_cat?post=9913"},{"taxonomy":"product_tag","embeddable":true,"href":"https:\/\/sexysiempre.com\/web\/wp-json\/wp\/v2\/product_tag?post=9913"}],"curies":[{"name":"wp","href":"https:\/\/api.w.org\/{rel}","templated":true}]}}