{"id":9916,"date":"2022-11-11T18:35:52","date_gmt":"2022-11-11T21:35:52","guid":{"rendered":"https:\/\/sexysiempre.com\/web\/?post_type=product&#038;p=9916"},"modified":"2022-11-11T18:35:52","modified_gmt":"2022-11-11T21:35:52","slug":"challenge-30-days","status":"publish","type":"product","link":"https:\/\/sexysiempre.com\/web\/producto\/challenge-30-days","title":{"rendered":"Challenge 30 days"},"content":{"rendered":"<div style=\"text-align: center;\">\u00bfTe anim\u00e1s?<\/div>\n<div style=\"text-align: center;\"><\/div>\n<div style=\"text-align: center;\">Para aquellas parejas que quieran salir de la cotidianeidad\u00a0 de sus encuentros sexuales y desean estimularlos todos los d\u00edas.<\/div>\n<div style=\"text-align: center;\"><\/div>\n<div style=\"text-align: center;\">\u00bfAguantar\u00e1s 30 d\u00edas haciendo juegos sexuales?<\/div>\n<div style=\"text-align: center;\"><\/div>\n<div style=\"text-align: center;\">Este juego es la oportunidad perfecta para innovar en la intimidad d\u00e1ndole un toque de imaginaci\u00f3n a las fantas\u00edas ocultas de cada integrante de la pareja, lo cual puede mejorar la relaci\u00f3n y comunicaci\u00f3n, y a descubrir nuevas formas de complacer al otro.<\/div>\n<div style=\"text-align: center;\"><\/div>\n<div style=\"text-align: center;\"><b>CONTIENE:<\/b><\/div>\n<div style=\"text-align: center;\">30 desaf\u00edos para realizar en 30 d\u00edas.<\/div>\n","protected":false},"excerpt":{"rendered":"<p>\u00bfTe anim\u00e1s? Para aquellas parejas que quieran salir de la cotidianeidad\u00a0 de sus encuentros sexuales y desean estimularlos todos los d\u00edas. \u00bfAguantar\u00e1s 30 d\u00edas haciendo juegos sexuales? Este juego es la oportunidad perfecta para innovar en la intimidad d\u00e1ndole un toque de imaginaci\u00f3n a las fantas\u00edas ocultas de cada integrante de la pareja, lo cual [&hellip;]<\/p>\n","protected":false},"featured_media":9919,"template":"","meta":[],"product_brand":[],"product_cat":[6,277],"product_tag":[],"class_list":{"0":"post-9916","1":"product","2":"type-product","3":"status-publish","4":"has-post-thumbnail","6":"product_cat-juguetes-accesorios-y-sexshop","7":"product_cat-vigorizantes-feromonas-juegos-y-cotillon","9":"first","10":"instock","11":"shipping-taxable","12":"product-type-simple"},"_links":{"self":[{"href":"https:\/\/sexysiempre.com\/web\/wp-json\/wp\/v2\/product\/9916","targetHints":{"allow":["GET"]}}],"collection":[{"href":"https:\/\/sexysiempre.com\/web\/wp-json\/wp\/v2\/product"}],"about":[{"href":"https:\/\/sexysiempre.com\/web\/wp-json\/wp\/v2\/types\/product"}],"wp:featuredmedia":[{"embeddable":true,"href":"https:\/\/sexysiempre.com\/web\/wp-json\/wp\/v2\/media\/9919"}],"wp:attachment":[{"href":"https:\/\/sexysiempre.com\/web\/wp-json\/wp\/v2\/media?parent=9916"}],"wp:term":[{"taxonomy":"product_brand","embeddable":true,"href":"https:\/\/sexysiempre.com\/web\/wp-json\/wp\/v2\/product_brand?post=9916"},{"taxonomy":"product_cat","embeddable":true,"href":"https:\/\/sexysiempre.com\/web\/wp-json\/wp\/v2\/product_cat?post=9916"},{"taxonomy":"product_tag","embeddable":true,"href":"https:\/\/sexysiempre.com\/web\/wp-json\/wp\/v2\/product_tag?post=9916"}],"curies":[{"name":"wp","href":"https:\/\/api.w.org\/{rel}","templated":true}]}}