{"id":9932,"date":"2022-11-11T19:53:24","date_gmt":"2022-11-11T22:53:24","guid":{"rendered":"https:\/\/sexysiempre.com\/web\/?post_type=product&#038;p=9932"},"modified":"2022-11-11T19:53:24","modified_gmt":"2022-11-11T22:53:24","slug":"panty-portaligas-2","status":"publish","type":"product","link":"https:\/\/sexysiempre.com\/web\/producto\/panty-portaligas-2","title":{"rendered":"Panty Portaligas"},"content":{"rendered":"<p style=\"text-align: center;\">Sexy&#8230;.Sexy Siempre..!! Medias en red unidas por sus propias portaligas.<\/p>\n<p style=\"text-align: center;\">Sorprender es uno de los factores que llevan a la excitaci\u00f2n.<\/p>\n<p style=\"text-align: center;\">S\u00f2lo las medias, no incluye less ni corpi\u00f1o. <img fetchpriority=\"high\" decoding=\"async\" class=\"aligncenter size-medium wp-image-9934\" src=\"https:\/\/sexysiempre.com\/web\/wp-content\/uploads\/m402roj-panty-portaligas-red-674b7cb0c30d4ce89fa66be434317bbf-1-650x650.jpg\" alt=\"\" width=\"300\" height=\"300\" srcset=\"https:\/\/sexysiempre.com\/web\/wp-content\/uploads\/m402roj-panty-portaligas-red-674b7cb0c30d4ce89fa66be434317bbf-1-650x650.jpg 650w, https:\/\/sexysiempre.com\/web\/wp-content\/uploads\/m402roj-panty-portaligas-red-674b7cb0c30d4ce89fa66be434317bbf-1-150x150.jpg 150w, https:\/\/sexysiempre.com\/web\/wp-content\/uploads\/m402roj-panty-portaligas-red-674b7cb0c30d4ce89fa66be434317bbf-1-768x768.jpg 768w, https:\/\/sexysiempre.com\/web\/wp-content\/uploads\/m402roj-panty-portaligas-red-674b7cb0c30d4ce89fa66be434317bbf-1-120x120.jpg 120w, https:\/\/sexysiempre.com\/web\/wp-content\/uploads\/m402roj-panty-portaligas-red-674b7cb0c30d4ce89fa66be434317bbf-1-300x300.jpg 300w, https:\/\/sexysiempre.com\/web\/wp-content\/uploads\/m402roj-panty-portaligas-red-674b7cb0c30d4ce89fa66be434317bbf-1-600x600.jpg 600w, https:\/\/sexysiempre.com\/web\/wp-content\/uploads\/m402roj-panty-portaligas-red-674b7cb0c30d4ce89fa66be434317bbf-1-100x100.jpg 100w, https:\/\/sexysiempre.com\/web\/wp-content\/uploads\/m402roj-panty-portaligas-red-674b7cb0c30d4ce89fa66be434317bbf-1.jpg 800w\" sizes=\"(max-width: 300px) 100vw, 300px\" \/><img decoding=\"async\" class=\"aligncenter size-medium wp-image-9935\" src=\"https:\/\/sexysiempre.com\/web\/wp-content\/uploads\/m402bla-panty-portaligas-red-e2b266f8d7a5408f8cc540d576dda908-1-650x650.jpg\" alt=\"\" width=\"300\" height=\"300\" srcset=\"https:\/\/sexysiempre.com\/web\/wp-content\/uploads\/m402bla-panty-portaligas-red-e2b266f8d7a5408f8cc540d576dda908-1-650x650.jpg 650w, https:\/\/sexysiempre.com\/web\/wp-content\/uploads\/m402bla-panty-portaligas-red-e2b266f8d7a5408f8cc540d576dda908-1-150x150.jpg 150w, https:\/\/sexysiempre.com\/web\/wp-content\/uploads\/m402bla-panty-portaligas-red-e2b266f8d7a5408f8cc540d576dda908-1-768x768.jpg 768w, https:\/\/sexysiempre.com\/web\/wp-content\/uploads\/m402bla-panty-portaligas-red-e2b266f8d7a5408f8cc540d576dda908-1-120x120.jpg 120w, https:\/\/sexysiempre.com\/web\/wp-content\/uploads\/m402bla-panty-portaligas-red-e2b266f8d7a5408f8cc540d576dda908-1-300x300.jpg 300w, https:\/\/sexysiempre.com\/web\/wp-content\/uploads\/m402bla-panty-portaligas-red-e2b266f8d7a5408f8cc540d576dda908-1-600x600.jpg 600w, https:\/\/sexysiempre.com\/web\/wp-content\/uploads\/m402bla-panty-portaligas-red-e2b266f8d7a5408f8cc540d576dda908-1-100x100.jpg 100w, https:\/\/sexysiempre.com\/web\/wp-content\/uploads\/m402bla-panty-portaligas-red-e2b266f8d7a5408f8cc540d576dda908-1.jpg 800w\" sizes=\"(max-width: 300px) 100vw, 300px\" \/><\/p>\n","protected":false},"excerpt":{"rendered":"<p>Sexy&#8230;.Sexy Siempre..!! Medias en red unidas por sus propias portaligas. Sorprender es uno de los factores que llevan a la excitaci\u00f2n. S\u00f2lo las medias, no incluye less ni corpi\u00f1o.<\/p>\n","protected":false},"featured_media":9933,"template":"","meta":[],"product_brand":[],"product_cat":[5,28],"product_tag":[],"class_list":{"0":"post-9932","1":"product","2":"type-product","3":"status-publish","4":"has-post-thumbnail","6":"product_cat-lenceria-erotica","7":"product_cat-medias-portaligas-y-mitones","9":"first","10":"instock","11":"shipping-taxable","12":"product-type-simple"},"_links":{"self":[{"href":"https:\/\/sexysiempre.com\/web\/wp-json\/wp\/v2\/product\/9932","targetHints":{"allow":["GET"]}}],"collection":[{"href":"https:\/\/sexysiempre.com\/web\/wp-json\/wp\/v2\/product"}],"about":[{"href":"https:\/\/sexysiempre.com\/web\/wp-json\/wp\/v2\/types\/product"}],"wp:featuredmedia":[{"embeddable":true,"href":"https:\/\/sexysiempre.com\/web\/wp-json\/wp\/v2\/media\/9933"}],"wp:attachment":[{"href":"https:\/\/sexysiempre.com\/web\/wp-json\/wp\/v2\/media?parent=9932"}],"wp:term":[{"taxonomy":"product_brand","embeddable":true,"href":"https:\/\/sexysiempre.com\/web\/wp-json\/wp\/v2\/product_brand?post=9932"},{"taxonomy":"product_cat","embeddable":true,"href":"https:\/\/sexysiempre.com\/web\/wp-json\/wp\/v2\/product_cat?post=9932"},{"taxonomy":"product_tag","embeddable":true,"href":"https:\/\/sexysiempre.com\/web\/wp-json\/wp\/v2\/product_tag?post=9932"}],"curies":[{"name":"wp","href":"https:\/\/api.w.org\/{rel}","templated":true}]}}