{"id":9962,"date":"2022-11-11T20:37:05","date_gmt":"2022-11-11T23:37:05","guid":{"rendered":"https:\/\/sexysiempre.com\/web\/?post_type=product&#038;p=9962"},"modified":"2023-10-08T20:27:16","modified_gmt":"2023-10-08T23:27:16","slug":"inevitable-men-vip","status":"publish","type":"product","link":"https:\/\/sexysiempre.com\/web\/producto\/inevitable-men-vip","title":{"rendered":"Inevitable Men Vip"},"content":{"rendered":"<p style=\"text-align: center;\">Perfume con feromonas.<\/p>\n<div style=\"text-align: center;\">Hay hombres de perfecta apariencia, completamente seguros de s\u00ed mismos y totalmente seductores.<\/div>\n<div style=\"text-align: center;\"><\/div>\n<div style=\"text-align: center;\">Otros son espont\u00e1neos, juguetones, dispuestos a hacer peque\u00f1as locuras, con riesgos decididamente no calculados.<\/div>\n","protected":false},"excerpt":{"rendered":"<p>Perfume con feromonas. Hay hombres de perfecta apariencia, completamente seguros de s\u00ed mismos y totalmente seductores. Otros son espont\u00e1neos, juguetones, dispuestos a hacer peque\u00f1as locuras, con riesgos decididamente no calculados.<\/p>\n","protected":false},"featured_media":9963,"template":"","meta":[],"product_brand":[],"product_cat":[6,277],"product_tag":[],"class_list":{"0":"post-9962","1":"product","2":"type-product","3":"status-publish","4":"has-post-thumbnail","6":"product_cat-juguetes-accesorios-y-sexshop","7":"product_cat-vigorizantes-feromonas-juegos-y-cotillon","9":"first","10":"instock","11":"shipping-taxable","12":"product-type-simple"},"_links":{"self":[{"href":"https:\/\/sexysiempre.com\/web\/wp-json\/wp\/v2\/product\/9962","targetHints":{"allow":["GET"]}}],"collection":[{"href":"https:\/\/sexysiempre.com\/web\/wp-json\/wp\/v2\/product"}],"about":[{"href":"https:\/\/sexysiempre.com\/web\/wp-json\/wp\/v2\/types\/product"}],"wp:featuredmedia":[{"embeddable":true,"href":"https:\/\/sexysiempre.com\/web\/wp-json\/wp\/v2\/media\/9963"}],"wp:attachment":[{"href":"https:\/\/sexysiempre.com\/web\/wp-json\/wp\/v2\/media?parent=9962"}],"wp:term":[{"taxonomy":"product_brand","embeddable":true,"href":"https:\/\/sexysiempre.com\/web\/wp-json\/wp\/v2\/product_brand?post=9962"},{"taxonomy":"product_cat","embeddable":true,"href":"https:\/\/sexysiempre.com\/web\/wp-json\/wp\/v2\/product_cat?post=9962"},{"taxonomy":"product_tag","embeddable":true,"href":"https:\/\/sexysiempre.com\/web\/wp-json\/wp\/v2\/product_tag?post=9962"}],"curies":[{"name":"wp","href":"https:\/\/api.w.org\/{rel}","templated":true}]}}