{"id":9987,"date":"2022-11-11T21:09:13","date_gmt":"2022-11-12T00:09:13","guid":{"rendered":"https:\/\/sexysiempre.com\/web\/?post_type=product&#038;p=9987"},"modified":"2025-06-21T20:52:27","modified_gmt":"2025-06-21T23:52:27","slug":"ring-iii","status":"publish","type":"product","link":"https:\/\/sexysiempre.com\/web\/producto\/ring-iii","title":{"rendered":"Ring III"},"content":{"rendered":"<p style=\"text-align: center;\">BI-210206-1<\/p>\n<p style=\"text-align: center;\">Anillo doble aro, por el mas grande se pasan los test\u00ecculos y por el mas peque\u00f1o en pene adquiriendo as\u00ec su m\u00e0xima erecci\u00f2n. Las orejas del conejo estimular\u00e0n cl\u00ectoris con sus vibraciones que se extender\u00e0n por ambos genitales. Pretty Love sigue sorprendiendo.<\/p>\n","protected":false},"excerpt":{"rendered":"<p>BI-210206-1 Anillo doble aro, por el mas grande se pasan los test\u00ecculos y por el mas peque\u00f1o en pene adquiriendo as\u00ec su m\u00e0xima erecci\u00f2n. Las orejas del conejo estimular\u00e0n cl\u00ectoris con sus vibraciones que se extender\u00e0n por ambos genitales. Pretty Love sigue sorprendiendo.<\/p>\n","protected":false},"featured_media":9988,"template":"","meta":[],"product_brand":[],"product_cat":[6,31],"product_tag":[],"class_list":{"0":"post-9987","1":"product","2":"type-product","3":"status-publish","4":"has-post-thumbnail","6":"product_cat-juguetes-accesorios-y-sexshop","7":"product_cat-anillos-vibradores","9":"first","10":"outofstock","11":"shipping-taxable","12":"product-type-simple"},"_links":{"self":[{"href":"https:\/\/sexysiempre.com\/web\/wp-json\/wp\/v2\/product\/9987","targetHints":{"allow":["GET"]}}],"collection":[{"href":"https:\/\/sexysiempre.com\/web\/wp-json\/wp\/v2\/product"}],"about":[{"href":"https:\/\/sexysiempre.com\/web\/wp-json\/wp\/v2\/types\/product"}],"wp:featuredmedia":[{"embeddable":true,"href":"https:\/\/sexysiempre.com\/web\/wp-json\/wp\/v2\/media\/9988"}],"wp:attachment":[{"href":"https:\/\/sexysiempre.com\/web\/wp-json\/wp\/v2\/media?parent=9987"}],"wp:term":[{"taxonomy":"product_brand","embeddable":true,"href":"https:\/\/sexysiempre.com\/web\/wp-json\/wp\/v2\/product_brand?post=9987"},{"taxonomy":"product_cat","embeddable":true,"href":"https:\/\/sexysiempre.com\/web\/wp-json\/wp\/v2\/product_cat?post=9987"},{"taxonomy":"product_tag","embeddable":true,"href":"https:\/\/sexysiempre.com\/web\/wp-json\/wp\/v2\/product_tag?post=9987"}],"curies":[{"name":"wp","href":"https:\/\/api.w.org\/{rel}","templated":true}]}}