{"id":9999,"date":"2022-11-11T21:31:45","date_gmt":"2022-11-12T00:31:45","guid":{"rendered":"https:\/\/sexysiempre.com\/web\/?post_type=product&#038;p=9999"},"modified":"2022-11-11T21:31:45","modified_gmt":"2022-11-12T00:31:45","slug":"bolas-chinas-celestes-pretty-love","status":"publish","type":"product","link":"https:\/\/sexysiempre.com\/web\/producto\/bolas-chinas-celestes-pretty-love","title":{"rendered":"Bolas Chinas Celestes, Pretty Love"},"content":{"rendered":"<p style=\"text-align: center;\">BI-014493-1<\/p>\n<p style=\"text-align: center;\">Las Bolas Chinas fortalecen los m\u00f9sculos del sueldo p\u00e8lvico, aumentan la irrigaci\u00f2n sanguinea y mojora la lubricaci\u00f2n natural de la vagina. Estas Bolas chinas en\u00a0 silicona que poseen esferas dentro,\u00a0 que se mueven libremente en el interior y\u00a0 que sacudi\u00e8ndose van fortaleciendo el piso p\u00e8lvico y los m\u00f9sculos de la vagina, ejercitando\u00a0 Kegel. Poseen bolas de peso m\u00e1s peque\u00f1as dentro de las fundas de silicona, y con cada movimiento que hagas, tambi\u00e9n se mover\u00e1n y causar\u00e1n sensaciones de golpes leves casi imperceptibles. Esto no solo se sentir\u00e1 incre\u00edble, sino que sus m\u00fasculos se contraer\u00e1n, lo que le proporcionar\u00e1 un entrenamiento de vagina estimulante como ning\u00fan otro. Peso aproximado 92 grs. medidas aproximadas 17 por 3,5 cm.<\/p>\n","protected":false},"excerpt":{"rendered":"<p>BI-014493-1 Las Bolas Chinas fortalecen los m\u00f9sculos del sueldo p\u00e8lvico, aumentan la irrigaci\u00f2n sanguinea y mojora la lubricaci\u00f2n natural de la vagina. Estas Bolas chinas en\u00a0 silicona que poseen esferas dentro,\u00a0 que se mueven libremente en el interior y\u00a0 que sacudi\u00e8ndose van fortaleciendo el piso p\u00e8lvico y los m\u00f9sculos de la vagina, ejercitando\u00a0 Kegel. Poseen [&hellip;]<\/p>\n","protected":false},"featured_media":10000,"template":"","meta":[],"product_brand":[],"product_cat":[6,32],"product_tag":[],"class_list":{"0":"post-9999","1":"product","2":"type-product","3":"status-publish","4":"has-post-thumbnail","6":"product_cat-juguetes-accesorios-y-sexshop","7":"product_cat-estimuladores-para-ellas","9":"first","10":"instock","11":"shipping-taxable","12":"product-type-simple"},"_links":{"self":[{"href":"https:\/\/sexysiempre.com\/web\/wp-json\/wp\/v2\/product\/9999","targetHints":{"allow":["GET"]}}],"collection":[{"href":"https:\/\/sexysiempre.com\/web\/wp-json\/wp\/v2\/product"}],"about":[{"href":"https:\/\/sexysiempre.com\/web\/wp-json\/wp\/v2\/types\/product"}],"wp:featuredmedia":[{"embeddable":true,"href":"https:\/\/sexysiempre.com\/web\/wp-json\/wp\/v2\/media\/10000"}],"wp:attachment":[{"href":"https:\/\/sexysiempre.com\/web\/wp-json\/wp\/v2\/media?parent=9999"}],"wp:term":[{"taxonomy":"product_brand","embeddable":true,"href":"https:\/\/sexysiempre.com\/web\/wp-json\/wp\/v2\/product_brand?post=9999"},{"taxonomy":"product_cat","embeddable":true,"href":"https:\/\/sexysiempre.com\/web\/wp-json\/wp\/v2\/product_cat?post=9999"},{"taxonomy":"product_tag","embeddable":true,"href":"https:\/\/sexysiempre.com\/web\/wp-json\/wp\/v2\/product_tag?post=9999"}],"curies":[{"name":"wp","href":"https:\/\/api.w.org\/{rel}","templated":true}]}}